

{"id":10785,"date":"2021-07-20T14:38:43","date_gmt":"2021-07-20T13:38:43","guid":{"rendered":"https:\/\/elmactechnologies.com\/flame-arrester-maintenance-guide\/"},"modified":"2021-07-28T14:54:19","modified_gmt":"2021-07-28T13:54:19","slug":"flame-arrester-maintenance-guide","status":"publish","type":"page","link":"https:\/\/elmactechnologies.com\/es\/flame-arrester-maintenance-guide\/","title":{"rendered":"Gu\u00eda de Mantenimiento del Apagallamas"},"content":{"rendered":"\n<h3 class=\"wp-block-heading\">La Comis\u00f3n de Seguridad Qu\u00edmica (CSB) Recomienda:<\/h3>\n\n\n\n<p>Los Apagallamas requieren inspecci\u00f3n y mantenimiento (limpieza) regulares para mantener su funcionalidad. La suciedad y las part\u00edculas peque\u00f1as que se acumulan en el Elemento Apagallamas, los insectos que anidan en el cuerpo y la corrosi\u00f3n pueden degradar el rendimiento.<\/p>\n\n\n\n<div class=\"wp-block-image\"><figure class=\"alignright size-large is-resized\"><img loading=\"lazy\" decoding=\"async\" src=\"https:\/\/elmactechnologies.com\/wp-content\/uploads\/2020\/03\/Service-hero-7b-1024x739.jpg\" alt=\"\" class=\"wp-image-4100\" width=\"446\" height=\"322\" srcset=\"https:\/\/elmactechnologies.com\/wp-content\/uploads\/2020\/03\/Service-hero-7b-1024x739.jpg 1024w, https:\/\/elmactechnologies.com\/wp-content\/uploads\/2020\/03\/Service-hero-7b-300x217.jpg 300w, https:\/\/elmactechnologies.com\/wp-content\/uploads\/2020\/03\/Service-hero-7b-768x554.jpg 768w, https:\/\/elmactechnologies.com\/wp-content\/uploads\/2020\/03\/Service-hero-7b-800x578.jpg 800w, https:\/\/elmactechnologies.com\/wp-content\/uploads\/2020\/03\/Service-hero-7b-400x289.jpg 400w, https:\/\/elmactechnologies.com\/wp-content\/uploads\/2020\/03\/Service-hero-7b.jpg 1600w\" sizes=\"auto, (max-width: 446px) 100vw, 446px\" \/><\/figure><\/div>\n\n\n\n<h3 class=\"wp-block-heading\">Orientaci\u00f3n sobre los Intervalos de Inspecci\u00f3n<\/h3>\n\n\n\n<p>Muchos problemas se pueden identificar f\u00e1cilmente a trav\u00e9s de reg\u00edmenes de inspecci\u00f3n simples, pero con demasiada frecuencia los Apagallamas no reciben mantenimiento con regularidad. Elmac recomienda:<\/p>\n\n\n\n<ul class=\"wp-block-list\"><li>Una primera inspecci\u00f3n 3 meses despu\u00e9s de la puesta en servicio<\/li><li>Se recomienda una inspecci\u00f3n anual como m\u00ednimo, incluso para procesos \u201climpios\u201d<\/li><li>Una inspecci\u00f3n si hay alguna evidencia de explosi\u00f3n<\/li><\/ul>\n\n\n\n<h3 class=\"wp-block-heading\">Pautas de mantenimiento:<\/h3>\n\n\n\n<ul class=\"wp-block-list\"><li>Verifique que el Apagallamas est\u00e9 instalado correctamente. De acuerdo con las condiciones de funcionamiento del Apagallamas?<\/li><li>Aseg\u00farese de que no se hayan realizado modificaciones al Apagallamas sin el consentimiento por escrito del fabricante.<\/li><li>Los Apagallamas da\u00f1ados deben ponerse fuera de servicio y repararse o reemplazarse.<\/li><li>En los Apagallamas solo se pueden utilizar repuestos del fabricante original. Si es obsoleto (es decir, pre-ATEX), ser\u00e1 necesario reemplazar toda la unidad.<\/li><li>Verifique que el Apagallamas est\u00e9 seguro dentro en la tuber\u00eda y que no est\u00e9 sujeto a esfuerzos indebidos.<\/li><li>Todas las aberturas (puertos de drenaje) est\u00e1n bien selladas con accesorios herm\u00e9ticos al gas.<\/li><li>Apriete todos los tornillos al par requerido.<\/li><li>Hacer registros precisos del trabajo realizado.<\/li><\/ul>\n\n\n\n<h3 class=\"wp-block-heading\">Consideraciones de Mantenimiento Comunes Aplicables a todos los Apagallamas:<\/h3>\n\n\n\n<ul class=\"wp-block-list\"><li>Bloqueo del elemento<\/li><li>Corrosi\u00f3n<\/li><li>Da\u00f1os mecanicos<\/li><\/ul>\n\n\n\n<h3 class=\"wp-block-heading\">Mantenimiento de Apagallamas en Plataformas Petrol\u00edferas Offshore<\/h3>\n\n\n\n<p>Tras conversaciones con varios de los principales operadores offshore, Elmac ha descubierto que los Apagallamas, piezas esenciales del equipo de seguridad, a menudo se pasan por alto durante los per\u00edodos de mantenimiento y parada.<\/p>\n\n\n\n<p>Los Apagallamas mal mantenidos, corro\u00eddos o da\u00f1ados pueden no ser capaces de proporcionar la protecci\u00f3n contra explosiones para la que fueron dise\u00f1ados. Algunos de los problemas que hemos visto incluyen:<\/p>\n\n\n\n<ul class=\"wp-block-list\"><li>Apagallamas de acero inoxidable conectados a tuber\u00edas de acero carbono sin kits de aislamiento instalados; esto puede provocar una corrosi\u00f3n galv\u00e1nica severa.<\/li><li>Faltan caperuzas contra la intemperie en el Apagallamas: los elementos pueden terminar gravemente da\u00f1ados y ligeramente separados del cuerpo del Apagallamas. Si se da\u00f1a un Apagallamas, su eficacia para detener una llama se ver\u00e1 afectada y deber\u00e1 reemplazarse.<\/li><li>Apagallamas de acero al carbono que sufren una fuerte corrosi\u00f3n. Los pernos del elemento se pueden fijar firmemente en la unidad, lo que indica que se pasar\u00e1 por alto durante los reg\u00edmenes de mantenimiento planificados.<\/li><li>Apagallamas improvisados instalados en una l\u00ednea de ventilaci\u00f3n donde la secci\u00f3n externa de la l\u00ednea est\u00e1 cargada de incrustaciones en la superficie. No hace falta decir que solo las unidades aprobadas con los \u00faltimos est\u00e1ndares se pueden utilizar como Apagallamas.<\/li><\/ul>\n\n\n\n<div data-wp-interactive=\"core\/file\" class=\"wp-block-file\"><object data-wp-bind--hidden=\"!state.hasPdfPreview\" hidden class=\"wp-block-file__embed\" data=\"https:\/\/elmactechnologies.com\/wp-content\/uploads\/2021\/07\/Flame-Arrester-Maintenance-Guide-Spanish-5.pdf\" type=\"application\/pdf\" style=\"width:100%;height:600px\" aria-label=\"Incrustado de Embed of Gu\u00eda de Mantenimiento del Apagallamas..\"><\/object><a href=\"https:\/\/elmactechnologies.com\/wp-content\/uploads\/2021\/07\/Flame-Arrester-Maintenance-Guide-Spanish-5.pdf\" target=\"_blank\" rel=\"noreferrer noopener\">Gu\u00eda de Mantenimiento del Apagallamas<\/a><a href=\"https:\/\/elmactechnologies.com\/wp-content\/uploads\/2021\/07\/Flame-Arrester-Maintenance-Guide-Spanish-5.pdf\" class=\"wp-block-file__button\" download>Descargar PDF<\/a><\/div>\n","protected":false},"excerpt":{"rendered":"<p>La Comis\u00f3n de Seguridad Qu\u00edmica (CSB) Recomienda: Los Apagallamas requieren inspecci\u00f3n y mantenimiento (limpieza) regulares para mantener su funcionalidad. La suciedad y las part\u00edculas peque\u00f1as que se acumulan en el Elemento Apagallamas, los insectos que anidan en el cuerpo y la corrosi\u00f3n pueden degradar el rendimiento. Orientaci\u00f3n sobre los Intervalos de Inspecci\u00f3n Muchos problemas se [&hellip;]<\/p>\n","protected":false},"author":20,"featured_media":8408,"parent":0,"menu_order":0,"comment_status":"closed","ping_status":"closed","template":"","meta":{"_acf_changed":false,"footnotes":""},"class_list":["post-10785","page","type-page","status-publish","has-post-thumbnail","hentry"],"acf":[],"_links":{"self":[{"href":"https:\/\/elmactechnologies.com\/es\/wp-json\/wp\/v2\/pages\/10785","targetHints":{"allow":["GET"]}}],"collection":[{"href":"https:\/\/elmactechnologies.com\/es\/wp-json\/wp\/v2\/pages"}],"about":[{"href":"https:\/\/elmactechnologies.com\/es\/wp-json\/wp\/v2\/types\/page"}],"author":[{"embeddable":true,"href":"https:\/\/elmactechnologies.com\/es\/wp-json\/wp\/v2\/users\/20"}],"replies":[{"embeddable":true,"href":"https:\/\/elmactechnologies.com\/es\/wp-json\/wp\/v2\/comments?post=10785"}],"version-history":[{"count":5,"href":"https:\/\/elmactechnologies.com\/es\/wp-json\/wp\/v2\/pages\/10785\/revisions"}],"predecessor-version":[{"id":10834,"href":"https:\/\/elmactechnologies.com\/es\/wp-json\/wp\/v2\/pages\/10785\/revisions\/10834"}],"wp:featuredmedia":[{"embeddable":true,"href":"https:\/\/elmactechnologies.com\/es\/wp-json\/wp\/v2\/media\/8408"}],"wp:attachment":[{"href":"https:\/\/elmactechnologies.com\/es\/wp-json\/wp\/v2\/media?parent=10785"}],"curies":[{"name":"wp","href":"https:\/\/api.w.org\/{rel}","templated":true}]}}