

{"id":7442,"date":"2017-11-17T11:11:59","date_gmt":"2017-11-17T11:11:59","guid":{"rendered":"https:\/\/elmactechnologies.com\/about-us\/"},"modified":"2021-01-19T14:11:39","modified_gmt":"2021-01-19T14:11:39","slug":"sobre-nosotros","status":"publish","type":"page","link":"https:\/\/elmactechnologies.com\/es\/sobre-nosotros\/","title":{"rendered":"Sobre Nosotros"},"content":{"rendered":"<p>Con m\u00e1s de 70 a\u00f1os de historia, Elmac ha establecido una reputaci\u00f3n mundial envidiable en el dise\u00f1o, fabricaci\u00f3n y suministro de productos de seguridad cr\u00edticos para procesos.&nbsp;Nuestros innovadores Apagallamas y Equipos de Ventilaci\u00f3n de Baja Presi\u00f3n son utilizados por OEM y operadores exigentes en una amplia gama de sectores industriales que incluyen: petr\u00f3leo y gas, petroqu\u00edmicos, biocombustibles, miner\u00eda, productos farmac\u00e9uticos, generaci\u00f3n de energ\u00eda, agroqu\u00edmicos y destiler\u00edas.<\/p>\n<p>Ubicada en el Reino Unido, con instalaciones comerciales, de fabricaci\u00f3n, de prueba y de dise\u00f1o, Elmac Technologies est\u00e1 desarrollando r\u00e1pidamente una gama completa de Apagallamas de Deflagraci\u00f3n Final de L\u00ednea y mejorados y Apagallamas de Detonaci\u00f3n Inestable En L\u00ednea. Estos dispositivos son adecuados para su uso en los grupos de explosi\u00f3n IIA, IIB3 y IIC despu\u00e9s de haber sido probados rigurosamente de acuerdo con las normas internacionales pertinentes.&nbsp;La gama de productos Elmac tambi\u00e9n incorpora una amplia gama de V\u00e1lvulas y otros equipos de ventilaci\u00f3n de baja presi\u00f3n dise\u00f1ados para cumplir con los requisitos espec\u00edficos del cliente.<\/p>\n","protected":false},"excerpt":{"rendered":"<p>Con m\u00e1s de 70 a\u00f1os de historia, Elmac ha establecido una reputaci\u00f3n mundial envidiable en el dise\u00f1o, fabricaci\u00f3n y suministro de productos de seguridad cr\u00edticos para procesos.&nbsp;Nuestros innovadores Apagallamas y Equipos de Ventilaci\u00f3n de Baja Presi\u00f3n son utilizados por OEM y operadores exigentes en una amplia gama de sectores industriales que incluyen: petr\u00f3leo y gas, [&hellip;]<\/p>\n","protected":false},"author":20,"featured_media":11697,"parent":0,"menu_order":0,"comment_status":"closed","ping_status":"closed","template":"template-static-content.php","meta":{"_acf_changed":false,"footnotes":""},"class_list":["post-7442","page","type-page","status-publish","has-post-thumbnail","hentry"],"acf":[],"_links":{"self":[{"href":"https:\/\/elmactechnologies.com\/es\/wp-json\/wp\/v2\/pages\/7442","targetHints":{"allow":["GET"]}}],"collection":[{"href":"https:\/\/elmactechnologies.com\/es\/wp-json\/wp\/v2\/pages"}],"about":[{"href":"https:\/\/elmactechnologies.com\/es\/wp-json\/wp\/v2\/types\/page"}],"author":[{"embeddable":true,"href":"https:\/\/elmactechnologies.com\/es\/wp-json\/wp\/v2\/users\/20"}],"replies":[{"embeddable":true,"href":"https:\/\/elmactechnologies.com\/es\/wp-json\/wp\/v2\/comments?post=7442"}],"version-history":[{"count":4,"href":"https:\/\/elmactechnologies.com\/es\/wp-json\/wp\/v2\/pages\/7442\/revisions"}],"predecessor-version":[{"id":8856,"href":"https:\/\/elmactechnologies.com\/es\/wp-json\/wp\/v2\/pages\/7442\/revisions\/8856"}],"wp:featuredmedia":[{"embeddable":true,"href":"https:\/\/elmactechnologies.com\/es\/wp-json\/wp\/v2\/media\/11697"}],"wp:attachment":[{"href":"https:\/\/elmactechnologies.com\/es\/wp-json\/wp\/v2\/media?parent=7442"}],"curies":[{"name":"wp","href":"https:\/\/api.w.org\/{rel}","templated":true}]}}