

{"id":7616,"date":"2017-12-07T11:43:46","date_gmt":"2017-12-07T11:43:46","guid":{"rendered":"https:\/\/elmactechnologies.com\/expertise-2\/"},"modified":"2021-01-11T09:33:58","modified_gmt":"2021-01-11T09:33:58","slug":"experiencia","status":"publish","type":"page","link":"https:\/\/elmactechnologies.com\/es\/experiencia\/","title":{"rendered":"Experiencia"},"content":{"rendered":"<p>Elmac es la marca elegida por los ingenieros en el mercado global de Apagallamas y protecci\u00f3n de tanques.<\/p>\n<p>Los tres pilares de nuestra propuesta de valor \u00fanica se centran en las caracter\u00edsticas innovadoras de nuestros productos, los beneficios operativos para nuestros clientes y, por \u00faltimo, pero no menos importante, la experiencia de nuestro equipo t\u00e9cnico, que tiene muchos a\u00f1os de experiencia de primera mano en la industria con habilidades incomparables para la resoluci\u00f3n de problemas.<\/p>\n","protected":false},"excerpt":{"rendered":"<p>Elmac es la marca elegida por los ingenieros en el mercado global de Apagallamas y protecci\u00f3n de tanques. Los tres pilares de nuestra propuesta de valor \u00fanica se centran en las caracter\u00edsticas innovadoras de nuestros productos, los beneficios operativos para nuestros clientes y, por \u00faltimo, pero no menos importante, la experiencia de nuestro equipo t\u00e9cnico, [&hellip;]<\/p>\n","protected":false},"author":20,"featured_media":7618,"parent":0,"menu_order":0,"comment_status":"closed","ping_status":"closed","template":"template-static-content.php","meta":{"_acf_changed":false,"footnotes":""},"class_list":["post-7616","page","type-page","status-publish","has-post-thumbnail","hentry"],"acf":[],"_links":{"self":[{"href":"https:\/\/elmactechnologies.com\/es\/wp-json\/wp\/v2\/pages\/7616","targetHints":{"allow":["GET"]}}],"collection":[{"href":"https:\/\/elmactechnologies.com\/es\/wp-json\/wp\/v2\/pages"}],"about":[{"href":"https:\/\/elmactechnologies.com\/es\/wp-json\/wp\/v2\/types\/page"}],"author":[{"embeddable":true,"href":"https:\/\/elmactechnologies.com\/es\/wp-json\/wp\/v2\/users\/20"}],"replies":[{"embeddable":true,"href":"https:\/\/elmactechnologies.com\/es\/wp-json\/wp\/v2\/comments?post=7616"}],"version-history":[{"count":2,"href":"https:\/\/elmactechnologies.com\/es\/wp-json\/wp\/v2\/pages\/7616\/revisions"}],"predecessor-version":[{"id":7631,"href":"https:\/\/elmactechnologies.com\/es\/wp-json\/wp\/v2\/pages\/7616\/revisions\/7631"}],"wp:featuredmedia":[{"embeddable":true,"href":"https:\/\/elmactechnologies.com\/es\/wp-json\/wp\/v2\/media\/7618"}],"wp:attachment":[{"href":"https:\/\/elmactechnologies.com\/es\/wp-json\/wp\/v2\/media?parent=7616"}],"curies":[{"name":"wp","href":"https:\/\/api.w.org\/{rel}","templated":true}]}}