

{"id":7668,"date":"2017-09-21T09:59:27","date_gmt":"2017-09-21T08:59:27","guid":{"rendered":"https:\/\/elmactechnologies.com\/privacy\/"},"modified":"2021-01-14T09:25:38","modified_gmt":"2021-01-14T09:25:38","slug":"privacidad","status":"publish","type":"page","link":"https:\/\/elmactechnologies.com\/es\/privacidad\/","title":{"rendered":"Privacidad"},"content":{"rendered":"<h5>Elmac Technologies es miembro de The Elmac Group, una organizaci\u00f3n que se compromete a garantizar que su informaci\u00f3n personal est\u00e9 segura y protegida.<\/h5>\n<p>Utilizamos una serie de medidas para salvaguardar cualquier informaci\u00f3n que nos env\u00ede, y queremos que sepa que cada vez que solicitemos sus datos de contacto personales solo los utilizaremos para proporcionarle informaci\u00f3n relevante sobre nuestra organizaci\u00f3n y\/o nuestra capacidad para satisfacer sus necesidades.<\/p>\n<p>Si nos ha facilitado datos personales para acceder a nuestro centro de datos, dicha informaci\u00f3n tambi\u00e9n se conservar\u00e1 de forma segura. Solo divulgaremos dicha informaci\u00f3n si as\u00ed lo solicita la ley o la reglamentaci\u00f3n para asuntos relacionados con la aplicaci\u00f3n de la ley, las acciones legales o la prevenci\u00f3n del fraude. Excepto como se describe, no divulgaremos su informaci\u00f3n personal a terceros a menos que usted haya proporcionado su consentimiento expreso por escrito.<\/p>\n<p>Ocasionalmente, podemos enviarle informaci\u00f3n de empresas asociadas cuidadosamente seleccionadas. Sin embargo, nunca venderemos, intercambiaremos ni alquilaremos su informaci\u00f3n a otras organizaciones.<\/p>\n<h5>LOS DATOS QUE RECOPILAMOS COMPRENDEN:<\/h5>\n<ul>\n<li>La informaci\u00f3n que nos proporciona para que le proporcionemos los detalles del producto y las especificaciones con el fin de satisfacer sus pedidos y solicitudes de servicio espec\u00edficas.<\/li>\n<li>Informaci\u00f3n an\u00f3nima sobre su uso de nuestro sitio web que podr\u00eda incluir: las p\u00e1ginas que visit\u00f3, el tipo de navegador que utiliz\u00f3 y cualquier archivo que haya descargado de nuestro Centro de Datos. Utilizamos esta informaci\u00f3n para mejorar continuamente la calidad de la informaci\u00f3n que proporcionamos y para mejorar la usabilidad de nuestro sitio web.<\/li>\n<\/ul>\n<h5>LA INFORMACI\u00d3N PERSONAL QUE NOS PROPORCIONE NOS PERMITIR\u00c1:<\/h5>\n<ul>\n<li>Ayudar a entregar informaci\u00f3n, servicios y soporte de productos<\/li>\n<li>Enviarle informaci\u00f3n como actualizaciones de productos y seguridad, materiales promocionales y encuestas a clientes, etc., y<\/li>\n<li>Desarrollar a\u00fan m\u00e1s nuestros productos y servicios<\/li>\n<\/ul>\n<h5>ACTUALIZAR O ELIMINAR SU INFORMACI\u00d3N PERSONAL<\/h5>\n<p>En cualquier momento puede indicarnos que dejemos de ponernos en contacto con usted por tel\u00e9fono, correo postal o medios electr\u00f3nicos y tambi\u00e9n que eliminemos cualquier informaci\u00f3n personal que el Grupo Elmac tenga sobre usted. Tambi\u00e9n puede solicitarnos que corrijamos o actualicemos su informaci\u00f3n personal.<\/p>\n<p>Para comprobar sus datos de contacto, actualizarlos o cancelar la suscripci\u00f3n para recibir comunicaciones de las empresas del Elmac Group, env\u00ede un correo electr\u00f3nico info@elmactechnologies.com o ll\u00e1menos al +44 1352 717667. Para ponerse en contacto con nosotros con respecto a cualquier problema de privacidad, env\u00ede un correo electr\u00f3nico webmaster@elmactechnologies.com.<\/p>\n<h5>NUESTRO USO DE COOKIES<\/h5>\n<p>Las cookies son peque\u00f1os archivos de texto que los sitios web que visita colocan en su ordenador. Son ampliamente utilizados con el fin de hacer que los sitios web funcionen, o funcionen de manera m\u00e1s eficiente, as\u00ed como para proporcionar informaci\u00f3n a los propietarios del sitio. La mayor\u00eda de los navegadores web permiten cierto control de la mayor\u00eda de las cookies a trav\u00e9s de la configuraci\u00f3n del navegador.<\/p>\n<p>Para obtener m\u00e1s informaci\u00f3n sobre las cookies, incluido c\u00f3mo ver qu\u00e9 cookies se han configurado y c\u00f3mo gestionarlas y eliminarlas, visite\u00a0<a class=\"t_underline\" href=\"https:\/\/ssl.microsofttranslator.com\/bv.aspx?ref=TAns&amp;from=&amp;to=es&amp;a=www.allaboutcookies.org\" target=\"_blank\" rel=\"noopener\" data-bm=\"53\">www.allaboutcookies.org<\/a>\u00a0La siguiente informaci\u00f3n enumera las cookies utilizadas en\u00a0<a class=\"t_underline\" href=\"https:\/\/ssl.microsofttranslator.com\/bv.aspx?ref=TAns&amp;from=&amp;to=es&amp;a=www.elmactechnologies.com\" target=\"_blank\" rel=\"noopener\" data-bm=\"54\">www.elmactechnologies.com<\/a>\u00a0y explica cu\u00e1les son.<\/p>\n<p>__utma<\/p>\n<p>Contenido t\u00edpico: n\u00famero generado aleatoriamente.<br \/>\nCaduca: 2 a\u00f1os<\/p>\n<p>__utmb<\/p>\n<p>Contenido t\u00edpico: n\u00famero generado aleatoriamente.<br \/>\nCaduca: 30 minutos<\/p>\n<p>__utmc<\/p>\n<p>Contenido t\u00edpico: n\u00famero generado aleatoriamente.<br \/>\nCaduca: Cuando el usuario sale del navegador<\/p>\n<p>__utmz<\/p>\n<p>Contenido t\u00edpico: N\u00famero generado aleatoriamente + informaci\u00f3n sobre c\u00f3mo se alcanz\u00f3 el sitio (por ejemplo, directamente o a trav\u00e9s de un enlace, b\u00fasqueda org\u00e1nica o b\u00fasqueda de pago).<br \/>\nCaduca: 6 meses<\/p>\n<p>Siga este enlace para obtener una visi\u00f3n general de la privacidad en Google: <a class=\"t_underline\" href=\"https:\/\/ssl.microsofttranslator.com\/bv.aspx?ref=TAns&amp;from=&amp;to=es&amp;a=http%3A%2F%2Fwww.google.co.uk%2Fintl%2Fen%2Fanalytics%2Fprivacyoverview.htmlGoogle\" target=\"_blank\" rel=\"noopener\">http:\/\/www.google.co.uk\/intl\/en\/analytics\/privacyoverview.htmlGoogle<\/a>\u00a0cookies de Analytics se utilizan para recopilar informaci\u00f3n sobre c\u00f3mo los visitantes utilizan nuestro sitio. Utilizamos la informaci\u00f3n para compilar informes y ayudarnos a mejorar el sitio. Las cookies recopilan informaci\u00f3n de forma an\u00f3nima, incluyendo el n\u00famero de visitantes al sitio, desde donde los visitantes han llegado al sitio y las p\u00e1ginas que visitaron en este sitio.<\/p>\n<p>Para optar por no ser rastreado por Google Analytics en todos los sitios web, visite\u00a0<a class=\"t_underline\" href=\"https:\/\/ssl.microsofttranslator.com\/bv.aspx?ref=TAns&amp;from=&amp;to=es&amp;a=http%3A%2F%2Ftools.google.com%2Fdlpage%2Fgaoptout\" target=\"_blank\" rel=\"noopener\">http:\/\/tools.google.com\/dlpage\/gaoptout<\/a><\/p>\n<h5>ENLACES DE TERCEROS<\/h5>\n<p>Sin embargo, nos gustar\u00eda se\u00f1alar que no podemos ser responsables de las pr\u00e1cticas de privacidad o el contenido de los sitios web de terceros que puedan estar vinculados a nuestros sitios web del Grupo.<\/p>\n<h5>CONTENIDO<\/h5>\n<p>Todo el contenido del sitio web de Elmac Technologies est\u00e1 protegido por derechos de autor como una obra colectiva bajo la ley del Reino Unido y es propiedad del Grupo Elmac.<\/p>\n<h5>INDEMNIZACI\u00d3N<\/h5>\n<p>Al utilizar este sitio web, usted acepta indemnizar, defender y eximir de responsabilidad, al Grupo Elmac, a sus empresas, directivos, directores, empleados, agentes y proveedores de y contra todas las reclamaciones, p\u00e9rdidas, gastos, da\u00f1os y costes, incluidos, entre otros, todos los honorarios legales razonables que surjan o se relacione de alguna manera con su uso de los sitios web de Elmac Group.<\/p>\n<p>P\u00f3ngase en contacto con su representante de Elmac Technologies o Elmac Group si tiene alguna pregunta con respecto a esta declaraci\u00f3n de privacidad. Por favor, tambi\u00e9n vuelva a esta p\u00e1gina peri\u00f3dicamente, ya que nuestra pol\u00edtica de privacidad puede cambiar ocasionalmente.<\/p>\n","protected":false},"excerpt":{"rendered":"<p>Elmac Technologies es miembro de The Elmac Group, una organizaci\u00f3n que se compromete a garantizar que su informaci\u00f3n personal est\u00e9 segura y protegida. Utilizamos una serie de medidas para salvaguardar cualquier informaci\u00f3n que nos env\u00ede, y queremos que sepa que cada vez que solicitemos sus datos de contacto personales solo los utilizaremos para proporcionarle informaci\u00f3n [&hellip;]<\/p>\n","protected":false},"author":20,"featured_media":0,"parent":0,"menu_order":0,"comment_status":"closed","ping_status":"closed","template":"","meta":{"_acf_changed":false,"footnotes":""},"class_list":["post-7668","page","type-page","status-publish","hentry"],"acf":[],"_links":{"self":[{"href":"https:\/\/elmactechnologies.com\/es\/wp-json\/wp\/v2\/pages\/7668","targetHints":{"allow":["GET"]}}],"collection":[{"href":"https:\/\/elmactechnologies.com\/es\/wp-json\/wp\/v2\/pages"}],"about":[{"href":"https:\/\/elmactechnologies.com\/es\/wp-json\/wp\/v2\/types\/page"}],"author":[{"embeddable":true,"href":"https:\/\/elmactechnologies.com\/es\/wp-json\/wp\/v2\/users\/20"}],"replies":[{"embeddable":true,"href":"https:\/\/elmactechnologies.com\/es\/wp-json\/wp\/v2\/comments?post=7668"}],"version-history":[{"count":1,"href":"https:\/\/elmactechnologies.com\/es\/wp-json\/wp\/v2\/pages\/7668\/revisions"}],"predecessor-version":[{"id":7670,"href":"https:\/\/elmactechnologies.com\/es\/wp-json\/wp\/v2\/pages\/7668\/revisions\/7670"}],"wp:attachment":[{"href":"https:\/\/elmactechnologies.com\/es\/wp-json\/wp\/v2\/media?parent=7668"}],"curies":[{"name":"wp","href":"https:\/\/api.w.org\/{rel}","templated":true}]}}