

{"id":7671,"date":"2020-03-17T10:59:01","date_gmt":"2020-03-17T10:59:01","guid":{"rendered":"https:\/\/elmactechnologies.com\/services\/"},"modified":"2021-07-30T14:24:59","modified_gmt":"2021-07-30T13:24:59","slug":"servicios","status":"publish","type":"page","link":"https:\/\/elmactechnologies.com\/es\/servicios\/","title":{"rendered":"Servicios"},"content":{"rendered":"<p>Los Apagallamas desempe\u00f1an un papel fundamental para ayudar a proteger a las personas, la propiedad y el medio ambiente de los da\u00f1os causados \u200b\u200bpor explosiones o la ignici\u00f3n de gases inflamables.&nbsp;Sin embargo, para que el equipo funcione de manera eficaz, se requiere un programa de inspecci\u00f3n y mantenimiento regulares para garantizar que los&nbsp;<a href=\"https:\/\/elmactechnologies.com\/what-is-a-flame-arrester-guide\/\">parallamas<\/a>&nbsp;funcionen con eficacia.&nbsp;La falta de inspecci\u00f3n y mantenimiento regulares de los productos crea un riesgo potencial de explosi\u00f3n.<\/p>\n<p>Por tanto, es importante asegurarse de que los productos est\u00e9n correctamente instalados y especificados para las condiciones de operaci\u00f3n en las que se utilizar\u00e1n.&nbsp;Los productos deben mantenerse en buenas condiciones, sin evidencia de da\u00f1os mec\u00e1nicos, corrosi\u00f3n o bloqueos, cualquiera o todos los cuales podr\u00edan comprometer su desempe\u00f1o.<\/p>\n<p style=\"background-color: #ee7601; border: 1px white solid; padding: 10px;\">Registre su producto con Elmac Technologies para recibir descuentos exclusivos en futuros pedidos de repuestos y <strong> participe en nuestro sorteo de premios para ganar un iPad Pro antes del 31 de diciembre de 2021 <\/strong> (se aplican los t\u00e9rminos y condiciones). El formulario tardar\u00e1 aproximadamente 2 minutos en completarse.<br \/>\n<a class=\"ghost-button blue-ghost-button\" style=\"margin-top: 20px; margin-bottom: 20px; border: 1px solid white; background-color: #0059aa;\" href=\"https:\/\/forms.office.com\/pages\/responsepage.aspx?id=1E-Qn5KlmEaiicjgm2im6H_EFp8NcOxPqrwtRWZw8-pURUI0RTBZOFcwNkFIODNJUk9ZR0NFREFBNC4u\" target=\"_blank\" rel=\"noopener\">Registrar aqu\u00ed <i class=\"fa fa-angle-right\"><\/i><\/a><\/p>\n<style>\n.copy .blue-ghost-button:hover {<br \/>\nbackground-color:white !important;<br \/>\ncolor:#0059aa !important;<br \/>\n}<br \/>\n<\/style>\n","protected":false},"excerpt":{"rendered":"<p>Los Apagallamas desempe\u00f1an un papel fundamental para ayudar a proteger a las personas, la propiedad y el medio ambiente de los da\u00f1os causados \u200b\u200bpor explosiones o la ignici\u00f3n de gases inflamables.&nbsp;Sin embargo, para que el equipo funcione de manera eficaz, se requiere un programa de inspecci\u00f3n y mantenimiento regulares para garantizar que los&nbsp;parallamas&nbsp;funcionen con eficacia.&nbsp;La [&hellip;]<\/p>\n","protected":false},"author":20,"featured_media":10487,"parent":0,"menu_order":0,"comment_status":"closed","ping_status":"closed","template":"template-static-content.php","meta":{"_acf_changed":false,"footnotes":""},"class_list":["post-7671","page","type-page","status-publish","has-post-thumbnail","hentry"],"acf":[],"_links":{"self":[{"href":"https:\/\/elmactechnologies.com\/es\/wp-json\/wp\/v2\/pages\/7671","targetHints":{"allow":["GET"]}}],"collection":[{"href":"https:\/\/elmactechnologies.com\/es\/wp-json\/wp\/v2\/pages"}],"about":[{"href":"https:\/\/elmactechnologies.com\/es\/wp-json\/wp\/v2\/types\/page"}],"author":[{"embeddable":true,"href":"https:\/\/elmactechnologies.com\/es\/wp-json\/wp\/v2\/users\/20"}],"replies":[{"embeddable":true,"href":"https:\/\/elmactechnologies.com\/es\/wp-json\/wp\/v2\/comments?post=7671"}],"version-history":[{"count":9,"href":"https:\/\/elmactechnologies.com\/es\/wp-json\/wp\/v2\/pages\/7671\/revisions"}],"predecessor-version":[{"id":10953,"href":"https:\/\/elmactechnologies.com\/es\/wp-json\/wp\/v2\/pages\/7671\/revisions\/10953"}],"wp:featuredmedia":[{"embeddable":true,"href":"https:\/\/elmactechnologies.com\/es\/wp-json\/wp\/v2\/media\/10487"}],"wp:attachment":[{"href":"https:\/\/elmactechnologies.com\/es\/wp-json\/wp\/v2\/media?parent=7671"}],"curies":[{"name":"wp","href":"https:\/\/api.w.org\/{rel}","templated":true}]}}