

{"id":7689,"date":"2017-09-21T09:59:20","date_gmt":"2017-09-21T08:59:20","guid":{"rendered":"https:\/\/elmactechnologies.com\/terms-conditions\/"},"modified":"2021-01-14T09:43:06","modified_gmt":"2021-01-14T09:43:06","slug":"terminos-y-condiciones","status":"publish","type":"page","link":"https:\/\/elmactechnologies.com\/es\/terminos-y-condiciones\/","title":{"rendered":"T\u00e9rminos y Vondiciones"},"content":{"rendered":"<p><strong>Cumplimiento Legal<\/strong><\/p>\n<p>A menos que se indique lo contrario, Elmac Technologies es el controlador de datos con respecto a todos los datos personales recopilados por nosotros en este sitio web o de otro modo.\u00a0 Esto significa que somos responsables de garantizar que lo hagamos en pleno cumplimiento de la Ley de Protecci\u00f3n de Datos de 1998 (que ser\u00e1 sustituido por el Reglamento General de Protecci\u00f3n de Datos cuando entre en vigor en mayo de 2018), todas las dem\u00e1s leyes de privacidad relacionadas y cualquier c\u00f3digo de pr\u00e1ctica emitido por el Comisionado de Informaci\u00f3n.<\/p>\n<p>DATOS PERSONALES QUE RECOPILAMOS Y SUS FUENTES<\/p>\n<p>Normalmente recopilamos la siguiente informaci\u00f3n:<\/p>\n<ul>\n<li>su nombre y datos de contacto<\/li>\n<li>informaci\u00f3n de las redes sociales<\/li>\n<li>detalles de los bienes o servicios que ha pedido o en los que ha expresado su inter\u00e9s<\/li>\n<li>detalles de cualquier consulta o solicitud de informaci\u00f3n que haya realizado<\/li>\n<li>detalles de los boletines informativos a los que se ha suscrito<\/li>\n<li>cuando proceda, los datos de la tarjeta de pago u otra informaci\u00f3n de pago aplicable<\/li>\n<\/ul>\n<p><strong>Fuentes<\/strong><\/p>\n<p>Obtenemos datos personales:<\/p>\n<ul>\n<li>directamente de usted, como cuando se registra para cualquiera de nuestros servicios, nos env\u00eda correos electr\u00f3nicos, [contribuir a nuestros blogs y foros] [, asistir a cualquiera de nuestros eventos]<\/li>\n<li>de otra organizaci\u00f3n, por ejemplo, donde recibe informaci\u00f3n o servicios de uno de nuestros proveedores [(haga clic aqu\u00ed para ver nuestro Directorio de proveedores)]. Estas organizaciones pueden compartir sus datos personales con nosotros si usted les permite hacerlo<\/li>\n<li>desde sitios de redes sociales o aplicaciones. Si su configuraci\u00f3n y preferencias lo permiten, podemos obtener informaci\u00f3n (incluidos datos personales) de servicios de redes sociales como Facebook y LinkedIn<\/li>\n<li>de fuentes disponibles al p\u00fablico, como Companies House.<\/li>\n<\/ul>\n<p><strong>Direcciones IP y otra informaci\u00f3n del dispositivo<\/strong><\/p>\n<p>Con el fin de comprender c\u00f3mo los usuarios utilizan este sitio web y nuestros servicios, podemos recopilar informaci\u00f3n como detalles del navegador que utiliz\u00f3, su sistema operativo, el sitio web que visit\u00f3 inmediatamente antes de visitar nuestro sitio web y sus direcciones de protocolo de Internet (tambi\u00e9n conocidas como direcciones IP).\u00a0 Su direcci\u00f3n IP es una direcci\u00f3n \u00fanica que los dispositivos inform\u00e1ticos (como PC, tabletas y tel\u00e9fonos inteligentes) utilizan para identificarse y para comunicarse con otros dispositivos de la red.<\/p>\n<p>Utilizamos esta informaci\u00f3n para analizar c\u00f3mo se accede y utiliza nuestro sitio para que mejoremos nuestro servicio y lo hagamos relevante para usted.<\/p>\n<p><strong>Galletas<\/strong><\/p>\n<p>En com\u00fan con muchos otros operadores de sitios web, podemos utilizar tecnolog\u00eda est\u00e1ndar llamada \u00abcookies\u00bb en este sitio web. Las cookies son peque\u00f1os fragmentos de informaci\u00f3n que su navegador almacena en el disco duro de su ordenador y se utilizan para registrar c\u00f3mo navega por este sitio web en cada visita.<\/p>\n<p>Nuestras cookies se utilizan para permitirnos desarrollar nuestro sitio web y permitirle navegar correctamente por \u00e9l. Utilizamos cookies para recopilar informaci\u00f3n personal que nos permita comprender los intereses de nuestros visitantes y al observar qui\u00e9n ha visto qu\u00e9 p\u00e1ginas y anuncios (incluyendo cualquier \u00abclic a trav\u00e9s\u00bb de correos electr\u00f3nicos), con qu\u00e9 frecuencia se visitan p\u00e1ginas particulares y para permitirnos determinar las \u00e1reas m\u00e1s populares de nuestro sitio web. Podemos utilizar cookies para enriquecer su experiencia de uso del Sitio Web permiti\u00e9ndonos adaptar lo que ve y la informaci\u00f3n que recibe donde ha aceptado hacerlo (consulte \u00abInvitaciones, boletines informativos y oportunidades\u00bb a continuaci\u00f3n) a lo que hemos aprendido sobre sus preferencias durante sus visitas a nuestro sitio web. A veces podemos utilizar servicios de terceros y pueden utilizar cookies en nuestro nombre con el fin de proporcionar sus servicios.<\/p>\n<p>Las cookies que utilizamos en este sitio web se muestran a continuaci\u00f3n:<\/p>\n<table width=\"100%\">\n<tbody>\n<tr>\n<td width=\"153\">Nombre de la cookie<\/td>\n<td width=\"90\">Tipo de cookie<\/td>\n<td width=\"252\">Finalidad de la cookie<\/td>\n<\/tr>\n<tr>\n<td width=\"153\">_ga<\/td>\n<td width=\"90\">Terceros<\/td>\n<td width=\"252\">Analizar el tr\u00e1fico del sitio web mediante un paquete de an\u00e1lisis. Los datos de uso agregados nos ayudan a mejorar la estructura, el dise\u00f1o, el contenido y las funciones del sitio web. Se utiliza para distinguir a los usuarios y tiene una expiraci\u00f3n de 2 a\u00f1os.<\/td>\n<\/tr>\n<tr>\n<td width=\"153\">_gid<\/td>\n<td width=\"90\">Terceros<\/td>\n<td width=\"252\">Analizar el tr\u00e1fico del sitio web mediante un paquete de an\u00e1lisis. Los datos de uso agregados nos ayudan a mejorar la estructura, el dise\u00f1o, el contenido y las funciones del sitio web. Se utiliza para distinguir a los usuarios y tiene una expiraci\u00f3n de 24 horas.<\/td>\n<\/tr>\n<tr>\n<td width=\"153\"><em>_gat_<\/em>gtag<\/td>\n<td width=\"90\">Terceros<\/td>\n<td width=\"252\">Analizar el tr\u00e1fico del sitio web mediante un paquete de an\u00e1lisis. Los datos de uso agregados nos ayudan a mejorar la estructura, el dise\u00f1o, el contenido y las funciones del sitio web. Se utiliza para limitar las solicitudes y tiene una expiraci\u00f3n de 10 minutos<\/td>\n<\/tr>\n<tr>\n<td width=\"153\"><em>wordpress<\/em><\/td>\n<td width=\"90\">Sesi\u00f3n<\/td>\n<td width=\"252\">Se utiliza para almacenar los detalles de autenticaci\u00f3n cuando se inicia sesi\u00f3n. Su uso se limita al \u00e1rea de la consola de administraci\u00f3n<\/td>\n<\/tr>\n<tr>\n<td width=\"153\"><em>WordPress_logged_in_<\/em><\/td>\n<td width=\"90\">Sesi\u00f3n<\/td>\n<td width=\"252\">Indica cu\u00e1ndo ha iniciado sesi\u00f3n y qui\u00e9n es.<\/td>\n<\/tr>\n<tr>\n<td width=\"153\"><em>Wp-settings-{time}-[UID]<\/em><\/td>\n<td width=\"90\">Sesi\u00f3n<\/td>\n<td width=\"252\">Esto se utiliza para personalizar la vista de la interfaz de administraci\u00f3n, y posiblemente tambi\u00e9n la interfaz del sitio principal si ha iniciado sesi\u00f3n.<\/td>\n<\/tr>\n<\/tbody>\n<\/table>\n<p>Tambi\u00e9n puede recibir cookies (incluidas las cookies Flash) de nuestros proveedores y anunciantes si hace clic en sus enlaces o anuncios. Adem\u00e1s, algunas de nuestras p\u00e1ginas pueden contener contenido incrustado, como v\u00eddeos de YouTube o un recurso compartido de Google Plus, y es posible que reciba cookies de estos sitios. Estas cookies no est\u00e1n bajo nuestro control y usted debe comprobar sus pol\u00edticas de privacidad y seguridad para entender c\u00f3mo las utilizan.<\/p>\n<p><strong>Evitar el uso de cookies\u00a0<\/strong><\/p>\n<p>La mayor\u00eda de los navegadores aceptan autom\u00e1ticamente las cookies, pero normalmente puede cambiar su navegador para evitar que se almacenen cookies. Con experiencia, por lo general puede optar por desactivar todas las cookies o permitir que solo determinados sitios de \u00abconfianza\u00bb coloquen cookies.<\/p>\n<p>Para obtener m\u00e1s informaci\u00f3n sobre las cookies y las cookies Flash y c\u00f3mo desactivarlas, consulte el sitio web del Comisionado de Informaci\u00f3n en\u00a0<a class=\"t_underline\" href=\"https:\/\/ssl.microsofttranslator.com\/bv.aspx?ref=TAns&amp;from=&amp;to=es&amp;a=www.ico.org.uk\" target=\"_blank\" rel=\"noopener\" data-bm=\"62\">www.ico.org.uk<\/a>\u00a0o visite\u00a0<a class=\"t_underline\" href=\"https:\/\/ssl.microsofttranslator.com\/bv.aspx?ref=TAns&amp;from=&amp;to=es&amp;a=www.allaboutcookies.org%2F\" target=\"_blank\" rel=\"noopener\" data-bm=\"63\">www.allaboutcookies.org\/<\/a>\u00a0o www.aboutcookies.org.<\/p>\n<p>TENGA EN CUENTA QUE, SI DESACTIVA LAS COOKIES, ESTO LIMITAR\u00c1 EL SERVICIO QUE PODEMOS PROPORCIONARLE Y PUEDE AFECTAR A SU EXPERIENCIA DE USUARIO<\/p>\n<p>C\u00d3MO USAREMOS SUS DATOS PERSONALES<\/p>\n<p>Todos los datos personales que obtengamos sobre usted ser\u00e1n registrados, utilizados y protegidos por nosotros de acuerdo con la ley de protecci\u00f3n de datos vigente y esta Pol\u00edtica de privacidad. \u00a0\u00a0Utilizaremos principalmente los datos personales para los siguientes fines:<\/p>\n<ul>\n<li>Proporcionar los bienes y servicios que solicite (incluidos boletines informativos) y comunicarse con usted en caso de que alguno de ellos no est\u00e9 disponible o si hay una consulta o problema con su solicitud<\/li>\n<li>investigaci\u00f3n de mercado. Llevar a cabo estudios de mercado para que podamos mejorar los bienes y servicios que ofrecemos<\/li>\n<li>Crear un perfil individual para usted que incluya el an\u00e1lisis de informaci\u00f3n demogr\u00e1fica y geogr\u00e1fica para que podamos mejorar su experiencia y relaci\u00f3n con nosotros, comprender y respetar sus preferencias y proporcionar informaci\u00f3n y detalles de otras iniciativas en las que haya aceptado recibirlas<\/li>\n<\/ul>\n<p><strong>Consentimiento y tratamiento l\u00edcito de los datos personales<\/strong><\/p>\n<p>La base legal para la recopilaci\u00f3n y el uso de sus datos personales es que usted ha dado su consentimiento y\/o que es de nuestro inter\u00e9s leg\u00edtimo hacerlo con el fin de facilitar la administraci\u00f3n, la investigaci\u00f3n de mercado y la elaboraci\u00f3n de perfiles y sus derechos y libertades no se ven perjudicados por esto.<\/p>\n<p><strong>Divulgaci\u00f3n de sus datos personales<\/strong><\/p>\n<p>No vendemos datos personales, pero, sin embargo, si solicita informaci\u00f3n, productos o servicios que sean de uno de nuestros proveedores (consulte nuestro Directorio de proveedores) o socios (consulte nuestra Lista de socios), compartiremos sus datos con ellos para que puedan atender su solicitud. Actualizamos el Directorio de Proveedores y la Lista de Socios con regularidad y podr\u00e1 ver la versi\u00f3n m\u00e1s actualizada en nuestros sitios web.<\/p>\n<p>Con el fin de operar nuestro sitio web y proporcionar nuestros productos y servicios, podemos, ocasionalmente, nombrar otras organizaciones para llevar a cabo algunas de las actividades de procesamiento en nuestro nombre. Estos pueden incluir, por ejemplo, hosts tecnol\u00f3gicos y servicios de distribuci\u00f3n de correo electr\u00f3nico. \u00a0En estas circunstancias, nos aseguraremos de que sus datos personales est\u00e9n debidamente protegidos y que solo se utilicen de acuerdo con esta Pol\u00edtica de privacidad.<\/p>\n<p><strong>Venta u otra disposici\u00f3n de nuestro negocio<\/strong><\/p>\n<p>Si, por cualquier motivo, nos deshacemos de cualquier parte de nuestro negocio, podemos transferir cualquier registro (que pueda incluir sus datos personales) al nuevo propietario.<\/p>\n<p>INVITACIONES, NEWSLETTERS y OPORTUNIDADES<\/p>\n<p>La Compa\u00f1\u00eda, nuestros Proveedores y nuestros Socios desean ponerse en contacto con usted sobre productos, servicios y una serie de otras iniciativas.\u00a0 Puede elegir c\u00f3mo recibirlos en el formulario del sitio web que completa.\u00a0\u00a0 Los detalles de c\u00f3mo inscribirse o optar por no recibir informaci\u00f3n se encuentran en las p\u00e1ginas relevantes de este sitio web y\/o en el mensaje que recibe.<\/p>\n<p>Por lo general, trataremos de adaptar las comunicaciones que le enviamos para que sean relevantes y en l\u00ednea con las opciones de preferencia que ha elegido que forman parte del perfil personal que crearemos para usted.<\/p>\n<p><strong>Preferencias \/ Suscribirse \/ Cancelar suscripci\u00f3n<\/strong><\/p>\n<p>Puede cambiar de opini\u00f3n sobre si desea recibir informaci\u00f3n en cualquier momento y puede informarnos de sus preferencias en un correo electr\u00f3nico a information@elmactech.com o siguiendo las instrucciones con cada comunicaci\u00f3n que reciba.<\/p>\n<p>Tenga en cuenta que los cambios pueden tardar hasta un mes en implementarse y en que las comunicaciones cesen.<\/p>\n<p>SEGURIDAD DE DATOS<\/p>\n<p>Nos tomamos muy en serio la seguridad de los datos personales.\u00a0 Empleamos tecnolog\u00eda de seguridad, incluidos cortafuegos, y cifrado para proteger los datos personales y disponemos de procedimientos para garantizar que nuestros sistemas y bases de datos est\u00e9n protegidos contra la divulgaci\u00f3n, el uso, la p\u00e9rdida y los da\u00f1os no autorizados.<\/p>\n<p>Solo utilizamos proveedores de servicios externos cuando estamos convencidos de que la seguridad que proporcionan para sus datos personales es al menos tan estricta como nosotros mismos.<\/p>\n<p>RETENCI\u00d3N DE DATOS<\/p>\n<p>Normalmente conservaremos sus datos personales durante 6 a\u00f1os despu\u00e9s de su \u00faltima interacci\u00f3n con nosotros o con nuestro sitio web.\u00a0 Si consideramos que usted ya no es un usuario activo de nuestro sitio web o nuestros servicios, podemos eliminar sus datos personales antes de esto.<\/p>\n<p>Esperamos ponerse en contacto con usted al menos cada dos a\u00f1os para asegurarse de que todav\u00eda est\u00e1 feliz de saber de nosotros de acuerdo con las preferencias que nos ha proporcionado.<\/p>\n<p>TRANSFERENCIA DE SUS DATOS PERSONALES FUERA DE EUROPA<\/p>\n<p>Para proporcionarle nuestros servicios, transferimos datos personales a [nuestro proveedor de servicios de confianza en [especificar d\u00f3nde]]. \u00a0Hemos tomado las medidas adecuadas para garantizar que est\u00e9 protegido de acuerdo con esta Pol\u00edtica de privacidad y las leyes de privacidad aplicables.<\/p>\n<p>[Algunos de nuestros proveedores y socios se encuentran en regiones fuera de Europa (nuestro Directorio de proveedores y lista de socios muestran la regi\u00f3n mundial para cada uno de ellos).\u00a0\u00a0 Si acepta que proporcionemos sus datos a nuestros Proveedores o Socios, sus datos pueden transferirse al correspondiente para satisfacer sus requisitos.<\/p>\n<p>CAMBIOS A ESTA POL\u00cdTICA DE PRIVACIDAD<\/p>\n<p>Las leyes y la pr\u00e1ctica de privacidad est\u00e1n en constante desarrollo y nuestro objetivo es cumplir con altos est\u00e1ndares.\u00a0 Por lo tanto, nuestras pol\u00edticas y procedimientos se est\u00e1n revisando continuamente. Es posible que, de vez en cuando, actualicemos nuestras pol\u00edticas de seguridad y privacidad.\u00a0 Si queremos realizar cambios significativos en la forma en que utilizaremos sus datos personales, nos contactaremos directamente con usted y, si es necesario, solicitaremos su consentimiento.<\/p>\n<p>Nos aseguraremos de que nuestro sitio web tenga nuestra pol\u00edtica m\u00e1s actualizada y le sugerimos que revise esta p\u00e1gina peri\u00f3dicamente para revisar nuestra \u00faltima versi\u00f3n.<\/p>\n<p>ACTUALIZACI\u00d3N Y CORREGIR DATOS PERSONALES<\/p>\n<p>Puede actualizar o corregir sus datos personales usted mismo en l\u00ednea en [l], o puede ponerse en contacto con nosotros y solicitarnos que lo hagamos por usted (consulte la secci\u00f3n \u00abC\u00f3mo ponerse en contacto con nosotros\u00bb a continuaci\u00f3n). Incluya su nombre y\/o direcci\u00f3n de correo electr\u00f3nico cuando se ponga en contacto con nosotros, ya que esto nos ayuda a asegurarnos de que aceptamos modificaciones solo de la persona correcta.<\/p>\n<p>Le recomendamos que actualice r\u00e1pidamente sus datos personales si cambian.\u00a0 Si proporciona actualizaciones o correcciones sobre otra persona, es posible que le solicitemos que nos proporcione una prueba de que est\u00e1 autorizado a proporcionarnos esa informaci\u00f3n.<\/p>\n<p>SUS DERECHOS<\/p>\n<p>Usted tiene una serie de derechos legales con respecto a sus datos personales.\u00a0 Estos incluyen:<\/p>\n<ul>\n<li>El derecho a recibir una copia de los datos personales que tenemos sobre usted. Requerimos una prueba de identidad y una prueba de autoridad si la solicitud proviene de alguien que no sea la persona cuyos datos se nos pide que proporcionemos.\u00a0 Esto garantizar\u00e1 que solo proporcionemos informaci\u00f3n a la persona correcta.\u00a0 Normalmente esperamos responder a las solicitudes dentro de los 28 d\u00edas de recibirlas.<\/li>\n<li>retirar el consentimiento para la comercializaci\u00f3n directa. Puede ejercer este derecho en cualquier momento y puede actualizar sus preferencias usted mismo o pedirnos que lo hagamos por usted.\u00a0 Consulte la secci\u00f3n \u00abActualizaci\u00f3n y correcci\u00f3n de sus datos personales\u00bb m\u00e1s arriba para obtener m\u00e1s informaci\u00f3n.<\/li>\n<li>retirar el consentimiento para otro tratamiento. Cuando la \u00fanica base legal para el procesamiento de sus datos personales sea que tengamos su consentimiento para hacerlo, puede retirar su consentimiento para ese procesamiento en cualquier momento y tendremos que dejar de procesar sus datos personales.\u00a0 Tenga en cuenta que esto solo afectar\u00e1 a una nueva actividad y no significa que el procesamiento realizado antes de retirar su consentimiento sea ilegal.<\/li>\n<li>Si considera que alguno de sus datos personales es inexacto, puede corregirlos usted mismo o solicitarnos que lo hagamos por usted (consulte la secci\u00f3n \u00abActualizaci\u00f3n y correcci\u00f3n de sus datos personales\u00bb anterior para obtener m\u00e1s informaci\u00f3n).<\/li>\n<li>En circunstancias limitadas, es posible que nos exija que restrinjamos nuestro procesamiento de sus datos personales.\u00a0 Por ejemplo, si considera que lo que consideramos inexacto y no estamos de acuerdo, el procesamiento puede estar restringido hasta que se haya verificado la exactitud.<\/li>\n<li>Cuando no tengamos ninguna base legal para retener sus datos personales, puede solicitarnos que los eliminemos.<\/li>\n<li>En circunstancias limitadas, puede tener derecho a que los datos personales que nos haya proporcionado se le env\u00eden electr\u00f3nicamente para que los proporcione a otra organizaci\u00f3n.<\/li>\n<li>para presentar una queja ante la Oficina del Comisionado de Informaci\u00f3n. Si tiene alguna inquietud o queja, preferir\u00edamos que se ponga en contacto con nosotros (consulte la secci\u00f3n \u00abC\u00f3mo ponerse en contacto con nosotros\u00bb a continuaci\u00f3n) y trataremos de resolverlo por usted.\u00a0 Si desea presentar una queja ante la Oficina del Comisionado de Informaci\u00f3n, puede encontrar informaci\u00f3n sobre c\u00f3mo hacerlo en ico.org.uk.<\/li>\n<\/ul>\n<p>C\u00d3MO CONTACTARNOS<\/p>\n<p><strong>Sitio web: \u00a0 \u00a0 \u00a0 \u00a0<\/strong>https:\/\/elmactechnologies.com\/contact-us\/<\/p>\n<p><strong>Correo electr\u00f3nico: \u00a0 \u00a0 \u00a0 \u00a0 \u00a0 \u00a0 <\/strong>information@elmactech.com<\/p>\n<p><strong>Exponer: <\/strong>\u00a0\u00a0\u00a0\u00a0\u00a0\u00a0\u00a0\u00a0\u00a0\u00a0\u00a0 Elmac Technologies Ltd, Coast Road, Elmac, Holywell, CH8 9DP<\/p>\n","protected":false},"excerpt":{"rendered":"<p>Cumplimiento Legal A menos que se indique lo contrario, Elmac Technologies es el controlador de datos con respecto a todos los datos personales recopilados por nosotros en este sitio web o de otro modo.\u00a0 Esto significa que somos responsables de garantizar que lo hagamos en pleno cumplimiento de la Ley de Protecci\u00f3n de Datos de [&hellip;]<\/p>\n","protected":false},"author":20,"featured_media":0,"parent":0,"menu_order":0,"comment_status":"closed","ping_status":"closed","template":"","meta":{"_acf_changed":false,"footnotes":""},"class_list":["post-7689","page","type-page","status-publish","hentry"],"acf":[],"_links":{"self":[{"href":"https:\/\/elmactechnologies.com\/es\/wp-json\/wp\/v2\/pages\/7689","targetHints":{"allow":["GET"]}}],"collection":[{"href":"https:\/\/elmactechnologies.com\/es\/wp-json\/wp\/v2\/pages"}],"about":[{"href":"https:\/\/elmactechnologies.com\/es\/wp-json\/wp\/v2\/types\/page"}],"author":[{"embeddable":true,"href":"https:\/\/elmactechnologies.com\/es\/wp-json\/wp\/v2\/users\/20"}],"replies":[{"embeddable":true,"href":"https:\/\/elmactechnologies.com\/es\/wp-json\/wp\/v2\/comments?post=7689"}],"version-history":[{"count":1,"href":"https:\/\/elmactechnologies.com\/es\/wp-json\/wp\/v2\/pages\/7689\/revisions"}],"predecessor-version":[{"id":7691,"href":"https:\/\/elmactechnologies.com\/es\/wp-json\/wp\/v2\/pages\/7689\/revisions\/7691"}],"wp:attachment":[{"href":"https:\/\/elmactechnologies.com\/es\/wp-json\/wp\/v2\/media?parent=7689"}],"curies":[{"name":"wp","href":"https:\/\/api.w.org\/{rel}","templated":true}]}}