

{"id":9099,"date":"2017-11-20T16:40:10","date_gmt":"2017-11-20T16:40:10","guid":{"rendered":"https:\/\/elmactechnologies.com\/industries\/"},"modified":"2021-01-25T10:02:41","modified_gmt":"2021-01-25T10:02:41","slug":"industrias","status":"publish","type":"page","link":"https:\/\/elmactechnologies.com\/es\/industrias\/","title":{"rendered":"Industrias"},"content":{"rendered":"<p>Nuestros productos innovadores y de primera clase son utilizados por nuestra base global de clientes en una amplia gama de sectores de aplicaci\u00f3n en los entornos industriales m\u00e1s desafiantes. As\u00ed es como hemos hecho nuestro nombre. As\u00ed es como hemos forjado una reputaci\u00f3n mundial como la marca de elecci\u00f3n del ingeniero en el mercado global de protecci\u00f3n contra llamas y tanques. Sea cual sea su industria, los tres pilares de nuestra propuesta de valor \u00fanica que puede esperar son nuestras caracter\u00edsticas innovadoras del producto, los beneficios operativos y la experiencia de nuestro equipo t\u00e9cnico, con muchos a\u00f1os de experiencia en la industria de primera mano y habilidades inigualables para resolver problemas<\/p>\n","protected":false},"excerpt":{"rendered":"<p>Nuestros productos innovadores y de primera clase son utilizados por nuestra base global de clientes en una amplia gama de sectores de aplicaci\u00f3n en los entornos industriales m\u00e1s desafiantes. As\u00ed es como hemos hecho nuestro nombre. As\u00ed es como hemos forjado una reputaci\u00f3n mundial como la marca de elecci\u00f3n del ingeniero en el mercado global [&hellip;]<\/p>\n","protected":false},"author":20,"featured_media":8351,"parent":0,"menu_order":0,"comment_status":"closed","ping_status":"closed","template":"template-industries.php","meta":{"_acf_changed":false,"footnotes":""},"class_list":["post-9099","page","type-page","status-publish","has-post-thumbnail","hentry"],"acf":[],"_links":{"self":[{"href":"https:\/\/elmactechnologies.com\/es\/wp-json\/wp\/v2\/pages\/9099","targetHints":{"allow":["GET"]}}],"collection":[{"href":"https:\/\/elmactechnologies.com\/es\/wp-json\/wp\/v2\/pages"}],"about":[{"href":"https:\/\/elmactechnologies.com\/es\/wp-json\/wp\/v2\/types\/page"}],"author":[{"embeddable":true,"href":"https:\/\/elmactechnologies.com\/es\/wp-json\/wp\/v2\/users\/20"}],"replies":[{"embeddable":true,"href":"https:\/\/elmactechnologies.com\/es\/wp-json\/wp\/v2\/comments?post=9099"}],"version-history":[{"count":1,"href":"https:\/\/elmactechnologies.com\/es\/wp-json\/wp\/v2\/pages\/9099\/revisions"}],"predecessor-version":[{"id":9100,"href":"https:\/\/elmactechnologies.com\/es\/wp-json\/wp\/v2\/pages\/9099\/revisions\/9100"}],"wp:featuredmedia":[{"embeddable":true,"href":"https:\/\/elmactechnologies.com\/es\/wp-json\/wp\/v2\/media\/8351"}],"wp:attachment":[{"href":"https:\/\/elmactechnologies.com\/es\/wp-json\/wp\/v2\/media?parent=9099"}],"curies":[{"name":"wp","href":"https:\/\/api.w.org\/{rel}","templated":true}]}}