

{"id":6540,"date":"2020-03-17T10:59:01","date_gmt":"2020-03-17T10:59:01","guid":{"rendered":"https:\/\/elmactechnologies.com\/services\/"},"modified":"2021-07-30T14:19:07","modified_gmt":"2021-07-30T13:19:07","slug":"prestations","status":"publish","type":"page","link":"https:\/\/elmactechnologies.com\/fr\/prestations\/","title":{"rendered":"Prestations"},"content":{"rendered":"<p>Les arr\u00eate-flammes jouent un r\u00f4le essentiel en aidant \u00e0 prot\u00e9ger les personnes, les biens et l&rsquo;environnement contre les dommages caus\u00e9s par les explosions ou l&rsquo;inflammation de gaz inflammables. Cependant, pour que l&rsquo;\u00e9quipement fonctionne efficacement, un programme d&rsquo;inspection et d&rsquo;entretien r\u00e9gulier est n\u00e9cessaire pour garantir le bon fonctionnement des arr\u00eate-flammes. Le fait de ne pas inspecter et entretenir r\u00e9guli\u00e8rement les produits cr\u00e9e un risque d&rsquo;explosion potentiel.<\/p>\n<p>Il est donc important de s&rsquo;assurer que les produits sont correctement install\u00e9s et pr\u00e9vus pour les conditions de fonctionnement dans lesquelles ils seront utilis\u00e9s. Les produits doivent \u00eatre maintenus en bon \u00e9tat, sans aucun signe de dommage m\u00e9canique, de corrosion ou de blocage, qui pourraient compromettre leurs performances.<\/p>\n<p style=\"background-color: #ee7601; border: 1px white solid; padding: 10px;\">Veuillez enregistrer votre produit aupr\u00e8s d&rsquo;Elmac Technologies pour recevoir des remises exclusives sur les futures commandes de pi\u00e8ces de rechange et <strong>participez \u00e0 notre tirage au sort pour gagner un iPad Pro avant le 31 d\u00e9cembre 2021<\/strong> (des conditions g\u00e9n\u00e9rales s&rsquo;appliquent). Le formulaire prendra environ 2 minutes \u00e0 remplir.<br \/>\n<a class=\"ghost-button blue-ghost-button\" style=\"margin-top: 20px; margin-bottom: 20px; border: 1px solid white; background-color: #0059aa;\" href=\"https:\/\/forms.office.com\/pages\/responsepage.aspx?id=1E-Qn5KlmEaiicjgm2im6H_EFp8NcOxPqrwtRWZw8-pURUI0RTBZOFcwNkFIODNJUk9ZR0NFREFBNC4u\" target=\"_blank\" rel=\"noopener\">Inscrivez-vous ici <i class=\"fa fa-angle-right\"><\/i><\/a><\/p>\n<style>\n.copy .blue-ghost-button:hover {<br \/>\nbackground-color:white !important;<br \/>\ncolor:#0059aa !important;<br \/>\n}<br \/>\n<\/style>\n","protected":false},"excerpt":{"rendered":"<p>Les arr\u00eate-flammes jouent un r\u00f4le essentiel en aidant \u00e0 prot\u00e9ger les personnes, les biens et l&rsquo;environnement contre les dommages caus\u00e9s par les explosions ou l&rsquo;inflammation de gaz inflammables. Cependant, pour que l&rsquo;\u00e9quipement fonctionne efficacement, un programme d&rsquo;inspection et d&rsquo;entretien r\u00e9gulier est n\u00e9cessaire pour garantir le bon fonctionnement des arr\u00eate-flammes. Le fait de ne pas inspecter [&hellip;]<\/p>\n","protected":false},"author":20,"featured_media":10485,"parent":0,"menu_order":0,"comment_status":"closed","ping_status":"closed","template":"template-static-content.php","meta":{"_acf_changed":false,"footnotes":""},"class_list":["post-6540","page","type-page","status-publish","has-post-thumbnail","hentry"],"acf":[],"_links":{"self":[{"href":"https:\/\/elmactechnologies.com\/fr\/wp-json\/wp\/v2\/pages\/6540","targetHints":{"allow":["GET"]}}],"collection":[{"href":"https:\/\/elmactechnologies.com\/fr\/wp-json\/wp\/v2\/pages"}],"about":[{"href":"https:\/\/elmactechnologies.com\/fr\/wp-json\/wp\/v2\/types\/page"}],"author":[{"embeddable":true,"href":"https:\/\/elmactechnologies.com\/fr\/wp-json\/wp\/v2\/users\/20"}],"replies":[{"embeddable":true,"href":"https:\/\/elmactechnologies.com\/fr\/wp-json\/wp\/v2\/comments?post=6540"}],"version-history":[{"count":12,"href":"https:\/\/elmactechnologies.com\/fr\/wp-json\/wp\/v2\/pages\/6540\/revisions"}],"predecessor-version":[{"id":10950,"href":"https:\/\/elmactechnologies.com\/fr\/wp-json\/wp\/v2\/pages\/6540\/revisions\/10950"}],"wp:featuredmedia":[{"embeddable":true,"href":"https:\/\/elmactechnologies.com\/fr\/wp-json\/wp\/v2\/media\/10485"}],"wp:attachment":[{"href":"https:\/\/elmactechnologies.com\/fr\/wp-json\/wp\/v2\/media?parent=6540"}],"curies":[{"name":"wp","href":"https:\/\/api.w.org\/{rel}","templated":true}]}}