

{"id":6547,"date":"2017-11-20T16:40:10","date_gmt":"2017-11-20T16:40:10","guid":{"rendered":"https:\/\/elmactechnologies.com\/industries\/"},"modified":"2020-11-20T10:44:27","modified_gmt":"2020-11-20T10:44:27","slug":"secteurs","status":"publish","type":"page","link":"https:\/\/elmactechnologies.com\/fr\/secteurs\/","title":{"rendered":"Secteurs"},"content":{"rendered":"<p>Nos produits innovants et de premier ordre sont utilis\u00e9s par notre client\u00e8le mondiale dans un large \u00e9ventail de secteurs d&rsquo;application dans les environnements industriels les plus difficiles. C&rsquo;est ainsi que nous nous sommes fait un nom. C&rsquo;est ainsi que nous nous sommes forg\u00e9 une r\u00e9putation mondiale en tant que marque de choix d&rsquo;ing\u00e9nierie sur le march\u00e9 mondial des arr\u00eate-flammes et de la protection des r\u00e9servoirs. Quel que soit votre secteur, les trois piliers de notre proposition de valeur unique auxquels vous pouvez vous attendre sont les caract\u00e9ristiques de nos produits innovants, les avantages op\u00e9rationnels et l&rsquo;expertise de notre \u00e9quipe technique, avec de nombreuses ann\u00e9es d&rsquo;exp\u00e9rience de premi\u00e8re main dans l&rsquo;industrie et des comp\u00e9tences in\u00e9gal\u00e9es en r\u00e9solution de probl\u00e8mes<\/p>\n","protected":false},"excerpt":{"rendered":"<p>Nos produits innovants et de premier ordre sont utilis\u00e9s par notre client\u00e8le mondiale dans un large \u00e9ventail de secteurs d&rsquo;application dans les environnements industriels les plus difficiles. C&rsquo;est ainsi que nous nous sommes fait un nom. C&rsquo;est ainsi que nous nous sommes forg\u00e9 une r\u00e9putation mondiale en tant que marque de choix d&rsquo;ing\u00e9nierie sur le [&hellip;]<\/p>\n","protected":false},"author":20,"featured_media":5794,"parent":0,"menu_order":0,"comment_status":"closed","ping_status":"closed","template":"template-industries.php","meta":{"_acf_changed":false,"footnotes":""},"class_list":["post-6547","page","type-page","status-publish","has-post-thumbnail","hentry"],"acf":[],"_links":{"self":[{"href":"https:\/\/elmactechnologies.com\/fr\/wp-json\/wp\/v2\/pages\/6547","targetHints":{"allow":["GET"]}}],"collection":[{"href":"https:\/\/elmactechnologies.com\/fr\/wp-json\/wp\/v2\/pages"}],"about":[{"href":"https:\/\/elmactechnologies.com\/fr\/wp-json\/wp\/v2\/types\/page"}],"author":[{"embeddable":true,"href":"https:\/\/elmactechnologies.com\/fr\/wp-json\/wp\/v2\/users\/20"}],"replies":[{"embeddable":true,"href":"https:\/\/elmactechnologies.com\/fr\/wp-json\/wp\/v2\/comments?post=6547"}],"version-history":[{"count":1,"href":"https:\/\/elmactechnologies.com\/fr\/wp-json\/wp\/v2\/pages\/6547\/revisions"}],"predecessor-version":[{"id":6548,"href":"https:\/\/elmactechnologies.com\/fr\/wp-json\/wp\/v2\/pages\/6547\/revisions\/6548"}],"wp:featuredmedia":[{"embeddable":true,"href":"https:\/\/elmactechnologies.com\/fr\/wp-json\/wp\/v2\/media\/5794"}],"wp:attachment":[{"href":"https:\/\/elmactechnologies.com\/fr\/wp-json\/wp\/v2\/media?parent=6547"}],"curies":[{"name":"wp","href":"https:\/\/api.w.org\/{rel}","templated":true}]}}