

{"id":6556,"date":"2017-09-18T16:53:29","date_gmt":"2017-09-18T15:53:29","guid":{"rendered":"https:\/\/elmactechnologies.com\/contact-us\/"},"modified":"2020-12-01T21:04:13","modified_gmt":"2020-12-01T21:04:13","slug":"contactez-nous","status":"publish","type":"page","link":"https:\/\/elmactechnologies.com\/fr\/contactez-nous\/","title":{"rendered":"Contactez-nous"},"content":{"rendered":"\n<div class=\"wpcf7 no-js\" id=\"wpcf7-f7050-o1\" lang=\"fr-FR\" dir=\"ltr\" data-wpcf7-id=\"7050\">\n<div class=\"screen-reader-response\"><p role=\"status\" aria-live=\"polite\" aria-atomic=\"true\"><\/p> <ul><\/ul><\/div>\n<form action=\"\/fr\/wp-json\/wp\/v2\/pages\/6556#wpcf7-f7050-o1\" method=\"post\" class=\"wpcf7-form init\" aria-label=\"Formulaire de contact\" enctype=\"multipart\/form-data\" novalidate=\"novalidate\" data-status=\"init\">\n<fieldset class=\"hidden-fields-container\"><input type=\"hidden\" name=\"_wpcf7\" value=\"7050\" \/><input type=\"hidden\" name=\"_wpcf7_version\" value=\"6.1.5\" \/><input type=\"hidden\" name=\"_wpcf7_locale\" value=\"fr_FR\" \/><input type=\"hidden\" name=\"_wpcf7_unit_tag\" value=\"wpcf7-f7050-o1\" \/><input type=\"hidden\" name=\"_wpcf7_container_post\" value=\"0\" \/><input type=\"hidden\" name=\"_wpcf7_posted_data_hash\" value=\"\" \/><input type=\"hidden\" name=\"_wpcf7_recaptcha_response\" value=\"\" \/>\n<\/fieldset>\n<div class=\"field-row\">\n\t<div>\n\t\t<p><span class=\"wpcf7-form-control-wrap\" data-name=\"your-name\"><input size=\"40\" maxlength=\"400\" class=\"wpcf7-form-control wpcf7-text wpcf7-validates-as-required\" aria-required=\"true\" aria-invalid=\"false\" placeholder=\"Pr\u00e9nom\" value=\"\" type=\"text\" name=\"your-name\" \/><\/span>\n\t\t<\/p>\n\t<\/div>\n\t<div>\n\t\t<p><span class=\"wpcf7-form-control-wrap\" data-name=\"surname\"><input size=\"40\" maxlength=\"400\" class=\"wpcf7-form-control wpcf7-text wpcf7-validates-as-required\" aria-required=\"true\" aria-invalid=\"false\" placeholder=\"Nom de famille\" value=\"\" type=\"text\" name=\"surname\" \/><\/span>\n\t\t<\/p>\n\t<\/div>\n\t<div>\n\t\t<p><span class=\"wpcf7-form-control-wrap\" data-name=\"company\"><input size=\"40\" maxlength=\"400\" class=\"wpcf7-form-control wpcf7-text wpcf7-validates-as-required\" aria-required=\"true\" aria-invalid=\"false\" placeholder=\"Compagnie\" value=\"\" type=\"text\" name=\"company\" \/><\/span>\n\t\t<\/p>\n\t<\/div>\n<\/div>\n<div class=\"field-row\">\n\t<div>\n\t\t<p><span class=\"wpcf7-form-control-wrap\" data-name=\"email\"><input size=\"40\" maxlength=\"400\" class=\"wpcf7-form-control wpcf7-email wpcf7-validates-as-required wpcf7-text wpcf7-validates-as-email\" aria-required=\"true\" aria-invalid=\"false\" placeholder=\"E-mail\" value=\"\" type=\"email\" name=\"email\" \/><\/span>\n\t\t<\/p>\n\t<\/div>\n\t<div>\n\t\t<p><span class=\"wpcf7-form-control-wrap\" data-name=\"phone\"><input size=\"40\" maxlength=\"400\" class=\"wpcf7-form-control wpcf7-text wpcf7-validates-as-required\" aria-required=\"true\" aria-invalid=\"false\" placeholder=\"T\u00e9l\u00e9phoner\" value=\"\" type=\"text\" name=\"phone\" \/><\/span>\n\t\t<\/p>\n\t<\/div>\n<\/div>\n<div class=\"field-message-row\">\n\t<p><span class=\"wpcf7-form-control-wrap\" data-name=\"message\"><textarea cols=\"40\" rows=\"10\" maxlength=\"2000\" class=\"wpcf7-form-control wpcf7-textarea\" aria-invalid=\"false\" placeholder=\"Un message\" name=\"message\"><\/textarea><\/span>\n\t<\/p>\n\t<div class=\"file\">\n\t\t<p><i class=\"fa fa-upload\"><\/i><span>T\u00e9l\u00e9verser un fichier:Pdf,doc,docx,jpg<\/span>\n\t\t<\/p>\n\t<\/div>\n\t<p><span class=\"wpcf7-form-control-wrap\" data-name=\"uploaded-file\"><input size=\"40\" class=\"wpcf7-form-control wpcf7-file\" accept=\".pdf,.doc,.docx,.jpg\" aria-invalid=\"false\" type=\"file\" name=\"uploaded-file\" \/><\/span>\n\t<\/p>\n<\/div>\n<p><span class=\"wpcf7-form-control-wrap\" data-name=\"terms\"><span class=\"wpcf7-form-control wpcf7-checkbox wpcf7-validates-as-required\"><span class=\"wpcf7-list-item first last\"><label><input type=\"checkbox\" name=\"terms[]\" value=\"J&#039;accepte les conditions d&#039;utilisation d&#039;Elmac Technologies Ltd\" \/><span class=\"wpcf7-list-item-label\">J&#039;accepte les conditions d&#039;utilisation d&#039;Elmac Technologies Ltd<\/span><\/label><\/span><\/span><\/span>\n<\/p>\n<div class=\"field-row pl\">\n\t<p><br \/>\nNous souhaitons vous tenir inform\u00e9s des nouveaut\u00e9s sur nos derniers produits et services.\n\t<\/p>\n<\/div>\n<div class=\"gdpr pl\">\n\t<div>\n\t\t<p>Veuillez cocher ici pour recevoir les communications de:\n\t\t<\/p>\n\t<\/div>\n\t<p><span class=\"wpcf7-form-control-wrap\" data-name=\"checkbox-442\"><span class=\"wpcf7-form-control wpcf7-checkbox\"><span class=\"wpcf7-list-item first\"><label><input type=\"checkbox\" name=\"checkbox-442[]\" value=\"Email\" \/><span class=\"wpcf7-list-item-label\">Email<\/span><\/label><\/span><span class=\"wpcf7-list-item\"><label><input type=\"checkbox\" name=\"checkbox-442[]\" value=\"Phone\" \/><span class=\"wpcf7-list-item-label\">Phone<\/span><\/label><\/span><span class=\"wpcf7-list-item last\"><label><input type=\"checkbox\" name=\"checkbox-442[]\" value=\"Post\" \/><span class=\"wpcf7-list-item-label\">Post<\/span><\/label><\/span><\/span><\/span>\n\t<\/p>\n<\/div>\n<div class=\"smallprint-reveal\">\n\t<p>Votre vie priv\u00e9e (voir notre <a href=\"\/privacy\/\">Politique de confidentialit\u00e9<\/a> pour tous les d\u00e9tails)\n\t<\/p>\n<\/div>\n<div class=\"smallprint\" style=\"display:none;\">\n\t<p>Elmac Technologies Ltd traitera les donn\u00e9es personnelles que vous fournissez ainsi que toute autre information que nous<br \/>\nrecevoir de vous ou \u00e0 votre sujet pour l'administration, les \u00e9tudes de march\u00e9, le profilage et l'\u00e9tablissement de relations sur la base de<br \/>\nnos int\u00e9r\u00eats l\u00e9gitimes \u00e0 le faire. Nous pouvons les conserver aussi longtemps que n\u00e9cessaire sur des serveurs s\u00e9curis\u00e9s au Royaume-Uni en utilisant<br \/>\nun fournisseur de services de confiance.\n\t<\/p>\n\t<p>Avec votre consentement, nous vous enverrons les informations que vous demandez par les moyens de communication que vous avez choisis.\n\t<\/p>\n\t<p>Vous avez le droit d'acc\u00e9der \u00e0 vos donn\u00e9es personnelles et, dans certains cas, de nous demander de les restreindre, les effacer ou les rectifier<br \/>\nou de vous opposer \u00e0 notre traitement et au droit \u00e0 la portabilit\u00e9 des donn\u00e9es.\n\t<\/p>\n\t<p>Les pr\u00e9occupations ou les plaintes peuvent \u00eatre adress\u00e9es \u00e0 sales@elmactech.com ou au Bureau du commissaire \u00e0 l'information.\n\t<\/p>\n<\/div>\n<div class=\"bottom-form\">\n\t<p><button type=\"submit\" class=\"ghost-button white-ghost-button fade-button\">Soumettre <i class=\"fa fa-angle-right\"><\/i><\/button>\n\t<\/p>\n<\/div><input type='hidden' class='wpcf7-pum' value='{\"closepopup\":false,\"closedelay\":0,\"openpopup\":false,\"openpopup_id\":0}' \/><div class=\"wpcf7-response-output\" aria-hidden=\"true\"><\/div>\n<\/form>\n<\/div>\n\n","protected":false},"excerpt":{"rendered":"","protected":false},"author":20,"featured_media":0,"parent":0,"menu_order":0,"comment_status":"closed","ping_status":"closed","template":"template-contact.php","meta":{"_acf_changed":false,"footnotes":""},"class_list":["post-6556","page","type-page","status-publish","hentry"],"acf":[],"_links":{"self":[{"href":"https:\/\/elmactechnologies.com\/fr\/wp-json\/wp\/v2\/pages\/6556","targetHints":{"allow":["GET"]}}],"collection":[{"href":"https:\/\/elmactechnologies.com\/fr\/wp-json\/wp\/v2\/pages"}],"about":[{"href":"https:\/\/elmactechnologies.com\/fr\/wp-json\/wp\/v2\/types\/page"}],"author":[{"embeddable":true,"href":"https:\/\/elmactechnologies.com\/fr\/wp-json\/wp\/v2\/users\/20"}],"replies":[{"embeddable":true,"href":"https:\/\/elmactechnologies.com\/fr\/wp-json\/wp\/v2\/comments?post=6556"}],"version-history":[{"count":4,"href":"https:\/\/elmactechnologies.com\/fr\/wp-json\/wp\/v2\/pages\/6556\/revisions"}],"predecessor-version":[{"id":7167,"href":"https:\/\/elmactechnologies.com\/fr\/wp-json\/wp\/v2\/pages\/6556\/revisions\/7167"}],"wp:attachment":[{"href":"https:\/\/elmactechnologies.com\/fr\/wp-json\/wp\/v2\/media?parent=6556"}],"curies":[{"name":"wp","href":"https:\/\/api.w.org\/{rel}","templated":true}]}}