

{"id":6724,"date":"2017-11-17T11:11:59","date_gmt":"2017-11-17T11:11:59","guid":{"rendered":"https:\/\/elmactechnologies.com\/about-us\/"},"modified":"2021-01-25T09:49:56","modified_gmt":"2021-01-25T09:49:56","slug":"sur-elmac","status":"publish","type":"page","link":"https:\/\/elmactechnologies.com\/fr\/sur-elmac\/","title":{"rendered":"Sur Elmac"},"content":{"rendered":"<p>Avec plus de 70 ans d&rsquo;histoire, Elmac s&rsquo;est forg\u00e9 une r\u00e9putation mondiale enviable dans le secteur de la conception, la fabrication et la fourniture de produits de s\u00e9curit\u00e9 critiques pour proc\u00e9d\u00e9s. Nos arr\u00eate-flammes innovants et nos \u00e9quipements de ventilation basse pression sont utilis\u00e9s par des OEM et des op\u00e9rateurs exigeants dans un large \u00e9ventail de secteurs industriels, notamment : le p\u00e9trole et le gaz, la p\u00e9trochimie, les biocarburants, les mines, les produits pharmaceutiques, la production d&rsquo;\u00e9nergie, les produits agrochimiques et les distilleries.<\/p>\n<p>Situ\u00e9e au Royaume-Uni, avec des installations de conception, de fabrication, d&rsquo;essais et commerciales de pointe, Elmac Technologies d\u00e9veloppe rapidement une gamme compl\u00e8te d&rsquo;arr\u00eateurs de d\u00e9flagration en ligne et en fin de ligne am\u00e9lior\u00e9s et d&rsquo;arr\u00eateurs de d\u00e9tonation instables en ligne. Ces dispositifs conviennent pour une utilisation dans les groupes d&rsquo;explosion IIA, IIB3 et IIC apr\u00e8s avoir \u00e9t\u00e9 rigoureusement test\u00e9s conform\u00e9ment aux normes internationales correspondantes. La gamme de produits Elmac comprend \u00e9galement une large gamme de soupapes et d&rsquo;autres \u00e9quipements de ventilation basse pression con\u00e7us pour r\u00e9pondre aux exigences sp\u00e9cifiques du client.<\/p>\n","protected":false},"excerpt":{"rendered":"<p>Avec plus de 70 ans d&rsquo;histoire, Elmac s&rsquo;est forg\u00e9 une r\u00e9putation mondiale enviable dans le secteur de la conception, la fabrication et la fourniture de produits de s\u00e9curit\u00e9 critiques pour proc\u00e9d\u00e9s. Nos arr\u00eate-flammes innovants et nos \u00e9quipements de ventilation basse pression sont utilis\u00e9s par des OEM et des op\u00e9rateurs exigeants dans un large \u00e9ventail de [&hellip;]<\/p>\n","protected":false},"author":20,"featured_media":11695,"parent":0,"menu_order":0,"comment_status":"closed","ping_status":"closed","template":"template-static-content.php","meta":{"_acf_changed":false,"footnotes":""},"class_list":["post-6724","page","type-page","status-publish","has-post-thumbnail","hentry"],"acf":[],"_links":{"self":[{"href":"https:\/\/elmactechnologies.com\/fr\/wp-json\/wp\/v2\/pages\/6724","targetHints":{"allow":["GET"]}}],"collection":[{"href":"https:\/\/elmactechnologies.com\/fr\/wp-json\/wp\/v2\/pages"}],"about":[{"href":"https:\/\/elmactechnologies.com\/fr\/wp-json\/wp\/v2\/types\/page"}],"author":[{"embeddable":true,"href":"https:\/\/elmactechnologies.com\/fr\/wp-json\/wp\/v2\/users\/20"}],"replies":[{"embeddable":true,"href":"https:\/\/elmactechnologies.com\/fr\/wp-json\/wp\/v2\/comments?post=6724"}],"version-history":[{"count":23,"href":"https:\/\/elmactechnologies.com\/fr\/wp-json\/wp\/v2\/pages\/6724\/revisions"}],"predecessor-version":[{"id":8897,"href":"https:\/\/elmactechnologies.com\/fr\/wp-json\/wp\/v2\/pages\/6724\/revisions\/8897"}],"wp:featuredmedia":[{"embeddable":true,"href":"https:\/\/elmactechnologies.com\/fr\/wp-json\/wp\/v2\/media\/11695"}],"wp:attachment":[{"href":"https:\/\/elmactechnologies.com\/fr\/wp-json\/wp\/v2\/media?parent=6724"}],"curies":[{"name":"wp","href":"https:\/\/api.w.org\/{rel}","templated":true}]}}