

{"id":6984,"date":"2018-12-19T11:20:30","date_gmt":"2018-12-19T11:20:30","guid":{"rendered":"https:\/\/elmactechnologies.com\/thank-you\/"},"modified":"2020-11-20T10:51:13","modified_gmt":"2020-11-20T10:51:13","slug":"merci","status":"publish","type":"page","link":"https:\/\/elmactechnologies.com\/fr\/merci\/","title":{"rendered":"Merci"},"content":{"rendered":"<p>Merci pour votre enqu\u00eate, elle a \u00e9t\u00e9 transmise au minist\u00e8re comp\u00e9tent et quelqu\u2019un sera en contact sous peu.<\/p>\n","protected":false},"excerpt":{"rendered":"<p>Merci pour votre enqu\u00eate, elle a \u00e9t\u00e9 transmise au minist\u00e8re comp\u00e9tent et quelqu\u2019un sera en contact sous peu.<\/p>\n","protected":false},"author":20,"featured_media":0,"parent":0,"menu_order":0,"comment_status":"closed","ping_status":"closed","template":"template-thankyou.php","meta":{"_acf_changed":false,"footnotes":""},"class_list":["post-6984","page","type-page","status-publish","hentry"],"acf":[],"_links":{"self":[{"href":"https:\/\/elmactechnologies.com\/fr\/wp-json\/wp\/v2\/pages\/6984","targetHints":{"allow":["GET"]}}],"collection":[{"href":"https:\/\/elmactechnologies.com\/fr\/wp-json\/wp\/v2\/pages"}],"about":[{"href":"https:\/\/elmactechnologies.com\/fr\/wp-json\/wp\/v2\/types\/page"}],"author":[{"embeddable":true,"href":"https:\/\/elmactechnologies.com\/fr\/wp-json\/wp\/v2\/users\/20"}],"replies":[{"embeddable":true,"href":"https:\/\/elmactechnologies.com\/fr\/wp-json\/wp\/v2\/comments?post=6984"}],"version-history":[{"count":1,"href":"https:\/\/elmactechnologies.com\/fr\/wp-json\/wp\/v2\/pages\/6984\/revisions"}],"predecessor-version":[{"id":6985,"href":"https:\/\/elmactechnologies.com\/fr\/wp-json\/wp\/v2\/pages\/6984\/revisions\/6985"}],"wp:attachment":[{"href":"https:\/\/elmactechnologies.com\/fr\/wp-json\/wp\/v2\/media?parent=6984"}],"curies":[{"name":"wp","href":"https:\/\/api.w.org\/{rel}","templated":true}]}}