

{"id":7121,"date":"2017-09-21T09:59:20","date_gmt":"2017-09-21T08:59:20","guid":{"rendered":"https:\/\/elmactechnologies.com\/terms-conditions\/"},"modified":"2020-11-30T09:52:31","modified_gmt":"2020-11-30T09:52:31","slug":"termes-et-conditions","status":"publish","type":"page","link":"https:\/\/elmactechnologies.com\/fr\/termes-et-conditions\/","title":{"rendered":"Termes et Conditions"},"content":{"rendered":"<p><a href=\"https:\/\/elmactechnologies.com\/wp-content\/uploads\/2018\/02\/EL-PUR-POL-001-Elmac-Terms-and-Conditions-of-Purchase.pdf\" target=\"_blank\" rel=\"noopener noreferrer\">CONDITIONS D\u2019ACHAT<\/a><\/p>\n<p><a href=\"https:\/\/elmactechnologies.com\/wp-content\/uploads\/2018\/02\/EL-SL-POL-01-Elmac-Terms-Conditions-of-Sale.pdf\" target=\"_blank\" rel=\"noopener noreferrer\">CONDITIONS DE VENT<\/a><\/p>\n<p><strong>Conformit\u00e9 L\u00e9gale<\/strong><\/p>\n<p>Sauf indication contraire, Elmac Technologiesest le contr\u00f4leur de donn\u00e9es \u00e0 l\u2019\u00e9gard de toutes les donn\u00e9es personnelles recueillies par nous sur ce site Web ou autrement.\u00a0 Cela signifie que nous sommes responsables de veiller \u00e0 ce que nous le faisons en pleine conformit\u00e9 avec la Loi de 1998 sur la protection des donn\u00e9es (qui sera remplac\u00e9e par le R\u00e8glement g\u00e9n\u00e9ral sur la protection des donn\u00e9es lorsqu\u2019il entrera en vigueur en mai 2018), toutes les autres lois relatives \u00e0 la protection de la vie priv\u00e9e et tous les codes de pratique publi\u00e9s par le Commissaire \u00e0 l\u2019Information.<\/p>\n<p>DONN\u00c9ES PERSONNELLES QUE NOUS RECUEILLONS ET SES SOURCES<\/p>\n<p>Nous recueillons g\u00e9n\u00e9ralement les informations suivantes :<\/p>\n<ul>\n<li>votre nom et vos coordonn\u00e9es<\/li>\n<li>informations sur les m\u00e9dias sociaux<\/li>\n<li>les d\u00e9tails des biens ou services que vous avez command\u00e9s ou dans lesquels vous avez exprim\u00e9 un int\u00e9r\u00eat<\/li>\n<li>les d\u00e9tails de toute demande ou demande d\u2019information que vous avez faite<\/li>\n<li>les d\u00e9tails des newsletters \u00e0 qui vous vous \u00eates abonn\u00e9<\/li>\n<li>le cas \u00e9ch\u00e9ant, les d\u00e9tails de la carte de paiement ou d\u2019autres informations de paiement applicables<\/li>\n<\/ul>\n<p><strong>Sources<\/strong><\/p>\n<p>Nous obtenons des donn\u00e9es personnelles:<\/p>\n<ul>\n<li><strong>directement de vous<\/strong>, par exemple lorsque vous vous inscrivez \u00e0 l\u2019un de nos services, envoyez-nous des courriels, [contribuez \u00e0 nos blogs et forums], [assistez \u00e0 l\u2019un de nos \u00e9v\u00e9nements]<\/li>\n<li><strong>d\u2019une autre organisation<\/strong> par exemple, o\u00f9 vous recevez des informations ou des services de l\u2019un de nos fournisseurs [(cliquez ici pour voir notre r\u00e9pertoire des fournisseurs)]. Ces organisations peuvent partager vos donn\u00e9es personnelles avec nous si vous leur permettez de le faire<\/li>\n<li><strong>\u00e0 partir de sites de m\u00e9dias sociaux ou d\u2019applications<\/strong>. Si vos param\u00e8tres et pr\u00e9f\u00e9rences le permettent, nous pouvons obtenir des informations (y compris des donn\u00e9es personnelles) aupr\u00e8s de services de m\u00e9dias sociaux tels que Facebook et LinkedIn<\/li>\n<\/ul>\n<ul>\n<li><strong>sources publiques<\/strong> telles que Companies House.<\/li>\n<\/ul>\n<p><strong>Adresses IP et autres informations sur l\u2019appareil<\/strong><\/p>\n<p>Afin de comprendre comment les utilisateurs utilisent ce site Web et nos services, nous pouvons recueillir des informations telles que les d\u00e9tails du navigateur que vous avez utilis\u00e9, votre syst\u00e8me d\u2019exploitation, le site Web que vous avez visit\u00e9 imm\u00e9diatement avant de visiter notre site Web et vos adresses de protocole Internet (\u00e9galement connu sous le nom d\u2019adresses IP).\u00a0 Votre adresse IP est une adresse unique que les appareils informatiques (tels que pc, tablettes et smartphones) utilisent pour s\u2019identifier et afin de communiquer avec d\u2019autres appareils du r\u00e9seau.<\/p>\n<p>Nous utilisons ces informations pour analyser comment notre site est accessible et utilis\u00e9 afin d\u2019am\u00e9liorer notre service et de le rendre pertinent pour vous.<\/p>\n<p><strong>Cookies<\/strong><\/p>\n<p>Comme beaucoup d\u2019autres op\u00e9rateurs de site Web, nous pouvons utiliser la technologie standard appel\u00e9e \u00ab\u00a0cookies\u00a0\u00bb sur ce site Web. Les cookies sont de petits \u00e9l\u00e9ments d\u2019information qui sont stock\u00e9s par votre navigateur sur le disque dur de votre ordinateur et ils sont utilis\u00e9s pour enregistrer la fa\u00e7on dont vous naviguez sur ce site Web \u00e0 chaque visite.<\/p>\n<p>Nos cookies sont utilis\u00e9s pour nous permettre de d\u00e9velopper notre site Web et pour vous permettre de le naviguer correctement. Nous utilisons des cookies pour recueillir des informations personnelles pour nous permettre de comprendre les int\u00e9r\u00eats de nos visiteurs et en notant qui a vu quelles pages et publicit\u00e9s (y compris tout \u00ab\u00a0clic \u00e0 partir\u00a0\u00bb de courriels), \u00e0 quelle fr\u00e9quence des pages particuli\u00e8res sont visit\u00e9es et pour nous permettre de d\u00e9terminer les zones les plus populaires de notre site Web. Nous pouvons utiliser des cookies pour enrichir votre exp\u00e9rience de l\u2019utilisation du site Web en nous permettant d\u2019adapter ce que vous voyez et quelles informations vous recevez l\u00e0 o\u00f9 vous avez accept\u00e9 de le faire vous (voir \u00ab\u00a0Invitations, bulletins d\u2019information et opportunit\u00e9s\u00a0\u00bb ci-dessous) \u00e0 ce que nous avons appris sur vos pr\u00e9f\u00e9rences lors de vos visites sur notre site Web. Parfois, nous pouvons utiliser les services de tiers et ils peuvent utiliser des cookies en notre nom afin de fournir leurs services.<\/p>\n<p>Les cookies que nous utilisons sur ce site web sont affich\u00e9s ci-dessous :<\/p>\n<p>\u00a0<\/p>\n<table width=\"100%\">\n<tbody>\n<tr>\n<td width=\"153\">Nom du cookie<\/td>\n<td width=\"90\">Type de cookie<\/td>\n<td width=\"252\">But du cookie<\/td>\n<\/tr>\n<tr>\n<td width=\"153\">_ga<\/td>\n<td width=\"90\">Tiers<\/td>\n<td width=\"252\">Analyser le trafic du site Web \u00e0 l\u2019aide d\u2019un package d\u2019analyse. Les donn\u00e9es d\u2019utilisation agr\u00e9g\u00e9es nous aident \u00e0 am\u00e9liorer la structure, la conception, le contenu et les fonctions du site Web. Utilis\u00e9 pour distinguer les utilisateurs et a une expiration de 2 ans.<\/td>\n<\/tr>\n<tr>\n<td width=\"153\">_gid<\/td>\n<td width=\"90\">Tiers<\/td>\n<td width=\"252\">Analyser le trafic du site Web \u00e0 l\u2019aide d\u2019un package d\u2019analyse. Les donn\u00e9es d\u2019utilisation agr\u00e9g\u00e9es nous aident \u00e0 am\u00e9liorer la structure, la conception, le contenu et les fonctions du site Web. Utilis\u00e9 pour distinguer les utilisateurs et a une expiration de 24 heures.<\/td>\n<\/tr>\n<tr>\n<td width=\"153\"><em>_gat_<\/em>gtag<\/td>\n<td width=\"90\">Tiers<\/td>\n<td width=\"252\">Analyser le trafic du site Web \u00e0 l\u2019aide d\u2019un package d\u2019analyse. Les donn\u00e9es d\u2019utilisation agr\u00e9g\u00e9es nous aident \u00e0 am\u00e9liorer la structure, la conception, le contenu et les fonctions du site Web. Utilis\u00e9 pour \u00e9trangler les demandes et a une expiration de 10 minutes<\/td>\n<\/tr>\n<tr>\n<td width=\"153\"><em>wordpress<\/em><\/td>\n<td width=\"90\">Session<\/td>\n<td width=\"252\">Utilis\u00e9 pour stocker vos informations d\u2019authentification lors de votre connexion. Son utilisation est limit\u00e9e \u00e0 la zone de la console admin<\/td>\n<\/tr>\n<tr>\n<td width=\"153\"><em>WordPress_logged_in_<\/em><\/td>\n<td width=\"90\">Session<\/td>\n<td width=\"252\">Indique quand vous \u00eates connect\u00e9, et qui vous \u00eates.<\/td>\n<\/tr>\n<tr>\n<td width=\"153\"><em>Wp-settings-{time}-[UID]<\/em><\/td>\n<td width=\"90\">Session<\/td>\n<td width=\"252\">Ceci est utilis\u00e9 pour personnaliser votre vue de l\u2019interface admin, et peut-\u00eatre aussi l\u2019interface principale du site si vous \u00eates connect\u00e9.<\/td>\n<\/tr>\n<\/tbody>\n<\/table>\n<p>Vous pouvez \u00e9galement obtenir des cookies (y compris des cookies Flash) de nos fournisseurs et annonceurs si vous cliquez sur leurs liens ou publicit\u00e9s. En outre, certaines de nos pages peuvent contenir du contenu int\u00e9gr\u00e9 tel que des vid\u00e9os YouTube ou une part Google Plus et vous pouvez recevoir des cookies de ces sites. Ces cookies ne sont pas sous notre contr\u00f4le et vous devez v\u00e9rifier leurs politiques de confidentialit\u00e9 et de s\u00e9curit\u00e9 pour comprendre comment ils les utilisent.<\/p>\n<p><strong>Emp\u00eacher l\u2019Utilisation de cookies<\/strong><\/p>\n<p>La plupart des navigateurs acceptent automatiquement les cookies, mais vous pouvez g\u00e9n\u00e9ralement modifier votre navigateur pour \u00e9viter que des cookies ne soient stock\u00e9s. Avec l\u2019exp\u00e9rience, vous pouvez g\u00e9n\u00e9ralement choisir d\u2019\u00e9teindre tous les cookies ou de permettre seulement \u00e0 certains sites \u00ab\u00a0de confiance\u00a0\u00bb de placer des cookies.<\/p>\n<p>Pour de plus amples renseignements sur les cookies et les biscuits Flash et sur la fa\u00e7on de les \u00e9teindre, consultez le site Web du commissaire \u00e0 l\u2019information \u00e0\u00a0<a class=\"t_underline\" href=\"https:\/\/ssl.microsofttranslator.com\/bv.aspx?ref=TAns&amp;from=&amp;to=fr&amp;a=www.ico.org.uk\" target=\"_blank\" rel=\"noopener noreferrer\" data-bm=\"46\">www.ico.org.uk<\/a>\u00a0ou visitez\u00a0<a class=\"t_underline\" href=\"https:\/\/ssl.microsofttranslator.com\/bv.aspx?ref=TAns&amp;from=&amp;to=fr&amp;a=www.allaboutcookies.org%2F\" target=\"_blank\" rel=\"noopener noreferrer\" data-bm=\"47\">www.allaboutcookies.org\/<\/a>\u00a0ou www.aboutcookies.org.<\/p>\n<p>VEUILLEZ NOTER QUE SI VOUS \u00c9TEIGNEZ LES COOKIES, CELA LIMITERA LE SERVICE QUE NOUS SOMMES EN MESURE DE VOUS FOURNIR ET PEUT AFFECTER VOTRE EXP\u00c9RIENCE UTILISATEUR.<\/p>\n<p>COMMENT NOUS UTILISERONS VOS DONN\u00c9ES PERSONNELLES<\/p>\n<p>Toutes les donn\u00e9es personnelles que nous obtenons \u00e0 votre sujet seront enregistr\u00e9es, utilis\u00e9es et prot\u00e9g\u00e9es par nous conform\u00e9ment \u00e0 la loi actuelle sur la protection des donn\u00e9es et \u00e0 cette politique de confidentialit\u00e9. \u00a0\u00a0Nous utiliserons principalement les donn\u00e9es personnelles aux fins suivantes :<\/p>\n<ul>\n<li>Fournir les biens et services que vous demandez (y compris les bulletins d\u2019information) et communiquer avec vous au cas o\u00f9 l\u2019un d\u2019eux ne serait pas disponible ou s\u2019il y a une requ\u00eate ou un probl\u00e8me avec votre demande.<\/li>\n<li><strong>\u00e9tudes de march\u00e9<\/strong>. R\u00e9aliser des \u00e9tudes de march\u00e9 afin d\u2019am\u00e9liorer les biens et services que nous offrons<\/li>\n<li>Cr\u00e9er un profil individuel pour vous qui inclut l\u2019analyse de l\u2019information d\u00e9mographique et g\u00e9ographique afin que nous puissions am\u00e9liorer votre exp\u00e9rience et votre relation avec nous, comprendre et respecter vos pr\u00e9f\u00e9rences et fournir des informations et des d\u00e9tails sur d\u2019autres initiatives o\u00f9 vous avez accept\u00e9 de les recevoir<\/li>\n<\/ul>\n<p><strong>Consentement et traitement l\u00e9gal des donn\u00e9es personnelles<\/strong><\/p>\n<p>La base juridique de la collecte et de l\u2019utilisation de vos donn\u00e9es personnelles est que vous avez donn\u00e9 votre consentement et\/ou qu\u2019il est dans notre int\u00e9r\u00eat l\u00e9gitime de le faire afin de faciliter l\u2019administration, les \u00e9tudes de march\u00e9 et le profilage et que vos droits et libert\u00e9s ne sont pas l\u00e9s\u00e9s par cela.<\/p>\n<p><strong>Divulgation de vos donn\u00e9es personnelles<\/strong><\/p>\n<p>Nous ne vendons pas de donn\u00e9es personnelles, mais nous vous demanderons toutefois des informations, des produits ou des services provenant d\u2019un de nos fournisseurs (voir notre annuaire des fournisseurs) ou de nos partenaires (voir notre liste de partenaires), nous partagerons vos donn\u00e9es avec eux afin qu\u2019ils traitent votre demande. Nous mettons \u00e0 jour r\u00e9guli\u00e8rement l\u2019annuaire des fournisseurs et la liste des partenaires et vous pouvez voir la version la plus \u00e0 jour sur nos sites Web.<\/p>\n<p>Afin d\u2019exploiter notre site Web et de fournir nos produits et services, nous pouvons, \u00e0 l\u2019occasion, nommer d\u2019autres organisations pour mener \u00e0 bien certaines des activit\u00e9s de transformation en notre nom. Il peut s\u2019agir, par exemple, d\u2019h\u00f4tes technologiques et de services de distribution de courriels. \u00a0Dans ces circonstances, nous veillerons \u00e0 ce que vos donn\u00e9es personnelles soient correctement prot\u00e9g\u00e9es et qu\u2019elles ne soient utilis\u00e9es que conform\u00e9ment \u00e0 cette politique de confidentialit\u00e9.<\/p>\n<p><strong>Vente ou autre cession de notre entreprise<\/strong><\/p>\n<p>Si, pour une raison quelconque, nous nous d\u00e9barrassons de n\u2019importe quelle partie de notre entreprise, nous pouvons transf\u00e9rer tous les enregistrements (qui peuvent inclure vos donn\u00e9es personnelles) au nouveau propri\u00e9taire.<\/p>\n<p>INVITATIONS, BULLETINS D\u2019INFORMATION ET OPPORTUNIT\u00c9S<\/p>\n<p>La Soci\u00e9t\u00e9, nos fournisseurs et nos partenaires aimeraient tous communiquer avec vous au sujet des produits, des services et d\u2019une gamme d\u2019autres initiatives.\u00a0 Vous pouvez choisir la fa\u00e7on dont vous les recevez sur le formulaire site Web que vous remplissez.\u00a0\u00a0 Les d\u00e9tails de la fa\u00e7on de se retirer ou de refuser de recevoir des informations se trouvent sur les pages pertinentes de ce site Web et\/ou dans le message que vous recevez.<\/p>\n<p>Nous essayons g\u00e9n\u00e9ralement d\u2019adapter les communications que nous vous envoyons afin qu\u2019elles soient pertinentes et conformes aux options de pr\u00e9f\u00e9rence que vous avez choisies qui font partie du profil personnel que nous cr\u00e9erons pour vous.<\/p>\n<p><strong>Pr\u00e9f\u00e9rences \/ Abonnez-vous \/ D\u00e9sabonner<\/strong><\/p>\n<p>Vous pouvez changer d\u2019avis quant \u00e0 savoir si vous souhaitez recevoir des informations \u00e0 tout moment et peut nous faire part de vos pr\u00e9f\u00e9rences en nous envoyant un courriel \u00e0 information@elmactech.com ou en suivant les instructions \u00e0 chaque communication que vous recevez.<\/p>\n<p>Veuillez noter qu\u2019il peut s\u2019agir d\u2019un mois avant que vos modifications soient mises en \u0153uvre et que les communications cessent.<\/p>\n<p>S\u00c9CURIT\u00c9 DES DONN\u00c9ES<\/p>\n<p>Nous prenons la s\u00e9curit\u00e9 des donn\u00e9es personnelles au s\u00e9rieux.\u00a0 Nous utilisons la technologie de s\u00e9curit\u00e9, y compris les pare-feu, et le cryptage pour prot\u00e9ger les donn\u00e9es personnelles et avons mis en place des proc\u00e9dures pour s\u2019assurer que nos syst\u00e8mes et bases de donn\u00e9es sont prot\u00e9g\u00e9s contre la divulgation, l\u2019utilisation, la perte et les dommages non autoris\u00e9s.<\/p>\n<p>Nous n\u2019utilisons que des fournisseurs de services tiers lorsque nous sommes convaincus que la s\u00e9curit\u00e9 qu\u2019ils assurent pour vos donn\u00e9es personnelles est au moins aussi rigoureuse que nous l\u2019utilisons nous-m\u00eames.<\/p>\n<p>CONSERVATION DES DONN\u00c9ES<\/p>\n<p>Nous conserverons normalement vos donn\u00e9es personnelles pendant 6 ans apr\u00e8s votre derni\u00e8re interaction avec nous, ou notre site Web.\u00a0 Si nous consid\u00e9rons que vous n\u2019\u00eates plus un utilisateur actif de notre site Web ou de nos services, nous pouvons supprimer vos donn\u00e9es personnelles plus t\u00f4t que cela.<\/p>\n<p>Nous nous attendons \u00e0 vous contacter au moins tous les deux ans pour nous assurer que vous \u00eates toujours heureux de nous entendre en fonction des pr\u00e9f\u00e9rences que vous nous avez fournies.<\/p>\n<p>TRANSFERT DE VOS DONN\u00c9ES PERSONNELLES EN DEHORS DE L\u2019EUROPE<\/p>\n<p>Pour vous fournir nos services, nous transf\u00e9rons des donn\u00e9es personnelles \u00e0 [notre fournisseur de services de confiance dans [pr\u00e9ciser o\u00f9]]. \u00a0Nous avons pris les mesures appropri\u00e9es pour nous assurer qu\u2019elle est prot\u00e9g\u00e9e conform\u00e9ment \u00e0 cette politique de confidentialit\u00e9 et aux lois applicables en mati\u00e8re de protection de la vie priv\u00e9e.<\/p>\n<p>[Certains de nos fournisseurs et partenaires sont situ\u00e9s dans des r\u00e9gions en dehors de l\u2019Europe (notre annuaire des fournisseurs et notre liste de partenaires montrent la r\u00e9gion du monde pour chacun d\u2019eux).\u00a0\u00a0 Si vous acceptez que nous fournissiez vos coordonn\u00e9es \u00e0 nos fournisseurs ou partenaires, vos donn\u00e9es peuvent \u00eatre transf\u00e9r\u00e9es \u00e0 la personne concern\u00e9e pour r\u00e9pondre \u00e0 vos besoins.<\/p>\n<p>MODIFICATIONS APPORT\u00c9ES \u00c0 CETTE POLITIQUE DE CONFIDENTIALIT\u00c9<\/p>\n<p>Les lois et les pratiques en mati\u00e8re de protection de la vie priv\u00e9e sont en constante \u00e9volution et nous visons \u00e0 r\u00e9pondre \u00e0 des normes \u00e9lev\u00e9es.\u00a0 Nos politiques et proc\u00e9dures font donc l\u2019objet d\u2019un examen continu. Nous pouvons, de temps \u00e0 autre, mettre \u00e0 jour nos politiques de s\u00e9curit\u00e9 et de confidentialit\u00e9.\u00a0 Si nous voulons apporter des changements importants dans la fa\u00e7on dont nous utiliserons vos donn\u00e9es personnelles, nous vous contacterons directement et, si n\u00e9cessaire, demanderons votre consentement.<\/p>\n<p>Nous nous assurerons que notre site Web a notre politique la plus \u00e0 jour et vous sugg\u00e9rons de consulter cette page p\u00e9riodiquement pour examiner notre derni\u00e8re version.<\/p>\n<p>MISE \u00c0 JOUR ET CORRECTION DES DONN\u00c9ES PERSONNELLES<\/p>\n<p>Vous pouvez mettre \u00e0 jour ou corriger vos donn\u00e9es personnelles vous-m\u00eame en ligne \u00e0 [l], ou pouvez nous contacter et nous demander de le faire pour vous (voir la section \u00ab\u00a0Comment nous contacter\u00a0\u00bb ci-dessous). S\u2019il vous pla\u00eet inclure votre nom et \/ ou adresse e-mail lorsque vous nous contactez car cela nous aide \u00e0 nous assurer que nous acceptons les modifications que de la bonne personne.<\/p>\n<p>Nous vous encourageons \u00e0 mettre \u00e0 jour rapidement vos donn\u00e9es personnelles si elles changent.\u00a0 Si vous fournissez des mises \u00e0 jour ou des corrections au sujet d\u2019une autre personne, nous pouvons vous demander de nous fournir la preuve que vous \u00eates autoris\u00e9 \u00e0 nous fournir ces informations.<\/p>\n<p>VOS DROITS<\/p>\n<p>Vous avez un certain nombre de droits l\u00e9gaux en ce qui concerne vos donn\u00e9es personnelles.\u00a0 Il s\u2019agit notamment de:<\/p>\n<ul>\n<li>Le droit de recevoir une copie des donn\u00e9es personnelles que nous d\u00e9tenons \u00e0 votre sujet. Nous aurons besoin d\u2019une preuve d\u2019identit\u00e9 et d\u2019une preuve d\u2019autorit\u00e9 si la demande provient d\u2019une personne autre que la personne dont on nous demande de fournir les donn\u00e9es.\u00a0 Cela nous assurera que nous ne fournissons des informations qu\u2019\u00e0 la bonne personne.\u00a0 Nous pr\u00e9voyons normalement r\u00e9pondre aux demandes dans les 28 jours suivant leur r\u00e9ception.<\/li>\n<li><strong>retirer le consentement \u00e0 la commercialisation directe<\/strong>. Vous pouvez exercer ce droit \u00e0 tout moment et pouvez mettre \u00e0 jour vos pr\u00e9f\u00e9rences vous-m\u00eame ou nous demander de le faire pour vous.\u00a0 Voir la section \u00ab\u00a0<strong>Mise \u00e0 jour et correction de vos donn\u00e9es personnelles<\/strong>\u00a0\u00bb ci-dessus pour plus de d\u00e9tails.<\/li>\n<li><strong>retirer le consentement \u00e0 d\u2019autres produits de traitement<\/strong>. Lorsque la seule base l\u00e9gale pour notre traitement de vos donn\u00e9es personnelles est que nous avons votre consentement \u00e0 le faire, vous pouvez retirer votre consentement \u00e0 ce traitement \u00e0 tout moment et nous devrons cesser de traiter vos donn\u00e9es personnelles.\u00a0 Veuillez noter que cela n\u2019affectera qu\u2019une nouvelle activit\u00e9 et ne signifie pas que le traitement effectu\u00e9 avant le retrait de votre consentement est ill\u00e9gal.<\/li>\n<li>Si vous consid\u00e9rez que l\u2019une de vos donn\u00e9es personnelles est inexacte, vous pouvez les corriger vous-m\u00eame ou nous demander de le faire pour vous (voir la section \u00ab\u00a0<strong>Mise \u00e0 jour et correction de vos donn\u00e9es personnelles<\/strong>\u00a0\u00bb ci-dessus pour plus de d\u00e9tails).<\/li>\n<li>Dans des circonstances limit\u00e9es, vous pourriez \u00eatre en mesure de nous obliger \u00e0 restreindre notre traitement de vos donn\u00e9es personnelles.\u00a0 Par exemple, si vous consid\u00e9rez que ce que nous d\u00e9tenons est inexact et que nous ne sommes pas d\u2019accord, le traitement peut \u00eatre limit\u00e9 jusqu\u2019\u00e0 ce que l\u2019exactitude ait \u00e9t\u00e9 v\u00e9rifi\u00e9e.<\/li>\n<li>Lorsque nous n\u2019avons aucune base l\u00e9gale pour conserver vos donn\u00e9es personnelles, vous pouvez nous demander de les supprimer.<\/li>\n<li>Dans des circonstances limit\u00e9es, vous pouvez avoir le droit de nous envoyer par voie \u00e9lectronique les donn\u00e9es personnelles que vous nous avez fournies par voie \u00e9lectronique pour que vous les fournissiez \u00e0 une autre organisation.<\/li>\n<li>de porter plainte aupr\u00e8s du Commissariat \u00e0 l\u2019information. Si vous avez une pr\u00e9occupation ou une plainte, nous pr\u00e9f\u00e9rerions que vous nous contactiez (voir la section \u00ab\u00a0Comment nous contacter\u00a0\u00bb ci-dessous) et nous essayerons de le r\u00e9soudre pour vous.\u00a0 Si vous souhaitez d\u00e9poser une plainte aupr\u00e8s du Commissariat \u00e0 l\u2019information, vous pouvez trouver de l\u2019information sur la fa\u00e7on de le faire ico.org.uk.<\/li>\n<\/ul>\n<p>COMMENT NOUS CONTACTER<\/p>\n<p><strong>Site Internet: \u00a0\u00a0\u00a0\u00a0\u00a0\u00a0\u00a0\u00a0 <\/strong>https:\/\/elmactechnologies.com\/contact-us\/<\/p>\n<p><strong>E-mail: \u00a0\u00a0\u00a0\u00a0\u00a0\u00a0\u00a0\u00a0\u00a0\u00a0\u00a0\u00a0 <\/strong>information@elmactech.com<\/p>\n<p><strong>Publier:\u00a0\u00a0\u00a0 <\/strong>\u00a0\u00a0\u00a0\u00a0\u00a0\u00a0\u00a0\u00a0\u00a0\u00a0\u00a0 Elmac Technologies Ltd, Coast Road, Elmac, Holywell, CH8 9DP<\/p>\n\n\n<p><\/p>\n","protected":false},"excerpt":{"rendered":"<p>CONDITIONS D\u2019ACHAT CONDITIONS DE VENT Conformit\u00e9 L\u00e9gale Sauf indication contraire, Elmac Technologiesest le contr\u00f4leur de donn\u00e9es \u00e0 l\u2019\u00e9gard de toutes les donn\u00e9es personnelles recueillies par nous sur ce site Web ou autrement.\u00a0 Cela signifie que nous sommes responsables de veiller \u00e0 ce que nous le faisons en pleine conformit\u00e9 avec la Loi de 1998 sur [&hellip;]<\/p>\n","protected":false},"author":20,"featured_media":0,"parent":0,"menu_order":0,"comment_status":"closed","ping_status":"closed","template":"","meta":{"_acf_changed":false,"footnotes":""},"class_list":["post-7121","page","type-page","status-publish","hentry"],"acf":[],"_links":{"self":[{"href":"https:\/\/elmactechnologies.com\/fr\/wp-json\/wp\/v2\/pages\/7121","targetHints":{"allow":["GET"]}}],"collection":[{"href":"https:\/\/elmactechnologies.com\/fr\/wp-json\/wp\/v2\/pages"}],"about":[{"href":"https:\/\/elmactechnologies.com\/fr\/wp-json\/wp\/v2\/types\/page"}],"author":[{"embeddable":true,"href":"https:\/\/elmactechnologies.com\/fr\/wp-json\/wp\/v2\/users\/20"}],"replies":[{"embeddable":true,"href":"https:\/\/elmactechnologies.com\/fr\/wp-json\/wp\/v2\/comments?post=7121"}],"version-history":[{"count":5,"href":"https:\/\/elmactechnologies.com\/fr\/wp-json\/wp\/v2\/pages\/7121\/revisions"}],"predecessor-version":[{"id":7132,"href":"https:\/\/elmactechnologies.com\/fr\/wp-json\/wp\/v2\/pages\/7121\/revisions\/7132"}],"wp:attachment":[{"href":"https:\/\/elmactechnologies.com\/fr\/wp-json\/wp\/v2\/media?parent=7121"}],"curies":[{"name":"wp","href":"https:\/\/api.w.org\/{rel}","templated":true}]}}