

{"id":7126,"date":"2017-09-21T09:59:27","date_gmt":"2017-09-21T08:59:27","guid":{"rendered":"https:\/\/elmactechnologies.com\/privacy\/"},"modified":"2020-11-30T09:48:28","modified_gmt":"2020-11-30T09:48:28","slug":"vie-privee","status":"publish","type":"page","link":"https:\/\/elmactechnologies.com\/fr\/vie-privee\/","title":{"rendered":"Vie Priv\u00e9e"},"content":{"rendered":"<h5>Elmac Technologies est membre du Elmac Group, une organisation qui s\u2019engage \u00e0 garantir la s\u00e9curit\u00e9 et la protection de vos renseignements personnels.<\/h5>\n<p>Nous utilisons une s\u00e9rie de mesures pour prot\u00e9ger toutes les informations que vous nous soumettez, et voulons que vous sachiez que chaque fois que nous demandons vos coordonn\u00e9es personnelles, nous ne les utiliserons que pour vous fournir des informations pertinentes sur notre organisation et\/ou notre capacit\u00e9 \u00e0 satisfaire vos besoins.<\/p>\n<p>Si vous nous avez fourni des informations personnelles afin d\u2019acc\u00e9der \u00e0 notre centre de donn\u00e9es, ces informations seront \u00e9galement conserv\u00e9es de mani\u00e8re s\u00e9curis\u00e9e. Nous ne divulguerons jamais ces renseignements si la loi ou la r\u00e9glementation nous en fait la demande pour des questions relatives \u00e0 l\u2019application de la loi, aux poursuites judiciaires ou \u00e0 la pr\u00e9vention de la fraude. Sauf si tel est d\u00e9crit, nous ne divulguerons pas vos renseignements personnels \u00e0 d\u2019autres tiers \u00e0 moins que vous n\u2019avez fourni votre consentement \u00e9crit expr\u00e8s.<\/p>\n<p>Occasionnellement, nous pouvons vous envoyer des informations provenant d\u2019entreprises partenaires soigneusement s\u00e9lectionn\u00e9es. Toutefois, nous ne vendrons, n\u2019\u00e9changerons ni ne louerons jamais vos informations \u00e0 d\u2019autres organisations.<\/p>\n<h5>LES DONN\u00c9ES QUE NOUS RECUEILLONS COMPRENDRONT:<\/h5>\n<ul>\n<li>Les informations que vous nous donnez afin que nous vous fournirons les d\u00e9tails et sp\u00e9cifications du produit afin de r\u00e9pondre \u00e0 vos commandes et demandes de service sp\u00e9cifiques<\/li>\n<li>Informations anonymes concernant votre utilisation de notre site Web qui pourraient inclure : les pages que vous avez visit\u00e9es, le type de navigateur que vous avez utilis\u00e9 et tous les fichiers que vous avez t\u00e9l\u00e9charg\u00e9s \u00e0 partir de notre centre de donn\u00e9es. Nous utilisons ces informations pour am\u00e9liorer continuellement la qualit\u00e9 de l\u2019information que nous fournissons et pour am\u00e9liorer la facilit\u00e9 d\u2019utilisation de notre site Web.<\/li>\n<\/ul>\n<h5>LES RENSEIGNEMENTS PERSONNELS QUE VOUS FOURNISSEZ NOUS PERMETTRONT DE :<\/h5>\n<ul>\n<li>Aider \u00e0 fournir de l\u2019information, des services et du soutien sur les produits<\/li>\n<li>Envoyez-vous des informations telles que des mises \u00e0 jour sur les produits et la s\u00e9curit\u00e9, du mat\u00e9riel promotionnel et des enqu\u00eates aupr\u00e8s des clients, etc., et<\/li>\n<li>D\u00e9velopper davantage nos produits et services<\/li>\n<\/ul>\n<h5>MISE \u00c0 JOUR OU SUPPRESSION DE VOS RENSEIGNEMENTS PERSONNELS<\/h5>\n<p>\u00c0 tout moment, vous pouvez nous demander d\u2019arr\u00eater de vous contacter par t\u00e9l\u00e9phone, par la poste ou par voie \u00e9lectronique et aussi de supprimer toute information personnelle que le Groupe Elmac d\u00e9tient \u00e0 votre sujet. Vous pouvez \u00e9galement nous demander de corriger ou de mettre \u00e0 jour vos renseignements personnels.<\/p>\n<p>Pour v\u00e9rifier vos coordonn\u00e9es, les mettre \u00e0 jour ou pour vous d\u00e9sabonner de la r\u00e9ception des communications des entreprises du Groupe Elmac, veuillez envoyer un e-mail \u00e0 info@elmactechnologies.com ou nous appeler au +44 1352 717667. Pour nous contacter en ce qui concerne toute question de confidentialit\u00e9, veuillez envoyer un webmaster@elmactechnologies.com.<\/p>\n<h5>NOTRE UTILISATION DE COOKIES<\/h5>\n<p>Les cookies sont de petits fichiers texte qui sont plac\u00e9s sur votre ordinateur par des sites Web que vous visitez. Ils sont largement utilis\u00e9s afin de faire fonctionner les sites Web, ou de travailler plus efficacement, ainsi que de fournir des informations aux propri\u00e9taires du site. La plupart des navigateurs Web permettent un certain contr\u00f4le de la plupart des cookies \u00e0 travers les param\u00e8tres du navigateur.<br \/><br \/>Pour en savoir plus sur les cookies, y compris comment voir quels cookies ont \u00e9t\u00e9 d\u00e9finis et comment les g\u00e9rer et les supprimer, visitez\u00a0<a class=\"t_underline\" href=\"https:\/\/ssl.microsofttranslator.com\/bv.aspx?ref=TAns&amp;from=&amp;to=fr&amp;a=www.allaboutcookies.org\" target=\"_blank\" rel=\"noopener noreferrer\">www.allaboutcookies.org<\/a>\u00a0Les informations ci-dessous r\u00e9pertorient les cookies utilis\u00e9s sur\u00a0<a class=\"t_underline\" href=\"https:\/\/ssl.microsofttranslator.com\/bv.aspx?ref=TAns&amp;from=&amp;to=fr&amp;a=www.elmactechnologies.com\" target=\"_blank\" rel=\"noopener noreferrer\">www.elmactechnologies.com<\/a>\u00a0et expliquent ce qu\u2019ils sont.<\/p>\n<p>__utma<\/p>\n<p>Contenu typique : nombre g\u00e9n\u00e9r\u00e9 au hasard.<br \/>Expire: 2 ans<\/p>\n<p>__utmb<\/p>\n<p>Contenu typique : nombre g\u00e9n\u00e9r\u00e9 au hasard.<br \/>Expire : 30 minutes<\/p>\n<p>__utmc<\/p>\n<p>Contenu typique : nombre g\u00e9n\u00e9r\u00e9 au hasard.<br \/>Expire : lorsque l\u2019utilisateur quitte le navigateur<\/p>\n<p>__utmz<\/p>\n<p>Contenu typique : Nombre g\u00e9n\u00e9r\u00e9 au hasard + informations sur la fa\u00e7on dont le site a \u00e9t\u00e9 atteint (par exemple directement ou via un lien, une recherche organique ou une recherche payante).<br \/>Expire: 6 mois<br \/><br \/>Suivez ce lien pour un aper\u00e7u de la confidentialit\u00e9 chez Google : les cookies\u00a0<a class=\"t_underline\" href=\"https:\/\/ssl.microsofttranslator.com\/bv.aspx?ref=TAns&amp;from=&amp;to=fr&amp;a=http%3A%2F%2Fwww.google.co.uk%2Fintl%2Fen%2Fanalytics%2Fprivacyoverview.htmlGoogle\" target=\"_blank\" rel=\"noopener noreferrer\">http:\/\/www.google.co.uk\/intl\/en\/analytics\/privacyoverview.htmlGoogle<\/a>\u00a0Analytics sont utilis\u00e9s pour recueillir des informations sur la fa\u00e7on dont les visiteurs utilisent notre site. Nous utilisons ces informations pour compiler des rapports et nous aider \u00e0 am\u00e9liorer le site. Les cookies recueillent des informations sous une forme anonyme, y compris le nombre de visiteurs sur le site, o\u00f9 les visiteurs sont venus sur le site et les pages qu\u2019ils ont visit\u00e9es sur ce site.<br \/><br \/>Pour refuser d\u2019\u00eatre suivi par Google Analytics sur tous les sites Web, visitez\u00a0<a class=\"t_underline\" href=\"https:\/\/ssl.microsofttranslator.com\/bv.aspx?ref=TAns&amp;from=&amp;to=fr&amp;a=http%3A%2F%2Ftools.google.com%2Fdlpage%2Fgaoptout\" target=\"_blank\" rel=\"noopener noreferrer\">http:\/\/tools.google.com\/dlpage\/gaoptout<\/a><\/p>\n<p><strong>LIENS TIERS<\/strong><\/p>\n<p>Nous tenons toutefois \u00e0 souligner que nous ne pouvons \u00eatre tenus responsables des pratiques en mati\u00e8re de protection de la vie priv\u00e9e ou du contenu de sites Web tiers qui pourraient \u00eatre li\u00e9s \u00e0 nos sites Web du Groupe.<\/p>\n<p><strong>CONTENU<\/strong><\/p>\n<p>L\u2019ensemble du contenu du site Web d\u2019Elmac Technologies est prot\u00e9g\u00e9 par le droit d\u2019auteur en tant qu\u2019\u0153uvre collective en vertu de la loi britannique et est la propri\u00e9t\u00e9 du groupe Elmac.<\/p>\n<p><strong>INDEMNISATION<\/strong><\/p>\n<p>En utilisant ce site, vous acceptez d\u2019indemniser, d\u00e9fendre et d\u00e9tenir inoffensifs, le Groupe Elmac, ses soci\u00e9t\u00e9s, dirigeants, administrateurs, employ\u00e9s, agents et fournisseurs de et contre toutes les r\u00e9clamations, pertes, d\u00e9penses, dommages et co\u00fbts, y compris, sans limitation, tous les frais juridiques raisonnables d\u00e9coulant ou se rapportant en aucune fa\u00e7on \u00e0 votre utilisation des sites Web du Groupe Elmac.<\/p>\n<p>Veuillez contacter votre repr\u00e9sentant Elmac Technologies ou Elmac Group si vous avez des questions concernant cette d\u00e9claration de confidentialit\u00e9. Veuillez \u00e9galement revenir \u00e0 cette page p\u00e9riodiquement, car notre politique de confidentialit\u00e9 peut changer de temps en temps.<\/p>\n\n\n<p><\/p>\n","protected":false},"excerpt":{"rendered":"<p>Elmac Technologies est membre du Elmac Group, une organisation qui s\u2019engage \u00e0 garantir la s\u00e9curit\u00e9 et la protection de vos renseignements personnels. Nous utilisons une s\u00e9rie de mesures pour prot\u00e9ger toutes les informations que vous nous soumettez, et voulons que vous sachiez que chaque fois que nous demandons vos coordonn\u00e9es personnelles, nous ne les utiliserons [&hellip;]<\/p>\n","protected":false},"author":20,"featured_media":0,"parent":0,"menu_order":0,"comment_status":"closed","ping_status":"closed","template":"","meta":{"_acf_changed":false,"footnotes":""},"class_list":["post-7126","page","type-page","status-publish","hentry"],"acf":[],"_links":{"self":[{"href":"https:\/\/elmactechnologies.com\/fr\/wp-json\/wp\/v2\/pages\/7126","targetHints":{"allow":["GET"]}}],"collection":[{"href":"https:\/\/elmactechnologies.com\/fr\/wp-json\/wp\/v2\/pages"}],"about":[{"href":"https:\/\/elmactechnologies.com\/fr\/wp-json\/wp\/v2\/types\/page"}],"author":[{"embeddable":true,"href":"https:\/\/elmactechnologies.com\/fr\/wp-json\/wp\/v2\/users\/20"}],"replies":[{"embeddable":true,"href":"https:\/\/elmactechnologies.com\/fr\/wp-json\/wp\/v2\/comments?post=7126"}],"version-history":[{"count":2,"href":"https:\/\/elmactechnologies.com\/fr\/wp-json\/wp\/v2\/pages\/7126\/revisions"}],"predecessor-version":[{"id":7129,"href":"https:\/\/elmactechnologies.com\/fr\/wp-json\/wp\/v2\/pages\/7126\/revisions\/7129"}],"wp:attachment":[{"href":"https:\/\/elmactechnologies.com\/fr\/wp-json\/wp\/v2\/media?parent=7126"}],"curies":[{"name":"wp","href":"https:\/\/api.w.org\/{rel}","templated":true}]}}