

{"id":8840,"date":"2017-12-07T11:43:46","date_gmt":"2017-12-07T11:43:46","guid":{"rendered":"https:\/\/elmactechnologies.com\/expertise\/"},"modified":"2021-01-19T13:38:58","modified_gmt":"2021-01-19T13:38:58","slug":"expertise","status":"publish","type":"page","link":"https:\/\/elmactechnologies.com\/fr\/expertise\/","title":{"rendered":"Expertise"},"content":{"rendered":"<p>Elmac est la marque de choix des ing\u00e9nieurs sur le march\u00e9 mondial des arr\u00eate-flammes et de la protection des r\u00e9servoirs.<\/p>\n<p>Les trois piliers de notre proposition de valeur unique se concentrent sur les caract\u00e9ristiques innovantes de nos produits, les avantages op\u00e9rationnels pour nos clients et, enfin et surtout, l&rsquo;expertise de notre \u00e9quipe technique, qui a de nombreuses ann\u00e9es d&rsquo;exp\u00e9rience de premi\u00e8re main dans l&rsquo;industrie avec des comp\u00e9tences in\u00e9gal\u00e9es en r\u00e9solution de probl\u00e8mes.<\/p>\n","protected":false},"excerpt":{"rendered":"<p>Elmac est la marque de choix des ing\u00e9nieurs sur le march\u00e9 mondial des arr\u00eate-flammes et de la protection des r\u00e9servoirs. Les trois piliers de notre proposition de valeur unique se concentrent sur les caract\u00e9ristiques innovantes de nos produits, les avantages op\u00e9rationnels pour nos clients et, enfin et surtout, l&rsquo;expertise de notre \u00e9quipe technique, qui a [&hellip;]<\/p>\n","protected":false},"author":20,"featured_media":6073,"parent":0,"menu_order":0,"comment_status":"closed","ping_status":"closed","template":"template-static-content.php","meta":{"_acf_changed":false,"footnotes":""},"class_list":["post-8840","page","type-page","status-publish","has-post-thumbnail","hentry"],"acf":[],"_links":{"self":[{"href":"https:\/\/elmactechnologies.com\/fr\/wp-json\/wp\/v2\/pages\/8840","targetHints":{"allow":["GET"]}}],"collection":[{"href":"https:\/\/elmactechnologies.com\/fr\/wp-json\/wp\/v2\/pages"}],"about":[{"href":"https:\/\/elmactechnologies.com\/fr\/wp-json\/wp\/v2\/types\/page"}],"author":[{"embeddable":true,"href":"https:\/\/elmactechnologies.com\/fr\/wp-json\/wp\/v2\/users\/20"}],"replies":[{"embeddable":true,"href":"https:\/\/elmactechnologies.com\/fr\/wp-json\/wp\/v2\/comments?post=8840"}],"version-history":[{"count":2,"href":"https:\/\/elmactechnologies.com\/fr\/wp-json\/wp\/v2\/pages\/8840\/revisions"}],"predecessor-version":[{"id":8843,"href":"https:\/\/elmactechnologies.com\/fr\/wp-json\/wp\/v2\/pages\/8840\/revisions\/8843"}],"wp:featuredmedia":[{"embeddable":true,"href":"https:\/\/elmactechnologies.com\/fr\/wp-json\/wp\/v2\/media\/6073"}],"wp:attachment":[{"href":"https:\/\/elmactechnologies.com\/fr\/wp-json\/wp\/v2\/media?parent=8840"}],"curies":[{"name":"wp","href":"https:\/\/api.w.org\/{rel}","templated":true}]}}