

{"id":10741,"date":"2021-07-20T14:38:43","date_gmt":"2021-07-20T13:38:43","guid":{"rendered":"https:\/\/elmactechnologies.com\/flame-arrester-maintenance-guide\/"},"modified":"2021-07-28T14:53:11","modified_gmt":"2021-07-28T13:53:11","slug":"flame-arrester-maintenance-guide","status":"publish","type":"page","link":"https:\/\/elmactechnologies.com\/pt-br\/flame-arrester-maintenance-guide\/","title":{"rendered":"Guia de Manuten\u00e7\u00e3o de Corta-Chamas"},"content":{"rendered":"\n<h3 class=\"wp-block-heading\">O Conselho de Seguran\u00e7a Qu\u00edmica (CSB) Recomenda:<\/h3>\n\n\n\n<p>Os Corta-Chamas requerem inspe\u00e7\u00e3o e manuten\u00e7\u00e3o regulares (limpeza) para manter a funcionalidade. Sujeira e pequenas part\u00edculas acumuladas no Elemento Corta-Chamas, ninhos de insetos no corpo e corros\u00e3o podem degradar o desempenho.<\/p>\n\n\n\n<div class=\"wp-block-image\"><figure class=\"alignright size-large is-resized\"><img loading=\"lazy\" decoding=\"async\" src=\"https:\/\/elmactechnologies.com\/wp-content\/uploads\/2020\/03\/Service-hero-7b-1024x739.jpg\" alt=\"\" class=\"wp-image-4100\" width=\"446\" height=\"322\" srcset=\"https:\/\/elmactechnologies.com\/wp-content\/uploads\/2020\/03\/Service-hero-7b-1024x739.jpg 1024w, https:\/\/elmactechnologies.com\/wp-content\/uploads\/2020\/03\/Service-hero-7b-300x217.jpg 300w, https:\/\/elmactechnologies.com\/wp-content\/uploads\/2020\/03\/Service-hero-7b-768x554.jpg 768w, https:\/\/elmactechnologies.com\/wp-content\/uploads\/2020\/03\/Service-hero-7b-800x578.jpg 800w, https:\/\/elmactechnologies.com\/wp-content\/uploads\/2020\/03\/Service-hero-7b-400x289.jpg 400w, https:\/\/elmactechnologies.com\/wp-content\/uploads\/2020\/03\/Service-hero-7b.jpg 1600w\" sizes=\"auto, (max-width: 446px) 100vw, 446px\" \/><\/figure><\/div>\n\n\n\n<h3 class=\"wp-block-heading\">Orienta\u00e7\u00e3o sobre Intervalos de Inspe\u00e7\u00e3o<\/h3>\n\n\n\n<p>Muitos problemas podem ser identificados facilmente por meio de regimes de inspe\u00e7\u00e3o simples, mas muitas vezes os Corta-Chamas n\u00e3o recebem manuten\u00e7\u00e3o regularmente. A Elmac recomenda:<\/p>\n\n\n\n<ul class=\"wp-block-list\"><li>Uma primeira inspe\u00e7\u00e3o 3 meses ap\u00f3s o comissionamento<\/li><li>Uma inspe\u00e7\u00e3o anual \u00e9 recomendada, no m\u00ednimo, mesmo para processos \u201climpos\u201d<\/li><li>Uma inspe\u00e7\u00e3o se houver qualquer evid\u00eancia de explos\u00e3o<\/li><\/ul>\n\n\n\n<h3 class=\"wp-block-heading\">Diretrizes de Manuten\u00e7\u00e3o:<\/h3>\n\n\n\n<ul class=\"wp-block-list\"><li>Verifique se o Corta-Chamas est\u00e1 instalado corretamente. Est\u00e1 de acordo com as condi\u00e7\u00f5es de opera\u00e7\u00e3o do Corta-Chamas?<\/li><li>Certifique-se de que nenhuma modifica\u00e7\u00e3o foi feita no Corta-Chamas sem o consentimento por escrito do fabricante.<\/li><li>Corta-Chamas danificados devem ser retirados de opera\u00e7\u00e3o e reparados ou substitu\u00eddos.<\/li><li>Somente pe\u00e7as sobressalentes do fabricante original podem ser usadas em Corta-Chamas. Se obsoleto (ou seja, pr\u00e9-ATEX), todo o equipamento precisar\u00e1 ser substitu\u00edda.<\/li><li>Verifique se o Corta-Chamas est\u00e1 seguro na tubula\u00e7\u00e3o e n\u00e3o sujeito a tens\u00f5es indevidas.<\/li><li>Todas as aberturas (drenos) s\u00e3o vedadas com seguran\u00e7a com acess\u00f3rios \u00e0 prova de g\u00e1s.<\/li><li>Aperte todos os fixadores com o torque necess\u00e1rio.<\/li><li>Fa\u00e7a registros precisos do trabalho realizado.<\/li><\/ul>\n\n\n\n<h3 class=\"wp-block-heading\">Considera\u00e7\u00f5es de Manuten\u00e7\u00e3o Comuns Aplic\u00e1veis a todos os Corta-Chamas:<\/h3>\n\n\n\n<ul class=\"wp-block-list\"><li>Bloqueio do elemento<\/li><li>Corros\u00e3o<\/li><li>Dano mec\u00e2nico<\/li><\/ul>\n\n\n\n<h3 class=\"wp-block-heading\">Manuten\u00e7\u00e3o do Corta-Chamas em Plataformas de Petr\u00f3leo Offshore<\/h3>\n\n\n\n<p>Ap\u00f3s discuss\u00f5es com v\u00e1rios dos principais operadores offshore, a Elmac descobriu que os Corta-Chamas &#8211; pe\u00e7as essenciais do equipamento de seguran\u00e7a &#8211; s\u00e3o freq\u00fcentemente esquecidos durante os per\u00edodos planejados de manuten\u00e7\u00e3o e parada. <\/p>\n\n\n\n<p>Corta-Chamas mal mantidos, corro\u00eddos ou danificados podem n\u00e3o ser capazes de fornecer a prote\u00e7\u00e3o contra explos\u00e3o para a qual foram projetados. Alguns dos problemas que vimos incluem:<\/p>\n\n\n\n<ul class=\"wp-block-list\"><li>Corta-Chamas em a\u00e7o inoxid\u00e1vel conectados a tubos de a\u00e7o carbono sem kits de isolamento instalados &#8211; isso pode causar corros\u00e3o galv\u00e2nica grave.<\/li><li>Corta-Chamas sem capuz de prote\u00e7\u00e3o (prote\u00e7\u00e3o contra intemp\u00e9ries) &#8211; os elementos podem ficar gravemente danificados e levemente removidos do corpo do Corta-Chamas. Se um Corta-Chamas for danificado, sua efic\u00e1cia para parar uma chama ser\u00e1 prejudicada e ele deve ser substitu\u00eddo.<\/li><li>Corta-Chamas em a\u00e7o carbono com forte corros\u00e3o. O parafuso do elemento pode ser fixado firmemente na unidade, indicando que ele ser\u00e1 negligenciado durante os regimes de manuten\u00e7\u00e3o planejada.<\/li><li>Corta-Chamas improvisados montados em uma linha de ventila\u00e7\u00e3o onde a se\u00e7\u00e3o externa da linha \u00e9 pesada com incrusta\u00e7\u00f5es de superf\u00edcie. Nem \u00e9 preciso dizer que apenas equipamentos certificados de acordo com as normas mais recentes podem ser usados como Corta-Chamas.<\/li><\/ul>\n\n\n\n<div data-wp-interactive=\"core\/file\" class=\"wp-block-file\"><object data-wp-bind--hidden=\"!state.hasPdfPreview\" hidden class=\"wp-block-file__embed\" data=\"https:\/\/elmactechnologies.com\/wp-content\/uploads\/2021\/07\/Flame-Arrester-Maintenance-Guide-Portuguese-5.pdf\" type=\"application\/pdf\" style=\"width:100%;height:600px\" aria-label=\"Incorporado de Embed of Guia de Manuten\u00e7\u00e3o de Corta-Chamas..\"><\/object><a href=\"https:\/\/elmactechnologies.com\/wp-content\/uploads\/2021\/07\/Flame-Arrester-Maintenance-Guide-Portuguese-5.pdf\" target=\"_blank\" rel=\"noreferrer noopener\">Guia de Manuten\u00e7\u00e3o de Corta-Chamas<\/a><a href=\"https:\/\/elmactechnologies.com\/wp-content\/uploads\/2021\/07\/Flame-Arrester-Maintenance-Guide-Portuguese-5.pdf\" class=\"wp-block-file__button\" download>Baixar PDF<\/a><\/div>\n","protected":false},"excerpt":{"rendered":"<p>O Conselho de Seguran\u00e7a Qu\u00edmica (CSB) Recomenda: Os Corta-Chamas requerem inspe\u00e7\u00e3o e manuten\u00e7\u00e3o regulares (limpeza) para manter a funcionalidade. Sujeira e pequenas part\u00edculas acumuladas no Elemento Corta-Chamas, ninhos de insetos no corpo e corros\u00e3o podem degradar o desempenho. Orienta\u00e7\u00e3o sobre Intervalos de Inspe\u00e7\u00e3o Muitos problemas podem ser identificados facilmente por meio de regimes de inspe\u00e7\u00e3o [&hellip;]<\/p>\n","protected":false},"author":20,"featured_media":10742,"parent":0,"menu_order":0,"comment_status":"closed","ping_status":"closed","template":"","meta":{"_acf_changed":false,"footnotes":""},"class_list":["post-10741","page","type-page","status-publish","has-post-thumbnail","hentry"],"acf":[],"_links":{"self":[{"href":"https:\/\/elmactechnologies.com\/pt-br\/wp-json\/wp\/v2\/pages\/10741","targetHints":{"allow":["GET"]}}],"collection":[{"href":"https:\/\/elmactechnologies.com\/pt-br\/wp-json\/wp\/v2\/pages"}],"about":[{"href":"https:\/\/elmactechnologies.com\/pt-br\/wp-json\/wp\/v2\/types\/page"}],"author":[{"embeddable":true,"href":"https:\/\/elmactechnologies.com\/pt-br\/wp-json\/wp\/v2\/users\/20"}],"replies":[{"embeddable":true,"href":"https:\/\/elmactechnologies.com\/pt-br\/wp-json\/wp\/v2\/comments?post=10741"}],"version-history":[{"count":7,"href":"https:\/\/elmactechnologies.com\/pt-br\/wp-json\/wp\/v2\/pages\/10741\/revisions"}],"predecessor-version":[{"id":10833,"href":"https:\/\/elmactechnologies.com\/pt-br\/wp-json\/wp\/v2\/pages\/10741\/revisions\/10833"}],"wp:featuredmedia":[{"embeddable":true,"href":"https:\/\/elmactechnologies.com\/pt-br\/wp-json\/wp\/v2\/media\/10742"}],"wp:attachment":[{"href":"https:\/\/elmactechnologies.com\/pt-br\/wp-json\/wp\/v2\/media?parent=10741"}],"curies":[{"name":"wp","href":"https:\/\/api.w.org\/{rel}","templated":true}]}}