

{"id":8881,"date":"2017-11-17T11:11:59","date_gmt":"2017-11-17T11:11:59","guid":{"rendered":"https:\/\/elmactechnologies.com\/about-us\/"},"modified":"2021-01-25T09:45:28","modified_gmt":"2021-01-25T09:45:28","slug":"sobre-nos","status":"publish","type":"page","link":"https:\/\/elmactechnologies.com\/pt-br\/sobre-nos\/","title":{"rendered":"Sobre N\u00f3s"},"content":{"rendered":"<p>Com mais de 70 anos de hist\u00f3ria, a Elmac estabeleceu uma reputa\u00e7\u00e3o global invej\u00e1vel para o projeto, fabrica\u00e7\u00e3o e fornecimento de produtos de seguran\u00e7a essenciais para processos.\u00a0Nossos inovadores Corta-Chamas e Equipamentos de Ventila\u00e7\u00e3o de Baixa Press\u00e3o s\u00e3o utilizados por OEMs e operadores em uma ampla gama de setores da ind\u00fastria, incluindo: petr\u00f3leo e g\u00e1s, petroqu\u00edmica, biocombust\u00edveis, minera\u00e7\u00e3o, produtos farmac\u00eauticos, gera\u00e7\u00e3o de energia, agroqu\u00edmicos e destilarias.<\/p>\n<p>Localizada no Reino Unido, com projeto, fabrica\u00e7\u00e3o, teste e instala\u00e7\u00f5es comerciais de \u00faltima gera\u00e7\u00e3o, a Elmac Technologies est\u00e1 desenvolvendo rapidamente uma gama abrangente de Corta-Chamas de Deflagra\u00e7\u00e3o Em Linha e Final de Linha e Corta-Chamas de Detona\u00e7\u00e3o Inst\u00e1vel Em Linha .\u00a0Esses dispositivos s\u00e3o adequados para uso em grupos de explosividade IIA, IIB3 e IIC, tendo sido rigorosamente testados de acordo com as normas internacionais relevantes.\u00a0A linha de produtos Elmac tamb\u00e9m incorpora uma ampla variedade de v\u00e1lvulas e outros equipamentos de ventila\u00e7\u00e3o de baixa press\u00e3o projetados para atender aos requisitos espec\u00edficos do cliente.<\/p>\n","protected":false},"excerpt":{"rendered":"<p>Com mais de 70 anos de hist\u00f3ria, a Elmac estabeleceu uma reputa\u00e7\u00e3o global invej\u00e1vel para o projeto, fabrica\u00e7\u00e3o e fornecimento de produtos de seguran\u00e7a essenciais para processos.\u00a0Nossos inovadores Corta-Chamas e Equipamentos de Ventila\u00e7\u00e3o de Baixa Press\u00e3o s\u00e3o utilizados por OEMs e operadores em uma ampla gama de setores da ind\u00fastria, incluindo: petr\u00f3leo e g\u00e1s, petroqu\u00edmica, [&hellip;]<\/p>\n","protected":false},"author":20,"featured_media":11696,"parent":0,"menu_order":0,"comment_status":"closed","ping_status":"closed","template":"template-static-content.php","meta":{"_acf_changed":false,"footnotes":""},"class_list":["post-8881","page","type-page","status-publish","has-post-thumbnail","hentry"],"acf":[],"_links":{"self":[{"href":"https:\/\/elmactechnologies.com\/pt-br\/wp-json\/wp\/v2\/pages\/8881","targetHints":{"allow":["GET"]}}],"collection":[{"href":"https:\/\/elmactechnologies.com\/pt-br\/wp-json\/wp\/v2\/pages"}],"about":[{"href":"https:\/\/elmactechnologies.com\/pt-br\/wp-json\/wp\/v2\/types\/page"}],"author":[{"embeddable":true,"href":"https:\/\/elmactechnologies.com\/pt-br\/wp-json\/wp\/v2\/users\/20"}],"replies":[{"embeddable":true,"href":"https:\/\/elmactechnologies.com\/pt-br\/wp-json\/wp\/v2\/comments?post=8881"}],"version-history":[{"count":2,"href":"https:\/\/elmactechnologies.com\/pt-br\/wp-json\/wp\/v2\/pages\/8881\/revisions"}],"predecessor-version":[{"id":8891,"href":"https:\/\/elmactechnologies.com\/pt-br\/wp-json\/wp\/v2\/pages\/8881\/revisions\/8891"}],"wp:featuredmedia":[{"embeddable":true,"href":"https:\/\/elmactechnologies.com\/pt-br\/wp-json\/wp\/v2\/media\/11696"}],"wp:attachment":[{"href":"https:\/\/elmactechnologies.com\/pt-br\/wp-json\/wp\/v2\/media?parent=8881"}],"curies":[{"name":"wp","href":"https:\/\/api.w.org\/{rel}","templated":true}]}}