

{"id":8900,"date":"2017-09-18T16:53:29","date_gmt":"2017-09-18T15:53:29","guid":{"rendered":"https:\/\/elmactechnologies.com\/contact-us\/"},"modified":"2021-01-25T09:52:18","modified_gmt":"2021-01-25T09:52:18","slug":"contate-nos","status":"publish","type":"page","link":"https:\/\/elmactechnologies.com\/pt-br\/contate-nos\/","title":{"rendered":"Contate-nos"},"content":{"rendered":"\n<div class=\"wpcf7 no-js\" id=\"wpcf7-f9685-o1\" lang=\"pt-BR\" dir=\"ltr\" data-wpcf7-id=\"9685\">\n<div class=\"screen-reader-response\"><p role=\"status\" aria-live=\"polite\" aria-atomic=\"true\"><\/p> <ul><\/ul><\/div>\n<form action=\"\/pt-br\/wp-json\/wp\/v2\/pages\/8900#wpcf7-f9685-o1\" method=\"post\" class=\"wpcf7-form init\" aria-label=\"Formul\u00e1rios de contato\" enctype=\"multipart\/form-data\" novalidate=\"novalidate\" data-status=\"init\">\n<fieldset class=\"hidden-fields-container\"><input type=\"hidden\" name=\"_wpcf7\" value=\"9685\" \/><input type=\"hidden\" name=\"_wpcf7_version\" value=\"6.1.5\" \/><input type=\"hidden\" name=\"_wpcf7_locale\" value=\"pt_BR\" \/><input type=\"hidden\" name=\"_wpcf7_unit_tag\" value=\"wpcf7-f9685-o1\" \/><input type=\"hidden\" name=\"_wpcf7_container_post\" value=\"0\" \/><input type=\"hidden\" name=\"_wpcf7_posted_data_hash\" value=\"\" \/><input type=\"hidden\" name=\"_wpcf7_recaptcha_response\" value=\"\" \/>\n<\/fieldset>\n<div class=\"field-row\">\n\t<div>\n\t\t<p><span class=\"wpcf7-form-control-wrap\" data-name=\"your-name\"><input size=\"40\" maxlength=\"400\" class=\"wpcf7-form-control wpcf7-text wpcf7-validates-as-required\" aria-required=\"true\" aria-invalid=\"false\" placeholder=\"Primeiro Nome\" value=\"\" type=\"text\" name=\"your-name\" \/><\/span>\n\t\t<\/p>\n\t<\/div>\n\t<div>\n\t\t<p><span class=\"wpcf7-form-control-wrap\" data-name=\"surname\"><input size=\"40\" maxlength=\"400\" class=\"wpcf7-form-control wpcf7-text wpcf7-validates-as-required\" aria-required=\"true\" aria-invalid=\"false\" placeholder=\"Sobrenome\" value=\"\" type=\"text\" name=\"surname\" \/><\/span>\n\t\t<\/p>\n\t<\/div>\n\t<div>\n\t\t<p><span class=\"wpcf7-form-control-wrap\" data-name=\"company\"><input size=\"40\" maxlength=\"400\" class=\"wpcf7-form-control wpcf7-text wpcf7-validates-as-required\" aria-required=\"true\" aria-invalid=\"false\" placeholder=\"Empresa\" value=\"\" type=\"text\" name=\"company\" \/><\/span>\n\t\t<\/p>\n\t<\/div>\n<\/div>\n<div class=\"field-row\">\n\t<div>\n\t\t<p><span class=\"wpcf7-form-control-wrap\" data-name=\"email\"><input size=\"40\" maxlength=\"400\" class=\"wpcf7-form-control wpcf7-email wpcf7-validates-as-required wpcf7-text wpcf7-validates-as-email\" aria-required=\"true\" aria-invalid=\"false\" placeholder=\"Email\" value=\"\" type=\"email\" name=\"email\" \/><\/span>\n\t\t<\/p>\n\t<\/div>\n\t<div>\n\t\t<p><span class=\"wpcf7-form-control-wrap\" data-name=\"phone\"><input size=\"40\" maxlength=\"400\" class=\"wpcf7-form-control wpcf7-text wpcf7-validates-as-required\" aria-required=\"true\" aria-invalid=\"false\" placeholder=\"Telefone\" value=\"\" type=\"text\" name=\"phone\" \/><\/span>\n\t\t<\/p>\n\t<\/div>\n<\/div>\n<div class=\"field-message-row\">\n\t<p><span class=\"wpcf7-form-control-wrap\" data-name=\"message\"><textarea cols=\"40\" rows=\"10\" maxlength=\"2000\" class=\"wpcf7-form-control wpcf7-textarea\" aria-invalid=\"false\" placeholder=\"Mensagem\" name=\"message\"><\/textarea><\/span>\n\t<\/p>\n\t<div class=\"file\">\n\t\t<p><i class=\"fa fa-upload\"><\/i><span>Upload File:Pdf,doc,docx,jpg<\/span>\n\t\t<\/p>\n\t<\/div>\n\t<p><span class=\"wpcf7-form-control-wrap\" data-name=\"uploaded-file\"><input size=\"40\" class=\"wpcf7-form-control wpcf7-file\" accept=\".pdf,.doc,.docx,.jpg\" aria-invalid=\"false\" type=\"file\" name=\"uploaded-file\" \/><\/span>\n\t<\/p>\n<\/div>\n<p><span class=\"wpcf7-form-control-wrap\" data-name=\"terms\"><span class=\"wpcf7-form-control wpcf7-checkbox wpcf7-validates-as-required\"><span class=\"wpcf7-list-item first last\"><label><input type=\"checkbox\" name=\"terms[]\" value=\"Eu concordo com os Termos de Uso da Elmac Technologies Ltd\" \/><span class=\"wpcf7-list-item-label\">Eu concordo com os Termos de Uso da Elmac Technologies Ltd<\/span><\/label><\/span><\/span><\/span>\n<\/p>\n<div class=\"field-row pl\">\n\t<p><br \/>\nGostar\u00edamos de mant\u00ea-lo informado com novidades sobre nossos produtos e servi\u00e7os mais recentes.\n\t<\/p>\n<\/div>\n<div class=\"gdpr pl\">\n\t<div>\n\t\t<p>Marque aqui para receber comunica\u00e7\u00f5es de:\n\t\t<\/p>\n\t<\/div>\n\t<p><span class=\"wpcf7-form-control-wrap\" data-name=\"checkbox-442\"><span class=\"wpcf7-form-control wpcf7-checkbox\"><span class=\"wpcf7-list-item first\"><label><input type=\"checkbox\" name=\"checkbox-442[]\" value=\"Email\" \/><span class=\"wpcf7-list-item-label\">Email<\/span><\/label><\/span><span class=\"wpcf7-list-item\"><label><input type=\"checkbox\" name=\"checkbox-442[]\" value=\"Phone\" \/><span class=\"wpcf7-list-item-label\">Phone<\/span><\/label><\/span><span class=\"wpcf7-list-item last\"><label><input type=\"checkbox\" name=\"checkbox-442[]\" value=\"Post\" \/><span class=\"wpcf7-list-item-label\">Post<\/span><\/label><\/span><\/span><\/span>\n\t<\/p>\n<\/div>\n<div class=\"smallprint-reveal\">\n\t<p>Sua privacidade (see our <a href=\"\/privacy\/\">Pol\u00edtica de Privacidade<\/a> para detalhes completos)\n\t<\/p>\n<\/div>\n<div class=\"smallprint\" style=\"display:none;\">\n\t<p>Elmac Technologies Ltd ir\u00e1 processar os dados pessoais que voc\u00ea fornecer juntamente com quaisquer outras informa\u00e7\u00f5es que n\u00f3s<br \/>\nreceber de ou sobre voc\u00ea para administra\u00e7\u00e3o, pesquisa de mercado, cria\u00e7\u00e3o de perfis e constru\u00e7\u00e3o de relacionamento com base em<br \/>\nnossos leg\u00edtimos interesses em faz\u00ea-lo. Podemos ret\u00ea-lo pelo tempo necess\u00e1rio em servidores seguros no Reino Unido usando<br \/>\num provedor de servi\u00e7os confi\u00e1vel.\n\t<\/p>\n\t<p>Com o seu consentimento, enviaremos as informa\u00e7\u00f5es solicitadas pelos m\u00e9todos de comunica\u00e7\u00e3o que voc\u00ea escolheu.\n\t<\/p>\n\t<p>Voc\u00ea tem o direito de acessar seus dados pessoais e, em alguns casos, exigir que os restrinjam, apagemos ou retifiquemos<br \/>\nou se opor ao nosso processamento e ao direito de portabilidade dos dados.\n\t<\/p>\n\t<p>Preocupa\u00e7\u00f5es ou reclama\u00e7\u00f5es podem ser feitas para sales@elmactech.com ou para o Information Commissioner's Office.\n\t<\/p>\n<\/div>\n<div class=\"bottom-form\">\n\t<p><button type=\"submit\" class=\"ghost-button white-ghost-button fade-button\">Enviar <i class=\"fa fa-angle-right\"><\/i><\/button>\n\t<\/p>\n<\/div><input type='hidden' class='wpcf7-pum' value='{\"closepopup\":false,\"closedelay\":0,\"openpopup\":false,\"openpopup_id\":0}' \/><div class=\"wpcf7-response-output\" aria-hidden=\"true\"><\/div>\n<\/form>\n<\/div>\n\n","protected":false},"excerpt":{"rendered":"","protected":false},"author":20,"featured_media":0,"parent":0,"menu_order":0,"comment_status":"closed","ping_status":"closed","template":"template-contact.php","meta":{"_acf_changed":false,"footnotes":""},"class_list":["post-8900","page","type-page","status-publish","hentry"],"acf":[],"_links":{"self":[{"href":"https:\/\/elmactechnologies.com\/pt-br\/wp-json\/wp\/v2\/pages\/8900","targetHints":{"allow":["GET"]}}],"collection":[{"href":"https:\/\/elmactechnologies.com\/pt-br\/wp-json\/wp\/v2\/pages"}],"about":[{"href":"https:\/\/elmactechnologies.com\/pt-br\/wp-json\/wp\/v2\/types\/page"}],"author":[{"embeddable":true,"href":"https:\/\/elmactechnologies.com\/pt-br\/wp-json\/wp\/v2\/users\/20"}],"replies":[{"embeddable":true,"href":"https:\/\/elmactechnologies.com\/pt-br\/wp-json\/wp\/v2\/comments?post=8900"}],"version-history":[{"count":1,"href":"https:\/\/elmactechnologies.com\/pt-br\/wp-json\/wp\/v2\/pages\/8900\/revisions"}],"predecessor-version":[{"id":8901,"href":"https:\/\/elmactechnologies.com\/pt-br\/wp-json\/wp\/v2\/pages\/8900\/revisions\/8901"}],"wp:attachment":[{"href":"https:\/\/elmactechnologies.com\/pt-br\/wp-json\/wp\/v2\/media?parent=8900"}],"curies":[{"name":"wp","href":"https:\/\/api.w.org\/{rel}","templated":true}]}}