

{"id":9060,"date":"2017-12-07T11:43:46","date_gmt":"2017-12-07T11:43:46","guid":{"rendered":"https:\/\/elmactechnologies.com\/expertise\/"},"modified":"2021-01-25T09:54:54","modified_gmt":"2021-01-25T09:54:54","slug":"experiencia","status":"publish","type":"page","link":"https:\/\/elmactechnologies.com\/pt-br\/experiencia\/","title":{"rendered":"Experi\u00eancia"},"content":{"rendered":"<p>Elmac \u00e9 a marca preferida do engenheiro no mercado global de Corta-Chamas e prote\u00e7\u00e3o de tanques.<\/p>\n<p>Os tr\u00eas pilares de nossa proposta de valor exclusiva focam em nossos recursos de produtos inovadores, os benef\u00edcios operacionais para nossos clientes e, por \u00faltimo, mas n\u00e3o menos importante, a experi\u00eancia de nossa equipe t\u00e9cnica, que tem muitos anos de experi\u00eancia em primeira m\u00e3o no setor com habilidades incompar\u00e1veis de resolu\u00e7\u00e3o de problemas.<\/p>\n","protected":false},"excerpt":{"rendered":"<p>Elmac \u00e9 a marca preferida do engenheiro no mercado global de Corta-Chamas e prote\u00e7\u00e3o de tanques. Os tr\u00eas pilares de nossa proposta de valor exclusiva focam em nossos recursos de produtos inovadores, os benef\u00edcios operacionais para nossos clientes e, por \u00faltimo, mas n\u00e3o menos importante, a experi\u00eancia de nossa equipe t\u00e9cnica, que tem muitos anos [&hellip;]<\/p>\n","protected":false},"author":20,"featured_media":9062,"parent":0,"menu_order":0,"comment_status":"closed","ping_status":"closed","template":"template-static-content.php","meta":{"_acf_changed":false,"footnotes":""},"class_list":["post-9060","page","type-page","status-publish","has-post-thumbnail","hentry"],"acf":[],"_links":{"self":[{"href":"https:\/\/elmactechnologies.com\/pt-br\/wp-json\/wp\/v2\/pages\/9060","targetHints":{"allow":["GET"]}}],"collection":[{"href":"https:\/\/elmactechnologies.com\/pt-br\/wp-json\/wp\/v2\/pages"}],"about":[{"href":"https:\/\/elmactechnologies.com\/pt-br\/wp-json\/wp\/v2\/types\/page"}],"author":[{"embeddable":true,"href":"https:\/\/elmactechnologies.com\/pt-br\/wp-json\/wp\/v2\/users\/20"}],"replies":[{"embeddable":true,"href":"https:\/\/elmactechnologies.com\/pt-br\/wp-json\/wp\/v2\/comments?post=9060"}],"version-history":[{"count":3,"href":"https:\/\/elmactechnologies.com\/pt-br\/wp-json\/wp\/v2\/pages\/9060\/revisions"}],"predecessor-version":[{"id":9691,"href":"https:\/\/elmactechnologies.com\/pt-br\/wp-json\/wp\/v2\/pages\/9060\/revisions\/9691"}],"wp:featuredmedia":[{"embeddable":true,"href":"https:\/\/elmactechnologies.com\/pt-br\/wp-json\/wp\/v2\/media\/9062"}],"wp:attachment":[{"href":"https:\/\/elmactechnologies.com\/pt-br\/wp-json\/wp\/v2\/media?parent=9060"}],"curies":[{"name":"wp","href":"https:\/\/api.w.org\/{rel}","templated":true}]}}