

{"id":9103,"date":"2017-11-20T16:40:10","date_gmt":"2017-11-20T16:40:10","guid":{"rendered":"https:\/\/elmactechnologies.com\/industries\/"},"modified":"2021-01-25T12:33:25","modified_gmt":"2021-01-25T12:33:25","slug":"industrias","status":"publish","type":"page","link":"https:\/\/elmactechnologies.com\/pt-br\/industrias\/","title":{"rendered":"Ind\u00fastrias"},"content":{"rendered":"<p>Nossos produtos inovadores e melhores da classe s\u00e3o usados \u200b\u200bpor nossa base de clientes global em uma ampla gama de setores de aplica\u00e7\u00e3o nos ambientes industriais mais desafiadores.\u00a0Foi assim que fizemos nosso nome.\u00a0Foi assim que constru\u00edmos uma reputa\u00e7\u00e3o mundial como a marca preferida do engenheiro no mercado global de Corta-Chamas e prote\u00e7\u00e3o de tanques.\u00a0Qualquer que seja o seu setor, os tr\u00eas pilares de nossa proposta de valor exclusivo que voc\u00ea pode esperar s\u00e3o os recursos de nossos produtos inovadores, os benef\u00edcios operacionais e a experi\u00eancia de nossa equipe t\u00e9cnica &#8211; com muitos anos de experi\u00eancia em primeira m\u00e3o no setor e habilidades incompar\u00e1veis \u200b\u200bde resolu\u00e7\u00e3o de problemas.<\/p>\n","protected":false},"excerpt":{"rendered":"<p>Nossos produtos inovadores e melhores da classe s\u00e3o usados \u200b\u200bpor nossa base de clientes global em uma ampla gama de setores de aplica\u00e7\u00e3o nos ambientes industriais mais desafiadores.\u00a0Foi assim que fizemos nosso nome.\u00a0Foi assim que constru\u00edmos uma reputa\u00e7\u00e3o mundial como a marca preferida do engenheiro no mercado global de Corta-Chamas e prote\u00e7\u00e3o de tanques.\u00a0Qualquer que [&hellip;]<\/p>\n","protected":false},"author":20,"featured_media":9104,"parent":0,"menu_order":0,"comment_status":"closed","ping_status":"closed","template":"template-industries.php","meta":{"_acf_changed":false,"footnotes":""},"class_list":["post-9103","page","type-page","status-publish","has-post-thumbnail","hentry"],"acf":[],"_links":{"self":[{"href":"https:\/\/elmactechnologies.com\/pt-br\/wp-json\/wp\/v2\/pages\/9103","targetHints":{"allow":["GET"]}}],"collection":[{"href":"https:\/\/elmactechnologies.com\/pt-br\/wp-json\/wp\/v2\/pages"}],"about":[{"href":"https:\/\/elmactechnologies.com\/pt-br\/wp-json\/wp\/v2\/types\/page"}],"author":[{"embeddable":true,"href":"https:\/\/elmactechnologies.com\/pt-br\/wp-json\/wp\/v2\/users\/20"}],"replies":[{"embeddable":true,"href":"https:\/\/elmactechnologies.com\/pt-br\/wp-json\/wp\/v2\/comments?post=9103"}],"version-history":[{"count":1,"href":"https:\/\/elmactechnologies.com\/pt-br\/wp-json\/wp\/v2\/pages\/9103\/revisions"}],"predecessor-version":[{"id":9105,"href":"https:\/\/elmactechnologies.com\/pt-br\/wp-json\/wp\/v2\/pages\/9103\/revisions\/9105"}],"wp:featuredmedia":[{"embeddable":true,"href":"https:\/\/elmactechnologies.com\/pt-br\/wp-json\/wp\/v2\/media\/9104"}],"wp:attachment":[{"href":"https:\/\/elmactechnologies.com\/pt-br\/wp-json\/wp\/v2\/media?parent=9103"}],"curies":[{"name":"wp","href":"https:\/\/api.w.org\/{rel}","templated":true}]}}