

{"id":9108,"date":"2017-09-21T09:59:27","date_gmt":"2017-09-21T08:59:27","guid":{"rendered":"https:\/\/elmactechnologies.com\/privacy\/"},"modified":"2021-01-25T12:39:29","modified_gmt":"2021-01-25T12:39:29","slug":"privacidade","status":"publish","type":"page","link":"https:\/\/elmactechnologies.com\/pt-br\/privacidade\/","title":{"rendered":"Privacidade"},"content":{"rendered":"<p><strong>A Elmac Technologies \u00e9 membro do Elmac Group, uma organiza\u00e7\u00e3o comprometida em garantir que suas informa\u00e7\u00f5es pessoais est\u00e3o seguras e protegidas.<\/strong><\/p>\n<p>Usamos uma s\u00e9rie de medidas para proteger qualquer informa\u00e7\u00e3o que voc\u00ea enviar para n\u00f3s, e queremos que voc\u00ea saiba que sempre que solicitarmos seus dados de contato pessoal, s\u00f3 usaremos para fornecer informa\u00e7\u00f5es relevantes sobre nossa organiza\u00e7\u00e3o e\/ou nossa capacidade de satisfazer suas necessidades.<\/p>\n<p>Se voc\u00ea nos forneceu detalhes pessoais para acessar nosso data center, essas informa\u00e7\u00f5es tamb\u00e9m ser\u00e3o retidas de forma segura. S\u00f3 divulgaremos essas informa\u00e7\u00f5es se solicitados por lei ou regulamento para assuntos relativos \u00e0 aplica\u00e7\u00e3o da lei, a\u00e7\u00e3o legal ou preven\u00e7\u00e3o de fraudes. Exceto como descrito, n\u00e3o divulgaremos suas informa\u00e7\u00f5es pessoais a terceiros, a menos que voc\u00ea tenha fornecido seu consentimento expresso por escrito.<\/p>\n<p>Ocasionalmente, podemos enviar informa\u00e7\u00f5es de empresas parceiras cuidadosamente selecionadas. No entanto, nunca venderemos, negociaremos ou alugaremos suas informa\u00e7\u00f5es para outras organiza\u00e7\u00f5es.<\/p>\n<h5>OS DADOS COLETADOS COMPREENDEM:<\/h5>\n<ul>\n<li>As informa\u00e7\u00f5es que voc\u00ea nos d\u00e1 para que forne\u00e7amos detalhes e especifica\u00e7\u00f5es do produto para atender \u00e0s suas ordens e solicita\u00e7\u00f5es espec\u00edficas de servi\u00e7o<\/li>\n<li>Informa\u00e7\u00f5es an\u00f4nimas sobre o seu uso do nosso site que podem incluir: as p\u00e1ginas que voc\u00ea visitou, o tipo de navegador que voc\u00ea usou e todos os arquivos que voc\u00ea baixou do nosso Data Center. Usamos essas informa\u00e7\u00f5es para melhorar continuamente a qualidade das informa\u00e7\u00f5es que fornecemos e para melhorar a usabilidade do nosso site.<\/li>\n<\/ul>\n<h5>AS INFORMA\u00c7\u00d5ES PESSOAIS QUE VOC\u00ca FORNECE NOS PERMITIR\u00c3O:<\/h5>\n<ul>\n<li>Ajude a fornecer informa\u00e7\u00f5es, servi\u00e7os e suporte do produto<\/li>\n<li>Envie informa\u00e7\u00f5es como atualiza\u00e7\u00f5es de produtos e seguran\u00e7a, materiais promocionais e pesquisas com clientes, etc., e para<\/li>\n<li>Desenvolver ainda mais nossos produtos e servi\u00e7os<\/li>\n<\/ul>\n<h5>ATUALIZAR OU EXCLUIR SUAS INFORMA\u00c7\u00d5ES PESSOAIS<\/h5>\n<p>A qualquer momento voc\u00ea pode nos instruir a parar de entrar em contato com voc\u00ea por meios telef\u00f4nicos, postes ou eletr\u00f4nicos e tamb\u00e9m para excluir qualquer informa\u00e7\u00e3o pessoal que o Grupo Elmac tenha sobre voc\u00ea. Voc\u00ea tamb\u00e9m pode nos pedir para corrigir ou atualizar suas informa\u00e7\u00f5es pessoais.<\/p>\n<p>Para verificar seus dados de contato, atualiz\u00e1-los ou cancelar a inscri\u00e7\u00e3o de receber comunica\u00e7\u00f5es de empresas do Grupo Elmac, envie um e-mail para info@elmactechnologies.com ou ligue para +44 1352 717667. Para entrar em contato conosco sobre qualquer problema de privacidade, envie um e-mail para webmaster@elmactechnologies.com.<\/p>\n<h5>NOSSO USO DE COOKIES<\/h5>\n<p>Cookies s\u00e3o pequenos arquivos de texto que s\u00e3o colocados em seu computador por sites que voc\u00ea visita. Eles s\u00e3o amplamente utilizados para fazer os sites funcionarem, ou trabalharem de forma mais eficiente, bem como para fornecer informa\u00e7\u00f5es aos propriet\u00e1rios do site. A maioria dos navegadores da Web permite algum controle da maioria dos cookies atrav\u00e9s das configura\u00e7\u00f5es do navegador.<\/p>\n<p>Para saber mais sobre cookies, incluindo como ver quais cookies foram definidos e como gerenci\u00e1-los e exclu\u00ed-los, visite\u00a0<a class=\"t_underline\" href=\"https:\/\/ssl.microsofttranslator.com\/bv.aspx?ref=TAns&amp;from=&amp;to=pt&amp;a=www.allaboutcookies.org\" target=\"_blank\" rel=\"noopener\" data-bm=\"56\">www.allaboutcookies.org<\/a>\u00a0As informa\u00e7\u00f5es abaixo listam os cookies usados no\u00a0<a class=\"t_underline\" href=\"https:\/\/ssl.microsofttranslator.com\/bv.aspx?ref=TAns&amp;from=&amp;to=pt&amp;a=www.elmactechnologies.com\" target=\"_blank\" rel=\"noopener\" data-bm=\"57\">www.elmactechnologies.com<\/a>\u00a0e explicam quais s\u00e3o.<\/p>\n<p>__utma<\/p>\n<p>Conte\u00fado t\u00edpico: n\u00famero gerado aleatoriamente.<br \/>\nExpira: 2 anos<\/p>\n<p>__utmb<\/p>\n<p>Conte\u00fado t\u00edpico: n\u00famero gerado aleatoriamente.<br \/>\nExpira: 30 minutos<\/p>\n<p>__utmc<\/p>\n<p>Conte\u00fado t\u00edpico: n\u00famero gerado aleatoriamente.<br \/>\nExpira: Quando o usu\u00e1rio sai do navegador<\/p>\n<p>__utmz<\/p>\n<p>Conte\u00fado t\u00edpico: N\u00famero gerado aleatoriamente + informa\u00e7\u00f5es sobre como o site foi alcan\u00e7ado (por exemplo, diretamente ou atrav\u00e9s de um link, pesquisa org\u00e2nica ou pesquisa paga).<br \/>\nExpira: 6 meses<\/p>\n<p>Siga este link para uma vis\u00e3o geral da privacidade no Google:\u00a0<a class=\"t_underline\" href=\"https:\/\/ssl.microsofttranslator.com\/bv.aspx?ref=TAns&amp;from=&amp;to=pt&amp;a=http%3A%2F%2Fwww.google.co.uk%2Fintl%2Fen%2Fanalytics%2Fprivacyoverview.htmlGoogle\" target=\"_blank\" rel=\"noopener\">http:\/\/www.google.co.uk\/intl\/en\/analytics\/privacyoverview.htmlGoogle<\/a>\u00a0os cookies do Analytics s\u00e3o usados para coletar informa\u00e7\u00f5es sobre como os visitantes usam nosso site. Usamos as informa\u00e7\u00f5es para compilar relat\u00f3rios e nos ajudar a melhorar o site. Os cookies coletam informa\u00e7\u00f5es de forma an\u00f4nima, incluindo o n\u00famero de visitantes do site, onde os visitantes chegaram ao site e as p\u00e1ginas que visitaram neste site.<\/p>\n<p>Para n\u00e3o ser rastreado pelo Google Analytics em todos os sites, visite\u00a0<a class=\"t_underline\" href=\"https:\/\/ssl.microsofttranslator.com\/bv.aspx?ref=TAns&amp;from=&amp;to=pt&amp;a=http%3A%2F%2Ftools.google.com%2Fdlpage%2Fgaoptout\" target=\"_blank\" rel=\"noopener\">http:\/\/tools.google.com\/dlpage\/gaoptout<\/a><\/p>\n<h5>LINKS DE TERCEIROS<\/h5>\n<p>Gostar\u00edamos, no entanto, de salientar que n\u00e3o podemos ser responsabilizados pelas pr\u00e1ticas de privacidade ou conte\u00fado de qualquer site de terceiros que possa estar vinculado aos sites do nosso Grupo.<\/p>\n<h5>Conte\u00fado<\/h5>\n<p>Todo o conte\u00fado do site da Elmac Technologies \u00e9 protegido por direitos autorais como um trabalho coletivo sob a lei brit\u00e2nica e \u00e9 propriedade do Grupo Elmac.<\/p>\n<h5>Indeniza\u00e7\u00e3o<\/h5>\n<p>Ao usar este site, voc\u00ea concorda em indenizar, defender e manter inofensivo, o Grupo Elmac, suas empresas, diretores, diretores, funcion\u00e1rios, agentes e fornecedores de e contra todas as reivindica\u00e7\u00f5es, perdas, despesas, danos e custos, incluindo, sem limita\u00e7\u00e3o, todos os honor\u00e1rios legais razo\u00e1veis decorrentes ou relativos de qualquer forma ao uso dos sites do Grupo Elmac.<\/p>\n<p>Entre em contato com o representante da Elmac Technologies ou do Grupo Elmac se tiver d\u00favidas sobre esta declara\u00e7\u00e3o de privacidade. Por favor, consulte tamb\u00e9m esta p\u00e1gina periodicamente, pois nossa pol\u00edtica de privacidade pode mudar ocasionalmente.<\/p>\n","protected":false},"excerpt":{"rendered":"<p>A Elmac Technologies \u00e9 membro do Elmac Group, uma organiza\u00e7\u00e3o comprometida em garantir que suas informa\u00e7\u00f5es pessoais est\u00e3o seguras e protegidas. Usamos uma s\u00e9rie de medidas para proteger qualquer informa\u00e7\u00e3o que voc\u00ea enviar para n\u00f3s, e queremos que voc\u00ea saiba que sempre que solicitarmos seus dados de contato pessoal, s\u00f3 usaremos para fornecer informa\u00e7\u00f5es relevantes [&hellip;]<\/p>\n","protected":false},"author":20,"featured_media":0,"parent":0,"menu_order":0,"comment_status":"closed","ping_status":"closed","template":"","meta":{"_acf_changed":false,"footnotes":""},"class_list":["post-9108","page","type-page","status-publish","hentry"],"acf":[],"_links":{"self":[{"href":"https:\/\/elmactechnologies.com\/pt-br\/wp-json\/wp\/v2\/pages\/9108","targetHints":{"allow":["GET"]}}],"collection":[{"href":"https:\/\/elmactechnologies.com\/pt-br\/wp-json\/wp\/v2\/pages"}],"about":[{"href":"https:\/\/elmactechnologies.com\/pt-br\/wp-json\/wp\/v2\/types\/page"}],"author":[{"embeddable":true,"href":"https:\/\/elmactechnologies.com\/pt-br\/wp-json\/wp\/v2\/users\/20"}],"replies":[{"embeddable":true,"href":"https:\/\/elmactechnologies.com\/pt-br\/wp-json\/wp\/v2\/comments?post=9108"}],"version-history":[{"count":1,"href":"https:\/\/elmactechnologies.com\/pt-br\/wp-json\/wp\/v2\/pages\/9108\/revisions"}],"predecessor-version":[{"id":9110,"href":"https:\/\/elmactechnologies.com\/pt-br\/wp-json\/wp\/v2\/pages\/9108\/revisions\/9110"}],"wp:attachment":[{"href":"https:\/\/elmactechnologies.com\/pt-br\/wp-json\/wp\/v2\/media?parent=9108"}],"curies":[{"name":"wp","href":"https:\/\/api.w.org\/{rel}","templated":true}]}}