

{"id":9113,"date":"2020-03-17T10:59:01","date_gmt":"2020-03-17T10:59:01","guid":{"rendered":"https:\/\/elmactechnologies.com\/services\/"},"modified":"2021-08-03T17:35:31","modified_gmt":"2021-08-03T16:35:31","slug":"servicos","status":"publish","type":"page","link":"https:\/\/elmactechnologies.com\/pt-br\/servicos\/","title":{"rendered":"Servi\u00e7os"},"content":{"rendered":"<p>Os Corta-Chamas desempenham um papel fundamental ao ajudar a proteger as pessoas, propriedades e o meio ambiente de danos causados \u200b\u200bpor explos\u00f5es ou igni\u00e7\u00e3o de gases inflam\u00e1veis.&nbsp;No entanto, para que o equipamento funcione de maneira eficaz, \u00e9 necess\u00e1rio um programa de inspe\u00e7\u00e3o e manuten\u00e7\u00e3o regulares para garantir que os&nbsp;<a href=\"https:\/\/elmactechnologies.com\/what-is-a-flame-arrester-guide\/\">corta-chamas<\/a>&nbsp;funcionem de maneira eficaz.&nbsp;A falha em inspecionar e realizar manuten\u00e7\u00e3o nos produtos regularmente cria um risco potencial de explos\u00e3o.<\/p>\n<p>Portanto, \u00e9 importante garantir que os produtos estejam corretamente instalados e especificados para as condi\u00e7\u00f5es operacionais em que ser\u00e3o usados.&nbsp;Os produtos devem ser mantidos em bom estado de conserva\u00e7\u00e3o, sem evid\u00eancias de danos mec\u00e2nicos, corros\u00e3o ou bloqueios, algum ou todos eles possam comprometer seu desempenho.<\/p>\n<p style=\"background-color: #ee7601; border: 1px white solid; padding: 10px;\">Registre seu produto na Elmac Technologies para receber descontos exclusivos em futuros pedidos de pe\u00e7as sobressalentes e <strong> entre em nosso sorteio de pr\u00eamios para ganhar um iPad Pro at\u00e9 31 de dezembro de 2021 <\/strong> (T&amp;Cs se aplicam). O formul\u00e1rio levar\u00e1 aproximadamente 2 minutos para ser conclu\u00eddo.<br \/>\n<a class=\"ghost-button blue-ghost-button\" style=\"margin-top: 20px; margin-bottom: 20px; border: 1px solid white; background-color: #0059aa;\" href=\"https:\/\/forms.office.com\/pages\/responsepage.aspx?id=1E-Qn5KlmEaiicjgm2im6H_EFp8NcOxPqrwtRWZw8-pURUI0RTBZOFcwNkFIODNJUk9ZR0NFREFBNC4u\" target=\"_blank\" rel=\"noopener\">Registre-se aqui <i class=\"fa fa-angle-right\"><\/i><\/a><\/p>\n<style>\n.copy .blue-ghost-button:hover {<br \/>\nbackground-color:white !important;<br \/>\ncolor:#0059aa !important;<br \/>\n}<br \/>\n<\/style>\n","protected":false},"excerpt":{"rendered":"<p>Os Corta-Chamas desempenham um papel fundamental ao ajudar a proteger as pessoas, propriedades e o meio ambiente de danos causados \u200b\u200bpor explos\u00f5es ou igni\u00e7\u00e3o de gases inflam\u00e1veis.&nbsp;No entanto, para que o equipamento funcione de maneira eficaz, \u00e9 necess\u00e1rio um programa de inspe\u00e7\u00e3o e manuten\u00e7\u00e3o regulares para garantir que os&nbsp;corta-chamas&nbsp;funcionem de maneira eficaz.&nbsp;A falha em inspecionar [&hellip;]<\/p>\n","protected":false},"author":20,"featured_media":10486,"parent":0,"menu_order":0,"comment_status":"closed","ping_status":"closed","template":"template-static-content.php","meta":{"_acf_changed":false,"footnotes":""},"class_list":["post-9113","page","type-page","status-publish","has-post-thumbnail","hentry"],"acf":[],"_links":{"self":[{"href":"https:\/\/elmactechnologies.com\/pt-br\/wp-json\/wp\/v2\/pages\/9113","targetHints":{"allow":["GET"]}}],"collection":[{"href":"https:\/\/elmactechnologies.com\/pt-br\/wp-json\/wp\/v2\/pages"}],"about":[{"href":"https:\/\/elmactechnologies.com\/pt-br\/wp-json\/wp\/v2\/types\/page"}],"author":[{"embeddable":true,"href":"https:\/\/elmactechnologies.com\/pt-br\/wp-json\/wp\/v2\/users\/20"}],"replies":[{"embeddable":true,"href":"https:\/\/elmactechnologies.com\/pt-br\/wp-json\/wp\/v2\/comments?post=9113"}],"version-history":[{"count":8,"href":"https:\/\/elmactechnologies.com\/pt-br\/wp-json\/wp\/v2\/pages\/9113\/revisions"}],"predecessor-version":[{"id":11016,"href":"https:\/\/elmactechnologies.com\/pt-br\/wp-json\/wp\/v2\/pages\/9113\/revisions\/11016"}],"wp:featuredmedia":[{"embeddable":true,"href":"https:\/\/elmactechnologies.com\/pt-br\/wp-json\/wp\/v2\/media\/10486"}],"wp:attachment":[{"href":"https:\/\/elmactechnologies.com\/pt-br\/wp-json\/wp\/v2\/media?parent=9113"}],"curies":[{"name":"wp","href":"https:\/\/api.w.org\/{rel}","templated":true}]}}