

{"id":9144,"date":"2018-12-19T11:20:30","date_gmt":"2018-12-19T11:20:30","guid":{"rendered":"https:\/\/elmactechnologies.com\/thank-you\/"},"modified":"2021-01-27T10:31:14","modified_gmt":"2021-01-27T10:31:14","slug":"obrigado","status":"publish","type":"page","link":"https:\/\/elmactechnologies.com\/pt-br\/obrigado\/","title":{"rendered":"Obrigado"},"content":{"rendered":"<p>Obrigado por sua investiga\u00e7\u00e3o, foi encaminhada ao departamento relevante e algu\u00e9m entrar\u00e1 em contato em breve.<\/p>\n","protected":false},"excerpt":{"rendered":"<p>Obrigado por sua investiga\u00e7\u00e3o, foi encaminhada ao departamento relevante e algu\u00e9m entrar\u00e1 em contato em breve.<\/p>\n","protected":false},"author":20,"featured_media":0,"parent":0,"menu_order":0,"comment_status":"closed","ping_status":"closed","template":"template-thankyou.php","meta":{"_acf_changed":false,"footnotes":""},"class_list":["post-9144","page","type-page","status-publish","hentry"],"acf":[],"_links":{"self":[{"href":"https:\/\/elmactechnologies.com\/pt-br\/wp-json\/wp\/v2\/pages\/9144","targetHints":{"allow":["GET"]}}],"collection":[{"href":"https:\/\/elmactechnologies.com\/pt-br\/wp-json\/wp\/v2\/pages"}],"about":[{"href":"https:\/\/elmactechnologies.com\/pt-br\/wp-json\/wp\/v2\/types\/page"}],"author":[{"embeddable":true,"href":"https:\/\/elmactechnologies.com\/pt-br\/wp-json\/wp\/v2\/users\/20"}],"replies":[{"embeddable":true,"href":"https:\/\/elmactechnologies.com\/pt-br\/wp-json\/wp\/v2\/comments?post=9144"}],"version-history":[{"count":1,"href":"https:\/\/elmactechnologies.com\/pt-br\/wp-json\/wp\/v2\/pages\/9144\/revisions"}],"predecessor-version":[{"id":9145,"href":"https:\/\/elmactechnologies.com\/pt-br\/wp-json\/wp\/v2\/pages\/9144\/revisions\/9145"}],"wp:attachment":[{"href":"https:\/\/elmactechnologies.com\/pt-br\/wp-json\/wp\/v2\/media?parent=9144"}],"curies":[{"name":"wp","href":"https:\/\/api.w.org\/{rel}","templated":true}]}}