

{"id":9146,"date":"2017-09-21T09:59:20","date_gmt":"2017-09-21T08:59:20","guid":{"rendered":"https:\/\/elmactechnologies.com\/terms-conditions\/"},"modified":"2021-01-27T10:44:10","modified_gmt":"2021-01-27T10:44:10","slug":"termos-e-condicoes","status":"publish","type":"page","link":"https:\/\/elmactechnologies.com\/pt-br\/termos-e-condicoes\/","title":{"rendered":"Termos e Condi\u00e7\u00f5es"},"content":{"rendered":"<p><strong>Conformidade legal<\/strong><\/p>\n<p>A menos que seja declarado o contr\u00e1rio, a Elmac Technologies \u00e9 o controlador de dados em rela\u00e7\u00e3o a todos os dados pessoais coletados por n\u00f3s neste Site ou de outra forma.\u00a0 Isso significa que somos respons\u00e1veis por garantir que o fa\u00e7amos em total conformidade com a Lei de Prote\u00e7\u00e3o de Dados de 1998 (a ser substitu\u00edda pelo Regulamento Geral de Prote\u00e7\u00e3o de Dados quando entrar em vigor em maio de 2018), todas as outras leis de privacidade relacionadas e quaisquer c\u00f3digos de pr\u00e1tica emitidos pelo Comiss\u00e1rio de Informa\u00e7\u00f5es.<\/p>\n<p><strong>DADOS PESSOAIS QUE COLETAMOS E SUAS FONTES<\/strong><\/p>\n<p>Normalmente coletamos as seguintes informa\u00e7\u00f5es:<\/p>\n<ul>\n<li>seu nome e detalhes de contato<\/li>\n<li>informa\u00e7\u00f5es de m\u00eddia social<\/li>\n<li>detalhes dos bens ou servi\u00e7os que voc\u00ea ordenou ou em que voc\u00ea expressou um interesse<\/li>\n<li>detalhes de quaisquer inqu\u00e9ritos ou pedidos de informa\u00e7\u00f5es que voc\u00ea fez<\/li>\n<li>detalhes dos boletins informativos que voc\u00ea se inscreveu<\/li>\n<li>quando relevantes, detalhes do cart\u00e3o de pagamento ou outras informa\u00e7\u00f5es de pagamento aplic\u00e1veis<\/li>\n<\/ul>\n<p><strong>Fontes<\/strong><\/p>\n<p>Obtemos dados pessoais:<\/p>\n<ul>\n<li>diretamente de voc\u00ea, como quando voc\u00ea se inscreve em qualquer um de nossos servi\u00e7os, nos envie e-mails, [contribua para nossos blogs e f\u00f3runs] [, participe de qualquer um de nossos eventos]<\/li>\n<li>de outra organiza\u00e7\u00e3o, por exemplo, onde voc\u00ea recebe informa\u00e7\u00f5es ou servi\u00e7os de um de nossos fornecedores [(clique aqui para ver nosso Diret\u00f3rio de Fornecedores)]. Essas organiza\u00e7\u00f5es podem compartilhar seus dados pessoais conosco se voc\u00ea permitir que eles o fa\u00e7am<\/li>\n<li>de sites ou aplicativos de m\u00eddia social. Se suas configura\u00e7\u00f5es e prefer\u00eancias permitirem, podemos obter informa\u00e7\u00f5es (incluindo dados pessoais) de servi\u00e7os de m\u00eddia social como Facebook e LinkedIn<\/li>\n<li>de fontes dispon\u00edveis publicamente, como a Companies House.<\/li>\n<\/ul>\n<p><strong>Endere\u00e7os IP e outras informa\u00e7\u00f5es do dispositivo<\/strong><\/p>\n<p>Para entender como os usu\u00e1rios usam este Site e nossos servi\u00e7os, podemos coletar informa\u00e7\u00f5es como detalhes do navegador que voc\u00ea usou, seu sistema operacional, o site que voc\u00ea visitou imediatamente antes de visitar nosso site e seus endere\u00e7os do Protocolo da Internet (tamb\u00e9m conhecidos como endere\u00e7os IP).\u00a0 Seu endere\u00e7o IP \u00e9 um endere\u00e7o exclusivo que dispositivos de computador (como PCs, tablets e smartphones) usam para se identificar e para se comunicar com outros dispositivos da rede.<\/p>\n<p>Usamos essas informa\u00e7\u00f5es para analisar como nosso site \u00e9 acessado e usado para melhorar nosso servi\u00e7o e torn\u00e1-lo relevante para voc\u00ea.<\/p>\n<p><strong>Cookies<\/strong><\/p>\n<p>Em comum com muitos outros operadores de sites, podemos usar a tecnologia padr\u00e3o chamada &#8216;cookies&#8217; neste Site. Os cookies s\u00e3o pequenos peda\u00e7os de informa\u00e7\u00e3o que s\u00e3o armazenados pelo seu navegador no disco r\u00edgido do seu computador e eles s\u00e3o usados para registrar como voc\u00ea navega neste Site em cada visita.<\/p>\n<p>Nossos cookies s\u00e3o usados para nos permitir desenvolver nosso Site e permitir que voc\u00ea navegue corretamente. Usamos cookies para coletar informa\u00e7\u00f5es pessoais para nos permitir entender os interesses de nossos visitantes e notando quem viu quais p\u00e1ginas e an\u00fancios (incluindo qualquer &#8216;clique&#8217; por e-mails), com que frequ\u00eancia p\u00e1ginas espec\u00edficas s\u00e3o visitadas e para nos permitir determinar as \u00e1reas mais populares do nosso Site. Podemos usar cookies para enriquecer sua experi\u00eancia de uso do Site, permitindo-nos adaptar o que voc\u00ea v\u00ea e quais informa\u00e7\u00f5es voc\u00ea recebe onde voc\u00ea concordou em faz\u00ea-lo (veja &#8216;Convites, boletins informativos e oportunidades&#8217; abaixo) para o que aprendemos sobre suas prefer\u00eancias durante suas visitas ao nosso Site. \u00c0s vezes, podemos usar servi\u00e7os de terceiros e eles podem usar cookies em nosso nome para fornecer seus servi\u00e7os.<\/p>\n<p>Os cookies que usamos neste Site s\u00e3o mostrados abaixo:<\/p>\n<table width=\"100%\">\n<tbody>\n<tr>\n<td width=\"153\">Nome do biscoito<\/td>\n<td width=\"90\">Tipo de biscoito<\/td>\n<td width=\"252\">Prop\u00f3sito do biscoito<\/td>\n<\/tr>\n<tr>\n<td width=\"153\">_ga<\/td>\n<td width=\"90\">Terceiros<\/td>\n<td width=\"252\">Para analisar o tr\u00e1fego do site usando um pacote de an\u00e1lise. Dados de uso agregado nos ajudam a melhorar a estrutura do site, design, conte\u00fado e fun\u00e7\u00f5es. Usado para distinguir usu\u00e1rios e tem uma expira\u00e7\u00e3o de 2 anos.<\/td>\n<\/tr>\n<tr>\n<td width=\"153\">_gid<\/td>\n<td width=\"90\">Terceiros<\/td>\n<td width=\"252\">Para analisar o tr\u00e1fego do site usando um pacote de an\u00e1lise. Dados de uso agregado nos ajudam a melhorar a estrutura do site, design, conte\u00fado e fun\u00e7\u00f5es. Usado para distinguir usu\u00e1rios e tem uma expira\u00e7\u00e3o de 24 horas.<\/td>\n<\/tr>\n<tr>\n<td width=\"153\"><em>_gat_<\/em>gtag<\/td>\n<td width=\"90\">Terceiros<\/td>\n<td width=\"252\">Para analisar o tr\u00e1fego do site usando um pacote de an\u00e1lise. Dados de uso agregado nos ajudam a melhorar a estrutura do site, design, conte\u00fado e fun\u00e7\u00f5es. Usado para acelerar solicita\u00e7\u00f5es e tem uma expira\u00e7\u00e3o de 10 minutos<\/td>\n<\/tr>\n<tr>\n<td width=\"153\"><em>wordpress<\/em><\/td>\n<td width=\"90\">Sess\u00e3o<\/td>\n<td width=\"252\">Usado para armazenar seus detalhes de autentica\u00e7\u00e3o quando logado. Seu uso \u00e9 limitado \u00e0 \u00e1rea do console administrativo<\/td>\n<\/tr>\n<tr>\n<td width=\"153\"><em>WordPress_logged_in_<\/em><\/td>\n<td width=\"90\">Sess\u00e3o<\/td>\n<td width=\"252\">Indica quando voc\u00ea est\u00e1 logado e quem voc\u00ea \u00e9.<\/td>\n<\/tr>\n<tr>\n<td width=\"153\"><em>Wp-settings-{time}-[UID]<\/em><\/td>\n<td width=\"90\">\u00a0Sess\u00e3o<\/td>\n<td width=\"252\">Isso \u00e9 usado para personalizar sua vis\u00e3o da interface administrativa e, possivelmente, tamb\u00e9m a interface principal do site, se voc\u00ea estiver logado.<\/td>\n<\/tr>\n<\/tbody>\n<\/table>\n<p>Voc\u00ea tamb\u00e9m pode obter cookies (incluindo cookies Flash) de nossos fornecedores e anunciantes se voc\u00ea clicar em seus links ou an\u00fancios. Al\u00e9m disso, algumas de nossas p\u00e1ginas podem conter conte\u00fado incorporado, como v\u00eddeos do YouTube ou um compartilhamento do Google Plus e voc\u00ea pode receber cookies desses sites. Esses cookies n\u00e3o est\u00e3o sob nosso controle e voc\u00ea deve verificar suas pol\u00edticas de privacidade e seguran\u00e7a para entender como eles os usam.<\/p>\n<p><strong>Impedindo o uso de cookies<\/strong><\/p>\n<p>A maioria dos navegadores aceita cookies automaticamente, mas voc\u00ea geralmente pode alterar seu navegador para evitar que os cookies sejam armazenados. Com a experi\u00eancia, voc\u00ea geralmente pode optar por desligar todos os cookies ou permitir que apenas certos sites &#8216;confi\u00e1veis&#8217; coloquem cookies.<\/p>\n<p>Para obter mais informa\u00e7\u00f5es sobre cookies e cookies Flash e como deslig\u00e1-los, consulte o site do Comiss\u00e1rio de Informa\u00e7\u00f5es em www.ico.org.uk ou visite www.allaboutcookies.org\/ ou www.aboutcookies.org.<\/p>\n<p>OBSERVE QUE, SE VOC\u00ca DESLIGAR OS COOKIES, ISSO LIMITAR\u00c1 O SERVI\u00c7O QUE PODEMOS FORNECER A VOC\u00ca E PODER\u00c1 AFETAR SUA EXPERI\u00caNCIA DE USU\u00c1RIO.<\/p>\n<p><strong>COMO USAREMOS SEUS DADOS PESSOAIS<\/strong><\/p>\n<p>Todos os dados pessoais que obtemos sobre voc\u00ea ser\u00e3o gravados, usados e protegidos por n\u00f3s de acordo com a lei atual de prote\u00e7\u00e3o de dados e esta Pol\u00edtica de Privacidade. Usaremos principalmente os dados pessoais para os seguintes prop\u00f3sitos:<\/p>\n<ul>\n<li>Para fornecer os bens e servi\u00e7os que voc\u00ea solicita (incluindo boletins informativos) e comunicar com voc\u00ea no caso de qualquer um deles n\u00e3o estiver dispon\u00edvel ou se houver uma consulta ou problema com sua solicita\u00e7\u00e3o<\/li>\n<li>pesquisa de mercado. Realizar pesquisas de mercado para que possamos melhorar os bens e servi\u00e7os que oferecemos<\/li>\n<li>Criar um perfil individual para voc\u00ea que inclua a an\u00e1lise de informa\u00e7\u00f5es demogr\u00e1ficas e geogr\u00e1ficas para que possamos melhorar sua experi\u00eancia e relacionamento conosco, entender e respeitar suas prefer\u00eancias e fornecer informa\u00e7\u00f5es e detalhes de outras iniciativas onde voc\u00ea concordou em receb\u00ea-las<\/li>\n<\/ul>\n<p><strong>Consentimento e processamento legal de dados pessoais<\/strong><\/p>\n<p>A base legal para a coleta e uso de seus dados pessoais \u00e9 que voc\u00ea deu seu consentimento e\/ou que \u00e9 de nosso interesse leg\u00edtimo faz\u00ea-lo, a fim de facilitar a administra\u00e7\u00e3o, a pesquisa de mercado e o perfil e seus direitos e liberdades n\u00e3o s\u00e3o prejudicados por isso.<\/p>\n<p><strong>Divulgando seus dados pessoais<\/strong><\/p>\n<p>N\u00e3o vendemos dados pessoais, mas, no entanto, se voc\u00ea solicitar informa\u00e7\u00f5es, produtos ou servi\u00e7os que sejam de um de nossos fornecedores (consulte nosso Diret\u00f3rio de Fornecedores) ou parceiros (veja nossa Lista de Parceiros), compartilharemos seus dados com eles para que eles lidem com sua solicita\u00e7\u00e3o. Atualizamos a Lista de Parceiros e Diret\u00f3rios de Fornecedores regularmente e voc\u00ea pode ver a vers\u00e3o mais atualizada em nossos sites.<\/p>\n<p>A fim de operar nosso site e fornecer nossos produtos e servi\u00e7os, podemos, ocasionalmente, nomear outras organiza\u00e7\u00f5es para realizar algumas das atividades de processamento em nosso nome. Estes podem incluir, por exemplo, hosts de tecnologia e servi\u00e7os de distribui\u00e7\u00e3o de e-mails. \u00a0Nestas circunst\u00e2ncias, garantiremos que seus dados pessoais sejam devidamente protegidos e que sejam usados apenas de acordo com esta Pol\u00edtica de Privacidade.<\/p>\n<p><strong>Venda ou outra aliena\u00e7\u00e3o do nosso neg\u00f3cio<\/strong><\/p>\n<p>Se, por qualquer motivo, descartarmos qualquer parte do nosso neg\u00f3cio, podemos transferir quaisquer registros (que possam incluir seus dados pessoais) para o novo propriet\u00e1rio.<\/p>\n<p><strong>CONVITES, BOLETINS INFORMATIVOS E OPORTUNIDADES<\/strong><\/p>\n<p>A Empresa, nossos Fornecedores e nossos Parceiros gostariam de entrar em contato com voc\u00ea sobre produtos, servi\u00e7os e uma s\u00e9rie de outras iniciativas.\u00a0 Voc\u00ea pode escolher como voc\u00ea recebe isso no formul\u00e1rio do site que voc\u00ea completa.\u00a0\u00a0 Detalhes de como optar ou desativar as informa\u00e7\u00f5es de recebimento est\u00e3o em p\u00e1ginas relevantes deste Site e\/ou na mensagem que voc\u00ea recebe.<\/p>\n<p>Geralmente tentaremos adaptar as comunica\u00e7\u00f5es que enviamos para voc\u00ea para que sejam relevantes e em conson\u00e2ncia com as op\u00e7\u00f5es de prefer\u00eancia escolhidas que fazem parte do perfil pessoal que criaremos para voc\u00ea.<\/p>\n<p><strong>Prefer\u00eancias \/ Inscreva-se \/ Cancelamento de inscri\u00e7\u00e3o<\/strong><\/p>\n<p>Voc\u00ea pode mudar de ideia sobre se deseja receber informa\u00e7\u00f5es a qualquer momento e pode nos dizer suas prefer\u00eancias enviando-nos um e-mail information@elmactech.com ou seguindo as instru\u00e7\u00f5es com cada comunica\u00e7\u00e3o que voc\u00ea recebe.<\/p>\n<p>Observe que pode levar at\u00e9 um m\u00eas para que suas altera\u00e7\u00f5es sejam implementadas e que as comunica\u00e7\u00f5es parem.<\/p>\n<p><strong>SEGURAN\u00c7A DE DADOS<\/strong><\/p>\n<p>Levamos a seguran\u00e7a dos dados pessoais a s\u00e9rio.\u00a0 Empregamos tecnologia de seguran\u00e7a, incluindo firewalls e criptografia para proteger dados pessoais e temos procedimentos em vigor para garantir que nossos sistemas e bancos de dados estejam protegidos contra divulga\u00e7\u00e3o, uso, perda e danos n\u00e3o autorizados.<\/p>\n<p>N\u00f3s s\u00f3 usamos provedores de servi\u00e7os de terceiros onde estamos convencidos de que a seguran\u00e7a que eles fornecem para seus dados pessoais \u00e9 pelo menos t\u00e3o rigorosa quanto n\u00f3s mesmos usamos.<\/p>\n<p><strong>RETEN\u00c7\u00c3O DE DADOS<\/strong><\/p>\n<p>Normalmente manteremos seus dados pessoais por 6 anos ap\u00f3s sua \u00faltima intera\u00e7\u00e3o conosco, ou nosso site.\u00a0 Se considerarmos que voc\u00ea n\u00e3o \u00e9 mais um usu\u00e1rio ativo do nosso Site ou de nossos servi\u00e7os, podemos excluir seus dados pessoais mais cedo do que isso.<\/p>\n<p>Esperamos entrar em contato com voc\u00ea pelo menos a cada dois anos para garantir que voc\u00ea ainda esteja feliz em ouvir de n\u00f3s de acordo com as prefer\u00eancias que voc\u00ea nos forneceu.<\/p>\n<p><strong>TRANSFER\u00caNCIA DE SEUS DADOS PESSOAIS PARA FORA DA EUROPA<\/strong><\/p>\n<p>Para fornecer nossos servi\u00e7os a voc\u00ea, transferimos dados pessoais para [nosso provedor de servi\u00e7os confi\u00e1vel em [especificar onde]]. \u00a0Tomamos as medidas adequadas para garantir que ela esteja protegida de acordo com esta Pol\u00edtica de Privacidade e as leis de privacidade aplic\u00e1veis.<\/p>\n<p>[Alguns de nossos Fornecedores e Parceiros est\u00e3o localizados em regi\u00f5es fora da Europa (nosso Diret\u00f3rio de Fornecedores e Lista de Parceiros mostram a regi\u00e3o mundial para cada um deles).\u00a0\u00a0 Se voc\u00ea concordar conosco fornecendo seus dados aos nossos Fornecedores ou Parceiros, seus dados podem ser transferidos para o relevante para satisfazer seus requisitos.<\/p>\n<p><strong>MUDAN\u00c7AS NESTA POL\u00cdTICA DE PRIVACIDADE<\/strong><\/p>\n<p>As leis e a pr\u00e1tica de privacidade est\u00e3o em constante desenvolvimento e nosso objetivo \u00e9 atender a altos padr\u00f5es.\u00a0 Nossas pol\u00edticas e procedimentos est\u00e3o, portanto, sob revis\u00e3o cont\u00ednua. Podemos, de tempos em tempos, atualizar nossas pol\u00edticas de seguran\u00e7a e privacidade.\u00a0 Se quisermos fazer quaisquer altera\u00e7\u00f5es significativas na forma como usaremos seus dados pessoais entraremos em contato diretamente com voc\u00ea e, se necess\u00e1rio, buscaremos seu consentimento.<\/p>\n<p>Garantiremos que nosso Site tenha nossa pol\u00edtica mais atualizada e sugeriremos que voc\u00ea verifique esta p\u00e1gina periodicamente para revisar nossa vers\u00e3o mais recente.<\/p>\n<p><strong>ATUALIZA\u00c7\u00c3O e CORRE\u00c7\u00c3O DE DADOS PESSOAIS<\/strong><\/p>\n<p>Voc\u00ea pode atualizar ou corrigir seus dados pessoais on-line em [l], ou pode entrar em contato conosco e pedir-nos para faz\u00ea-lo para voc\u00ea (veja a se\u00e7\u00e3o &#8216;Como entrar em contato conosco&#8217; abaixo). Por favor, inclua seu nome e\/ou endere\u00e7o de e-mail quando entrar em contato conosco, pois isso nos ajuda a garantir que aceitamos altera\u00e7\u00f5es apenas da pessoa correta.<\/p>\n<p>N\u00f3s encorajamos voc\u00ea a atualizar prontamente seus dados pessoais se ele mudar.\u00a0 Se voc\u00ea est\u00e1 fornecendo atualiza\u00e7\u00f5es ou corre\u00e7\u00f5es sobre outra pessoa, podemos exigir que voc\u00ea nos forne\u00e7a provas de que voc\u00ea est\u00e1 autorizado a nos fornecer essas informa\u00e7\u00f5es.<\/p>\n<p><strong>SEUS DIREITOS<\/strong><\/p>\n<p>Voc\u00ea tem uma s\u00e9rie de direitos legais em rela\u00e7\u00e3o aos seus dados pessoais.\u00a0 Estes incluem:<\/p>\n<ul>\n<li>O direito de receber uma c\u00f3pia dos dados pessoais que temos sobre voc\u00ea. Exigiremos a comprova\u00e7\u00e3o de identidade e prova de autoridade se a solicita\u00e7\u00e3o vier de algu\u00e9m que n\u00e3o seja a pessoa cujos dados nos pedem para fornecer.\u00a0 Isso garantir\u00e1 que s\u00f3 forne\u00e7amos informa\u00e7\u00f5es \u00e0 pessoa correta.\u00a0 Normalmente esperamos responder \u00e0s solicita\u00e7\u00f5es dentro de 28 dias ap\u00f3s receb\u00ea-las.<\/li>\n<li>retirar o consentimento para o marketing direto. Voc\u00ea pode exercer isso a qualquer momento e pode atualizar suas prefer\u00eancias voc\u00ea mesmo ou pedir-nos para faz\u00ea-lo por voc\u00ea.\u00a0 Consulte a se\u00e7\u00e3o &#8216;Atualizando e corrigindo seus dados pessoais&#8217; acima para obter detalhes.<\/li>\n<li>retirar o consentimento para outros processamentos. Quando a \u00fanica base legal para o processamento de seus dados pessoais \u00e9 que temos seu consentimento para faz\u00ea-lo, voc\u00ea pode retirar seu consentimento para esse processamento a qualquer momento e teremos que parar de processar seus dados pessoais.\u00a0 Por favor, note que isso s\u00f3 afetar\u00e1 uma nova atividade e n\u00e3o significa que o processamento realizado antes de retirar seu consentimento \u00e9 ilegal.<\/li>\n<li>Se voc\u00ea considerar que qualquer um de seus dados pessoais \u00e9 impreciso, voc\u00ea pode corrigi-lo voc\u00ea mesmo ou pedir-nos para faz\u00ea-lo para voc\u00ea (ver se\u00e7\u00e3o &#8216;Atualizando e corrigindo seus dados pessoais&#8217; acima para obter detalhes).<\/li>\n<li>Em circunst\u00e2ncias limitadas, voc\u00ea pode ser capaz de exigir que restrinjamos nosso processamento de seus dados pessoais.\u00a0 Por exemplo, se voc\u00ea considerar que o que temos \u00e9 impreciso e discordamos, o processamento pode ser restrito at\u00e9 que a precis\u00e3o seja verificada.<\/li>\n<li>Quando n\u00e3o temos base legal para guardar seus dados pessoais, voc\u00ea pode nos pedir para exclu\u00ed-los.<\/li>\n<li>Em circunst\u00e2ncias limitadas, voc\u00ea pode ter o direito de ter os dados pessoais que voc\u00ea nos forneceu enviados eletronicamente para voc\u00ea fornecer a outra organiza\u00e7\u00e3o.<\/li>\n<li>para reclamar ao Gabinete do Comiss\u00e1rio de Informa\u00e7\u00f5es. Se voc\u00ea tiver uma preocupa\u00e7\u00e3o ou reclama\u00e7\u00e3o, preferimos que voc\u00ea entre em contato conosco (veja a se\u00e7\u00e3o &#8216;Como entrar em contato conosco&#8217; abaixo) e tentaremos resolv\u00ea-lo para voc\u00ea.\u00a0 Se voc\u00ea quiser fazer uma reclama\u00e7\u00e3o ao Gabinete do Comiss\u00e1rio de Informa\u00e7\u00f5es, voc\u00ea pode encontrar informa\u00e7\u00f5es sobre como fazer isso em ico.org.uk.<\/li>\n<\/ul>\n<p><strong>COMO ENTRAR EM CONTATO CONOSCO<\/strong><\/p>\n<p><strong>Site: \u00a0 \u00a0 \u00a0 \u00a0<\/strong>https:\/\/elmactechnologies.com\/contact-us\/<\/p>\n<p><strong>Email: \u00a0\u00a0\u00a0\u00a0\u00a0\u00a0\u00a0\u00a0\u00a0\u00a0\u00a0\u00a0 <\/strong>information@elmactech.com<\/p>\n<p><strong>Postar: <\/strong>\u00a0\u00a0\u00a0\u00a0\u00a0\u00a0\u00a0\u00a0\u00a0\u00a0\u00a0 Elmac Technologies Ltd, Coast Road, Elmac, Holywell, CH8 9DP<\/p>\n","protected":false},"excerpt":{"rendered":"<p>Conformidade legal A menos que seja declarado o contr\u00e1rio, a Elmac Technologies \u00e9 o controlador de dados em rela\u00e7\u00e3o a todos os dados pessoais coletados por n\u00f3s neste Site ou de outra forma.\u00a0 Isso significa que somos respons\u00e1veis por garantir que o fa\u00e7amos em total conformidade com a Lei de Prote\u00e7\u00e3o de Dados de 1998 [&hellip;]<\/p>\n","protected":false},"author":20,"featured_media":0,"parent":0,"menu_order":0,"comment_status":"closed","ping_status":"closed","template":"","meta":{"_acf_changed":false,"footnotes":""},"class_list":["post-9146","page","type-page","status-publish","hentry"],"acf":[],"_links":{"self":[{"href":"https:\/\/elmactechnologies.com\/pt-br\/wp-json\/wp\/v2\/pages\/9146","targetHints":{"allow":["GET"]}}],"collection":[{"href":"https:\/\/elmactechnologies.com\/pt-br\/wp-json\/wp\/v2\/pages"}],"about":[{"href":"https:\/\/elmactechnologies.com\/pt-br\/wp-json\/wp\/v2\/types\/page"}],"author":[{"embeddable":true,"href":"https:\/\/elmactechnologies.com\/pt-br\/wp-json\/wp\/v2\/users\/20"}],"replies":[{"embeddable":true,"href":"https:\/\/elmactechnologies.com\/pt-br\/wp-json\/wp\/v2\/comments?post=9146"}],"version-history":[{"count":1,"href":"https:\/\/elmactechnologies.com\/pt-br\/wp-json\/wp\/v2\/pages\/9146\/revisions"}],"predecessor-version":[{"id":9148,"href":"https:\/\/elmactechnologies.com\/pt-br\/wp-json\/wp\/v2\/pages\/9146\/revisions\/9148"}],"wp:attachment":[{"href":"https:\/\/elmactechnologies.com\/pt-br\/wp-json\/wp\/v2\/media?parent=9146"}],"curies":[{"name":"wp","href":"https:\/\/api.w.org\/{rel}","templated":true}]}}